{"id":689,"date":"2025-02-12T10:49:59","date_gmt":"2025-02-12T10:49:59","guid":{"rendered":"https:\/\/amesgroup.com.au\/?page_id=689"},"modified":"2025-12-17T16:09:04","modified_gmt":"2025-12-17T05:09:04","slug":"germany","status":"publish","type":"page","link":"https:\/\/amesgroup.com.au\/vi\/germany\/","title":{"rendered":"n\u01b0\u1edbc \u0110\u1ee9c"},"content":{"rendered":"<div data-elementor-type=\"wp-page\" data-elementor-id=\"689\" class=\"elementor elementor-689\" data-elementor-settings=\"{&quot;ha_cmc_init_switcher&quot;:&quot;no&quot;}\" data-elementor-post-type=\"page\">\n\t\t\t\t\t\t<section class=\"elementor-section elementor-top-section elementor-element elementor-element-6fb22889 elementor-section-height-min-height elementor-section-boxed elementor-section-height-default elementor-section-items-middle elementor-invisible\" data-id=\"6fb22889\" data-element_type=\"section\" data-settings=\"{&quot;background_background&quot;:&quot;classic&quot;,&quot;animation&quot;:&quot;fadeIn&quot;,&quot;animation_delay&quot;:300,&quot;_ha_eqh_enable&quot;:false}\">\n\t\t\t\t\t\t<div class=\"elementor-container elementor-column-gap-default\">\n\t\t\t\t\t<div class=\"elementor-column elementor-col-100 elementor-top-column elementor-element elementor-element-1c4f477b\" data-id=\"1c4f477b\" data-element_type=\"column\" data-settings=\"{&quot;background_background&quot;:&quot;classic&quot;}\">\n\t\t\t<div class=\"elementor-widget-wrap elementor-element-populated\">\n\t\t\t\t\t\t<div class=\"elementor-element elementor-element-7de0a11f elementor-widget__width-initial elementor-invisible elementor-widget elementor-widget-heading\" data-id=\"7de0a11f\" data-element_type=\"widget\" data-settings=\"{&quot;_animation&quot;:&quot;fadeInUp&quot;,&quot;_animation_delay&quot;:400}\" data-widget_type=\"heading.default\">\n\t\t\t\t<div class=\"elementor-widget-container\">\n\t\t\t\t\t<h1 class=\"elementor-heading-title elementor-size-default\">n\u01b0\u1edbc \u0110\u1ee9c<\/h1>\t\t\t\t<\/div>\n\t\t\t\t<\/div>\n\t\t\t\t<div class=\"elementor-element elementor-element-72c9ac3c ha-has-bg-overlay elementor-invisible elementor-widget elementor-widget-heading\" data-id=\"72c9ac3c\" data-element_type=\"widget\" data-settings=\"{&quot;_animation&quot;:&quot;fadeInUp&quot;,&quot;_animation_delay&quot;:400}\" data-widget_type=\"heading.default\">\n\t\t\t\t<div class=\"elementor-widget-container\">\n\t\t\t\t\t<h1 class=\"elementor-heading-title elementor-size-default\">\u0110\u1ea7u t\u01b0 cho t\u01b0\u01a1ng lai c\u1ee7a b\u1ea1n: Gi\u00e1o d\u1ee5c ch\u1ea5t l\u01b0\u1ee3ng v\u00e0 c\u01a1 h\u1ed9i ngh\u1ec1 nghi\u1ec7p<\/h1>\t\t\t\t<\/div>\n\t\t\t\t<\/div>\n\t\t\t\t\t<\/div>\n\t\t<\/div>\n\t\t\t\t\t<\/div>\n\t\t<\/section>\n\t\t\t\t<section class=\"elementor-section elementor-top-section elementor-element elementor-element-49531c00 elementor-section-boxed elementor-section-height-default elementor-section-height-default\" data-id=\"49531c00\" data-element_type=\"section\" data-settings=\"{&quot;_ha_eqh_enable&quot;:false}\">\n\t\t\t\t\t\t<div class=\"elementor-container elementor-column-gap-default\">\n\t\t\t\t\t<div class=\"elementor-column elementor-col-100 elementor-top-column elementor-element elementor-element-429bb5d1 elementor-invisible\" data-id=\"429bb5d1\" data-element_type=\"column\" data-settings=\"{&quot;animation&quot;:&quot;fadeIn&quot;}\">\n\t\t\t<div class=\"elementor-widget-wrap elementor-element-populated\">\n\t\t\t\t\t\t<div class=\"elementor-element elementor-element-5aa09655 elementor-widget elementor-widget-heading\" data-id=\"5aa09655\" data-element_type=\"widget\" data-widget_type=\"heading.default\">\n\t\t\t\t<div class=\"elementor-widget-container\">\n\t\t\t\t\t<h2 class=\"elementor-heading-title elementor-size-xl\">T\u1ea1i sao n\u00ean ch\u1ecdn \u0110\u1ee9c \u0111\u1ec3 du h\u1ecdc?<\/h2>\t\t\t\t<\/div>\n\t\t\t\t<\/div>\n\t\t\t\t<div class=\"elementor-element elementor-element-51b0b836 elementor-widget__width-auto elementor-absolute elementor-hidden-mobile elementor-invisible elementor-widget elementor-widget-image\" data-id=\"51b0b836\" data-element_type=\"widget\" data-settings=\"{&quot;_animation&quot;:&quot;bounceIn&quot;,&quot;_animation_delay&quot;:600,&quot;_position&quot;:&quot;absolute&quot;}\" data-widget_type=\"image.default\">\n\t\t\t\t<div class=\"elementor-widget-container\">\n\t\t\t\t\t\t\t\t\t\t\t\t\t\t\t<img decoding=\"async\" src=\"https:\/\/amesgroup.com.au\/wp-content\/uploads\/elementor\/thumbs\/group-happy-young-women-standing-row-scaled-r2dui25hbjhb0rhxwa7efrmrg1goqxgys5qdbqv330.jpg\" title=\"Nh\u00f3m ph\u1ee5 n\u1eef tr\u1ebb vui v\u1ebb \u0111\u1ee9ng th\u00e0nh m\u1ed9t h\u00e0ng.\" alt=\"Group of happy multi-ethnic young women standing in a row. Selected focus.\" loading=\"lazy\" \/>\t\t\t\t\t\t\t\t\t\t\t\t\t\t\t<\/div>\n\t\t\t\t<\/div>\n\t\t\t\t<div class=\"elementor-element elementor-element-1cdbab6c elementor-widget__width-auto elementor-absolute elementor-hidden-mobile elementor-invisible elementor-widget elementor-widget-image\" data-id=\"1cdbab6c\" data-element_type=\"widget\" data-settings=\"{&quot;_animation&quot;:&quot;bounceIn&quot;,&quot;_animation_delay&quot;:600,&quot;_position&quot;:&quot;absolute&quot;}\" data-widget_type=\"image.default\">\n\t\t\t\t<div class=\"elementor-widget-container\">\n\t\t\t\t\t\t\t\t\t\t\t\t\t\t\t<img decoding=\"async\" src=\"https:\/\/amesgroup.com.au\/wp-content\/uploads\/elementor\/thumbs\/group-four-indian-teen-male-students-classmates-spend-time-together-scaled-r2dv5wc4na43gqvdp35s692lstysyl3we5cohdina4.jpg\" title=\"Nh\u00f3m b\u1ed1n nam sinh vi\u00ean \u1ea4n \u0110\u1ed9 tu\u1ed5i teen. C\u00e1c b\u1ea1n c\u00f9ng l\u1edbp d\u00e0nh th\u1eddi gian t\" alt=\"Group of four indian teen male students. Classmates spend time together.\" loading=\"lazy\" \/>\t\t\t\t\t\t\t\t\t\t\t\t\t\t\t<\/div>\n\t\t\t\t<\/div>\n\t\t\t\t<div class=\"elementor-element elementor-element-72eb9578 elementor-widget__width-auto elementor-absolute elementor-hidden-mobile elementor-invisible elementor-widget elementor-widget-image\" data-id=\"72eb9578\" data-element_type=\"widget\" data-settings=\"{&quot;_animation&quot;:&quot;bounceIn&quot;,&quot;_animation_delay&quot;:600,&quot;_position&quot;:&quot;absolute&quot;}\" data-widget_type=\"image.default\">\n\t\t\t\t<div class=\"elementor-widget-container\">\n\t\t\t\t\t\t\t\t\t\t\t\t\t\t\t<img decoding=\"async\" src=\"https:\/\/amesgroup.com.au\/wp-content\/uploads\/elementor\/thumbs\/young-woman-man-with-fun-hair-colors-scaled-r2dv6cbcrzt6hwvt4rady62wyrzksuz6tqba3tfgbc.jpg\" title=\"ng\u01b0\u1eddi ph\u1ee5 n\u1eef tr\u1ebb-\u0111\u00e0n \u00f4ng-v\u1edbi-m\u00e0u-t\u00f3c-vui-v\u1ebb\" alt=\"young-woman-man-with-fun-hair-colors\" loading=\"lazy\" \/>\t\t\t\t\t\t\t\t\t\t\t\t\t\t\t<\/div>\n\t\t\t\t<\/div>\n\t\t\t\t<div class=\"elementor-element elementor-element-4a84ef8c elementor-widget__width-auto elementor-absolute elementor-hidden-mobile elementor-invisible elementor-widget elementor-widget-image\" data-id=\"4a84ef8c\" data-element_type=\"widget\" data-settings=\"{&quot;_animation&quot;:&quot;bounceIn&quot;,&quot;_animation_delay&quot;:600,&quot;_position&quot;:&quot;absolute&quot;}\" data-widget_type=\"image.default\">\n\t\t\t\t<div class=\"elementor-widget-container\">\n\t\t\t\t\t\t\t\t\t\t\t\t\t\t\t<img decoding=\"async\" src=\"https:\/\/amesgroup.com.au\/wp-content\/uploads\/elementor\/thumbs\/angelina-litvin-39774-unsplash-r0r8e5b5k9gih7lvp845fqo96cywrpr6lg2h1fz868.jpg\" title=\"angelina-litvin-39774-unsplash.jpg\" alt=\"angelina-litvin-39774-unsplash.jpg\" loading=\"lazy\" \/>\t\t\t\t\t\t\t\t\t\t\t\t\t\t\t<\/div>\n\t\t\t\t<\/div>\n\t\t\t\t<div class=\"elementor-element elementor-element-1a9bfcc2 elementor-widget elementor-widget-text-editor\" data-id=\"1a9bfcc2\" data-element_type=\"widget\" data-widget_type=\"text-editor.default\">\n\t\t\t\t<div class=\"elementor-widget-container\">\n\t\t\t\t\t\t\t\t\t<ul><li data-sourcepos=\"9:1-9:228\"><strong>Gi\u00e1o d\u1ee5c \u0111\u1eb3ng c\u1ea5p th\u1ebf gi\u1edbi:<\/strong> C\u00e1c tr\u01b0\u1eddng \u0111\u1ea1i h\u1ecdc \u0110\u1ee9c n\u1ed5i ti\u1ebfng to\u00e0n c\u1ea7u v\u1ec1 s\u1ef1 xu\u1ea5t s\u1eafc trong h\u1ecdc thu\u1eadt, nghi\u00ean c\u1ee9u nghi\u00eam ng\u1eb7t v\u00e0 c\u01a1 s\u1edf v\u1eadt ch\u1ea5t ti\u00ean ti\u1ebfn. Nhi\u1ec1u t\u1ed5 ch\u1ee9c t\u1ef1 h\u00e0o c\u00f3 th\u1ee9 h\u1ea1ng cao trong c\u00e1c so s\u00e1nh \u0111\u1ea1i h\u1ecdc qu\u1ed1c t\u1ebf.<\/li><li data-sourcepos=\"10:1-10:222\"><strong>H\u1ecdc ph\u00ed ph\u1ea3i ch\u0103ng:<\/strong> \u0110\u1ee9c c\u00f3 l\u1ee3i th\u1ebf \u0111\u00e1ng k\u1ec3 khi nhi\u1ec1u tr\u01b0\u1eddng \u0111\u1ea1i h\u1ecdc c\u00f4ng l\u1eadp kh\u00f4ng thu h\u1ecdc ph\u00ed, ngay c\u1ea3 \u0111\u1ed1i v\u1edbi sinh vi\u00ean qu\u1ed1c t\u1ebf. \u0110i\u1ec1u n\u00e0y gi\u00fap vi\u1ec7c theo \u0111u\u1ed5i gi\u00e1o d\u1ee5c \u0111\u1ea1i h\u1ecdc d\u1ec5 ti\u1ebfp c\u1eadn h\u01a1n \u0111\u00e1ng k\u1ec3.<\/li><li data-sourcepos=\"11:1-11:174\"><strong>Ch\u1ea5t l\u01b0\u1ee3ng cu\u1ed9c s\u1ed1ng cao:<\/strong> \u0110\u1ee9c n\u1ed5i ti\u1ebfng v\u1edbi m\u1ee9c s\u1ed1ng cao, c\u01a1 s\u1edf h\u1ea1 t\u1ea7ng tuy\u1ec7t v\u1eddi, giao th\u00f4ng c\u00f4ng c\u1ed9ng hi\u1ec7u qu\u1ea3 v\u00e0 m\u1ea1ng l\u01b0\u1edbi an sinh x\u00e3 h\u1ed9i v\u1eefng m\u1ea1nh.<\/li><li data-sourcepos=\"12:1-12:206\"><strong>C\u01a1 h\u1ed9i nghi\u00ean c\u1ee9u:<\/strong> \u0110\u1ee9c l\u00e0 trung t\u00e2m nghi\u00ean c\u1ee9u v\u00e0 ph\u00e1t tri\u1ec3n, mang \u0111\u1ebfn nhi\u1ec1u c\u01a1 h\u1ed9i cho sinh vi\u00ean tham gia v\u00e0o c\u00e1c d\u1ef1 \u00e1n nghi\u00ean c\u1ee9u ti\u00ean ti\u1ebfn v\u00e0 h\u1ee3p t\u00e1c v\u1edbi c\u00e1c h\u1ecdc gi\u1ea3 h\u00e0ng \u0111\u1ea7u.<\/li><li data-sourcepos=\"13:1-13:217\"><strong>N\u1ec1n kinh t\u1ebf m\u1ea1nh m\u1ebd:<\/strong> \u0110\u1ee9c t\u1ef1 h\u00e0o c\u00f3 n\u1ec1n kinh t\u1ebf m\u1ea1nh m\u1ebd v\u1edbi nhu c\u1ea7u cao v\u1ec1 c\u00e1c chuy\u00ean gia l\u00e0nh ngh\u1ec1. \u0110i\u1ec1u n\u00e0y mang l\u1ea1i tri\u1ec3n v\u1ecdng ngh\u1ec1 nghi\u1ec7p tuy\u1ec7t v\u1eddi cho sinh vi\u00ean qu\u1ed1c t\u1ebf mu\u1ed1n l\u00e0m vi\u1ec7c t\u1ea1i \u0110\u1ee9c sau khi h\u1ecdc xong.<\/li><li data-sourcepos=\"14:1-14:255\"><strong>H\u00f2a nh\u1eadp v\u0103n h\u00f3a:<\/strong> \u0110\u1ee9c mang \u0111\u1ebfn tr\u1ea3i nghi\u1ec7m v\u0103n h\u00f3a phong ph\u00fa, v\u1edbi nh\u1eefng th\u00e0nh ph\u1ed1 s\u00f4i \u0111\u1ed9ng, c\u00e1c \u0111\u1ecba danh l\u1ecbch s\u1eed v\u00e0 m\u1ed9t x\u00e3 h\u1ed9i \u0111a d\u1ea1ng. Sinh vi\u00ean c\u00f3 th\u1ec3 \u0111\u1eafm m\u00ecnh v\u00e0o v\u0103n h\u00f3a \u0110\u1ee9c, kh\u00e1m ph\u00e1 nh\u1eefng g\u00f3c nh\u00ecn m\u1edbi v\u00e0 x\u00e2y d\u1ef1ng c\u00e1c m\u1ea1ng l\u01b0\u1edbi qu\u1ed1c t\u1ebf c\u00f3 gi\u00e1 tr\u1ecb.<\/li><li data-sourcepos=\"15:1-16:0\"><strong>C\u01a1 h\u1ed9i xin th\u1ecb th\u1ef1c:<\/strong> \u0110\u1ee9c cung c\u1ea5p nhi\u1ec1u lo\u1ea1i th\u1ecb th\u1ef1c cho sinh vi\u00ean qu\u1ed1c t\u1ebf, bao g\u1ed3m th\u1ecb th\u1ef1c du h\u1ecdc, th\u1ecb th\u1ef1c lao \u0111\u1ed9ng v\u00e0 gi\u1ea5y ph\u00e9p l\u00e0m vi\u1ec7c sau khi h\u1ecdc, gi\u00fap b\u1ea1n d\u1ec5 d\u00e0ng theo \u0111u\u1ed5i c\u1ea3 m\u1ee5c ti\u00eau h\u1ecdc t\u1eadp v\u00e0 ngh\u1ec1 nghi\u1ec7p t\u1ea1i qu\u1ed1c gia n\u00e0y.<\/li><\/ul>\t\t\t\t\t\t\t\t<\/div>\n\t\t\t\t<\/div>\n\t\t\t\t\t<\/div>\n\t\t<\/div>\n\t\t\t\t\t<\/div>\n\t\t<\/section>\n\t\t\t\t<header class=\"elementor-section elementor-top-section elementor-element elementor-element-47d1d26a elementor-section-height-min-height elementor-section-full_width elementor-section-height-default elementor-section-items-middle\" data-id=\"47d1d26a\" data-element_type=\"section\" data-settings=\"{&quot;background_background&quot;:&quot;classic&quot;,&quot;_ha_eqh_enable&quot;:false}\">\n\t\t\t\t\t\t\t<div class=\"elementor-background-overlay\"><\/div>\n\t\t\t\t\t\t\t<div class=\"elementor-container elementor-column-gap-default\">\n\t\t\t\t\t<div class=\"elementor-column elementor-col-100 elementor-top-column elementor-element elementor-element-6606d12e\" data-id=\"6606d12e\" data-element_type=\"column\">\n\t\t\t<div class=\"elementor-widget-wrap elementor-element-populated\">\n\t\t\t\t\t\t<div class=\"elementor-element elementor-element-4669ee34 elementor-invisible elementor-widget elementor-widget-heading\" data-id=\"4669ee34\" data-element_type=\"widget\" data-settings=\"{&quot;_animation&quot;:&quot;fadeInDown&quot;}\" data-widget_type=\"heading.default\">\n\t\t\t\t<div class=\"elementor-widget-container\">\n\t\t\t\t\t<h1 class=\"elementor-heading-title elementor-size-default\">\u0110\u1ed1i t\u00e1c c\u1ee7a ch\u00fang t\u00f4i<\/h1>\t\t\t\t<\/div>\n\t\t\t\t<\/div>\n\t\t\t\t\t<\/div>\n\t\t<\/div>\n\t\t\t\t\t<\/div>\n\t\t<\/header>\n\t\t\t\t<section class=\"elementor-section elementor-top-section elementor-element elementor-element-665da245 elementor-section-full_width elementor-section-height-default elementor-section-height-default\" data-id=\"665da245\" data-element_type=\"section\" data-settings=\"{&quot;background_background&quot;:&quot;classic&quot;,&quot;_ha_eqh_enable&quot;:false}\">\n\t\t\t\t\t\t<div class=\"elementor-container elementor-column-gap-default\">\n\t\t\t\t\t<div class=\"elementor-column elementor-col-100 elementor-top-column elementor-element elementor-element-67d0253d\" data-id=\"67d0253d\" data-element_type=\"column\">\n\t\t\t<div class=\"elementor-widget-wrap elementor-element-populated\">\n\t\t\t\t\t\t<section class=\"elementor-section elementor-inner-section elementor-element elementor-element-2338feb9 elementor-reverse-mobile elementor-section-boxed elementor-section-height-default elementor-section-height-default\" data-id=\"2338feb9\" data-element_type=\"section\" data-settings=\"{&quot;_ha_eqh_enable&quot;:false}\">\n\t\t\t\t\t\t<div class=\"elementor-container elementor-column-gap-default\">\n\t\t\t\t\t<div class=\"elementor-column elementor-col-100 elementor-inner-column elementor-element elementor-element-25af0c46\" data-id=\"25af0c46\" data-element_type=\"column\">\n\t\t\t<div class=\"elementor-widget-wrap elementor-element-populated\">\n\t\t\t\t\t\t<div class=\"elementor-element elementor-element-2ffcd0ab elementor-widget elementor-widget-heading\" data-id=\"2ffcd0ab\" data-element_type=\"widget\" data-widget_type=\"heading.default\">\n\t\t\t\t<div class=\"elementor-widget-container\">\n\t\t\t\t\t<h2 class=\"elementor-heading-title elementor-size-default\">\u0110\u1ed1i t\u00e1c v\u00e0 kh\u00e1ch h\u00e0ng c\u1ee7a ch\u00fang t\u00f4i<\/h2>\t\t\t\t<\/div>\n\t\t\t\t<\/div>\n\t\t\t\t<div class=\"elementor-element elementor-element-6906a685 elementor-widget-divider--view-line elementor-widget elementor-widget-divider\" data-id=\"6906a685\" data-element_type=\"widget\" data-widget_type=\"divider.default\">\n\t\t\t\t<div class=\"elementor-widget-container\">\n\t\t\t\t\t\t\t<div class=\"elementor-divider\">\n\t\t\t<span class=\"elementor-divider-separator\">\n\t\t\t\t\t\t<\/span>\n\t\t<\/div>\n\t\t\t\t\t\t<\/div>\n\t\t\t\t<\/div>\n\t\t\t\t<div class=\"elementor-element elementor-element-2a4d73f8 elementor-widget elementor-widget-text-editor\" data-id=\"2a4d73f8\" data-element_type=\"widget\" data-widget_type=\"text-editor.default\">\n\t\t\t\t<div class=\"elementor-widget-container\">\n\t\t\t\t\t\t\t\t\t<p>Ch\u00fang t\u00f4i \u0111\u1eb7c bi\u1ec7t khuy\u1ebfn kh\u00edch c\u00e1c sinh vi\u00ean t\u01b0\u01a1ng lai c\u00e2n nh\u1eafc \u0111\u1ebfn vi\u1ec7c h\u1ecdc \u0111\u1ea1i h\u1ecdc t\u1ea1i \u0110\u1ee9c h\u00e3y \u0111\u1ebfn th\u0103m c\u00e1c t\u1ed5 ch\u1ee9c \u0111\u1ed1i t\u00e1c c\u1ee7a ch\u00fang t\u00f4i. Tr\u1ea3i nghi\u1ec7m v\u00f4 gi\u00e1 n\u00e0y cho ph\u00e9p b\u1ea1n tr\u1ef1c ti\u1ebfp giao l\u01b0u v\u1edbi gi\u1ea3ng vi\u00ean, kh\u00e1m ph\u00e1 cu\u1ed9c s\u1ed1ng s\u00f4i \u0111\u1ed9ng trong khu\u00f4n vi\u00ean tr\u01b0\u1eddng v\u00e0 c\u00f3 \u0111\u01b0\u1ee3c nh\u1eefng hi\u1ec3u bi\u1ebft tr\u1ef1c ti\u1ebfp v\u1ec1 m\u00f4i tr\u01b0\u1eddng h\u1ecdc t\u1eadp \u0111\u1ed9c \u0111\u00e1o m\u00e0 m\u1ed7i t\u1ed5 ch\u1ee9c gi\u00e1o d\u1ee5c \u0110\u1ee9c cung c\u1ea5p. Khi \u0111\u1ebfn th\u0103m, b\u1ea1n c\u00f3 th\u1ec3 \u0111\u1eb7t nh\u1eefng c\u00e2u h\u1ecfi c\u1ee5 th\u1ec3, th\u1ea3o lu\u1eadn v\u1ec1 m\u1ee5c ti\u00eau h\u1ecdc t\u1eadp c\u1ee7a m\u00ecnh v\u00e0 kh\u00e1m ph\u00e1 s\u1ef1 ph\u00f9 h\u1ee3p nh\u1ea5t v\u1ec1 gi\u00e1o d\u1ee5c v\u1edbi nhu c\u1ea7u v\u00e0 nguy\u1ec7n v\u1ecdng c\u00e1 nh\u00e2n c\u1ee7a b\u1ea1n trong h\u1ec7 th\u1ed1ng gi\u00e1o d\u1ee5c \u0111\u1ea1i h\u1ecdc \u0110\u1ee9c<\/p>\t\t\t\t\t\t\t\t<\/div>\n\t\t\t\t<\/div>\n\t\t\t\t<div class=\"elementor-element elementor-element-1686380e elementor-position-left elementor-vertical-align-middle elementor-widget elementor-widget-image-box\" data-id=\"1686380e\" data-element_type=\"widget\" data-widget_type=\"image-box.default\">\n\t\t\t\t<div class=\"elementor-widget-container\">\n\t\t\t\t\t<div class=\"elementor-image-box-wrapper\"><figure class=\"elementor-image-box-img\"><a href=\"https:\/\/www.schiller.edu\/campuses\/heidelberg\/\" tabindex=\"-1\" target=\"_blank\" rel=\"noopener\"><img fetchpriority=\"high\" decoding=\"async\" width=\"394\" height=\"156\" src=\"https:\/\/amesgroup.com.au\/wp-content\/uploads\/2025\/02\/Schiller-International-University-France-Logo.png\" class=\"attachment-full size-full wp-image-622\" alt=\"\" srcset=\"https:\/\/amesgroup.com.au\/wp-content\/uploads\/2025\/02\/Schiller-International-University-France-Logo.png 394w, https:\/\/amesgroup.com.au\/wp-content\/uploads\/2025\/02\/Schiller-International-University-France-Logo-300x119.png 300w\" sizes=\"(max-width: 394px) 100vw, 394px\" title=\"\"><\/a><\/figure><div class=\"elementor-image-box-content\"><h3 class=\"elementor-image-box-title\"><a href=\"https:\/\/www.schiller.edu\/campuses\/heidelberg\/\" target=\"_blank\" rel=\"noopener\">\u0110\u1ea1i h\u1ecdc qu\u1ed1c t\u1ebf Schiller<\/a><\/h3><p class=\"elementor-image-box-description\">Trong h\u01a1n s\u00e1u th\u1eadp k\u1ef7, Schiller International University \u0111\u00e3 \u0111i \u0111\u1ea7u trong gi\u00e1o d\u1ee5c to\u00e0n c\u1ea7u. \u0110\u01b0\u1ee3c th\u00e0nh l\u1eadp v\u00e0o n\u0103m 1964 b\u1edfi Ti\u1ebfn s\u0129 Walter Leibrecht nh\u01b0 m\u1ed9t ch\u01b0\u01a1ng tr\u00ecnh du h\u1ecdc \u1edf T\u00e2y \u0110\u1ee9c, Schiller ti\u00ean phong trong vi\u1ec7c t\u00edch h\u1ee3p m\u00f4 h\u00ecnh h\u1ecdc t\u1eadp c\u1ee7a M\u1ef9 v\u1edbi tr\u1ea3i nghi\u1ec7m qu\u1ed1c t\u1ebf.<\/p><\/div><\/div>\t\t\t\t<\/div>\n\t\t\t\t<\/div>\n\t\t\t\t<div class=\"elementor-element elementor-element-cd5ade0 elementor-position-left elementor-vertical-align-middle elementor-widget elementor-widget-image-box\" data-id=\"cd5ade0\" data-element_type=\"widget\" data-widget_type=\"image-box.default\">\n\t\t\t\t<div class=\"elementor-widget-container\">\n\t\t\t\t\t<div class=\"elementor-image-box-wrapper\"><figure class=\"elementor-image-box-img\"><a href=\"https:\/\/www.mediadesign.de\/\" tabindex=\"-1\" target=\"_blank\" rel=\"noopener\"><img decoding=\"async\" width=\"400\" height=\"400\" src=\"https:\/\/amesgroup.com.au\/wp-content\/uploads\/2025\/02\/MDH-MEDIA-DESIGN-UNIVERSITY-OF-APPLIED-SCIENCES.png\" class=\"attachment-full size-full wp-image-698\" alt=\"\" srcset=\"https:\/\/amesgroup.com.au\/wp-content\/uploads\/2025\/02\/MDH-MEDIA-DESIGN-UNIVERSITY-OF-APPLIED-SCIENCES.png 400w, https:\/\/amesgroup.com.au\/wp-content\/uploads\/2025\/02\/MDH-MEDIA-DESIGN-UNIVERSITY-OF-APPLIED-SCIENCES-300x300.png 300w, https:\/\/amesgroup.com.au\/wp-content\/uploads\/2025\/02\/MDH-MEDIA-DESIGN-UNIVERSITY-OF-APPLIED-SCIENCES-150x150.png 150w\" sizes=\"(max-width: 400px) 100vw, 400px\" title=\"\"><\/a><\/figure><div class=\"elementor-image-box-content\"><h3 class=\"elementor-image-box-title\"><a href=\"https:\/\/www.mediadesign.de\/\" target=\"_blank\" rel=\"noopener\">\u0110\u1ea1i h\u1ecdc Khoa h\u1ecdc \u1ee9ng d\u1ee5ng Thi\u1ebft k\u1ebf truy\u1ec1n th\u00f4ng Mdh<\/a><\/h3><p class=\"elementor-image-box-description\">C\u00e1c nh\u00e0 thi\u1ebft k\u1ebf v\u00e0 chuy\u00ean gia truy\u1ec1n th\u00f4ng \u0111\u1ea7y tham v\u1ecdng: T\u01b0\u01a1ng lai c\u1ee7a b\u1ea1n b\u1eaft \u0111\u1ea7u t\u1eeb \u0111\u00e2y. V\u1edbi h\u01a1n 35 n\u0103m kinh nghi\u1ec7m, ch\u00fang t\u00f4i \u0111\u00e3 h\u01b0\u1edbng d\u1eabn nh\u1eefng c\u00e1 nh\u00e2n t\u00e0i n\u0103ng v\u00e0o th\u1ebf gi\u1edbi thi\u1ebft k\u1ebf v\u00e0 truy\u1ec1n th\u00f4ng n\u0103ng \u0111\u1ed9ng. Ch\u00fang t\u00f4i t\u1ecda l\u1ea1c t\u1ea1i trung t\u00e2m c\u1ee7a ng\u00e0nh c\u00f4ng nghi\u1ec7p th\u00fa v\u1ecb n\u00e0y t\u1ea1i c\u00e1c trung t\u00e2m s\u00e1ng t\u1ea1o c\u1ee7a Berlin, D\u00fcsseldorf v\u00e0 Munich, n\u01a1i kinh doanh, truy\u1ec1n th\u00f4ng v\u00e0 thi\u1ebft k\u1ebf h\u1ed9i t\u1ee5.<\/p><\/div><\/div>\t\t\t\t<\/div>\n\t\t\t\t<\/div>\n\t\t\t\t\t<\/div>\n\t\t<\/div>\n\t\t\t\t\t<\/div>\n\t\t<\/section>\n\t\t\t\t\t<\/div>\n\t\t<\/div>\n\t\t\t\t\t<\/div>\n\t\t<\/section>\n\t\t\t\t<section class=\"elementor-section elementor-top-section elementor-element elementor-element-a4f63c9 elementor-section-height-min-height elementor-section-items-stretch elementor-section-boxed elementor-section-height-default\" data-id=\"a4f63c9\" data-element_type=\"section\" data-settings=\"{&quot;background_background&quot;:&quot;classic&quot;,&quot;_ha_eqh_enable&quot;:false}\">\n\t\t\t\t\t\t\t<div class=\"elementor-background-overlay\"><\/div>\n\t\t\t\t\t\t\t<div class=\"elementor-container elementor-column-gap-default\">\n\t\t\t\t\t<div class=\"elementor-column elementor-col-100 elementor-top-column elementor-element elementor-element-9f661c1\" data-id=\"9f661c1\" data-element_type=\"column\">\n\t\t\t<div class=\"elementor-widget-wrap elementor-element-populated\">\n\t\t\t\t\t\t<div class=\"elementor-element elementor-element-2b3a0f3 elementor-widget elementor-widget-heading\" data-id=\"2b3a0f3\" data-element_type=\"widget\" data-widget_type=\"heading.default\">\n\t\t\t\t<div class=\"elementor-widget-container\">\n\t\t\t\t\t<h2 class=\"elementor-heading-title elementor-size-default\">Cross The Bridge To Your Dreams<\/h2>\t\t\t\t<\/div>\n\t\t\t\t<\/div>\n\t\t\t\t<div class=\"elementor-element elementor-element-6c86c10 elementor-widget elementor-widget-heading\" data-id=\"6c86c10\" data-element_type=\"widget\" data-widget_type=\"heading.default\">\n\t\t\t\t<div class=\"elementor-widget-container\">\n\t\t\t\t\t<h2 class=\"elementor-heading-title elementor-size-default\">Contact Us Today For A Free Consultation<\/h2>\t\t\t\t<\/div>\n\t\t\t\t<\/div>\n\t\t\t\t<div class=\"elementor-element elementor-element-259c1e6 elementor-align-center elementor-tablet-align-center elementor-invisible elementor-widget elementor-widget-button\" data-id=\"259c1e6\" data-element_type=\"widget\" data-settings=\"{&quot;_animation&quot;:&quot;fadeInUp&quot;}\" data-widget_type=\"button.default\">\n\t\t\t\t<div class=\"elementor-widget-container\">\n\t\t\t\t\t\t\t\t\t<div class=\"elementor-button-wrapper\">\n\t\t\t\t\t<a class=\"elementor-button elementor-button-link elementor-size-sm elementor-animation-grow\" href=\"https:\/\/amesgroup.com.au\/vi\/book-appointment\/\" target=\"_blank\">\n\t\t\t\t\t\t<span class=\"elementor-button-content-wrapper\">\n\t\t\t\t\t\t<span class=\"elementor-button-icon\">\n\t\t\t\t<svg aria-hidden=\"true\" class=\"e-font-icon-svg e-far-bookmark\" viewbox=\"0 0 384 512\" xmlns=\"http:\/\/www.w3.org\/2000\/svg\"><path d=\"M336 0H48C21.49 0 0 21.49 0 48v464l192-112 192 112V48c0-26.51-21.49-48-48-48zm0 428.43l-144-84-144 84V54a6 6 0 0 1 6-6h276c3.314 0 6 2.683 6 5.996V428.43z\"><\/path><\/svg>\t\t\t<\/span>\n\t\t\t\t\t\t\t\t\t<span class=\"elementor-button-text\">\u0110\u1eb7t l\u1ecbch h\u1eb9n c\u1ee7a b\u1ea1n<\/span>\n\t\t\t\t\t<\/span>\n\t\t\t\t\t<\/a>\n\t\t\t\t<\/div>\n\t\t\t\t\t\t\t\t<\/div>\n\t\t\t\t<\/div>\n\t\t\t\t\t<\/div>\n\t\t<\/div>\n\t\t\t\t\t<\/div>\n\t\t<\/section>\n\t\t\t\t<\/div>","protected":false},"excerpt":{"rendered":"<p>\u0110\u1ee9c \u0110\u1ea7u t\u01b0 cho t\u01b0\u01a1ng lai c\u1ee7a b\u1ea1n: Gi\u00e1o d\u1ee5c ch\u1ea5t l\u01b0\u1ee3ng v\u00e0 c\u01a1 h\u1ed9i ngh\u1ec1 nghi\u1ec7p T\u1ea1i sao n\u00ean ch\u1ecdn \u0110\u1ee9c cho ch\u01b0\u01a1ng tr\u00ecnh du h\u1ecdc c\u1ee7a b\u1ea1n? Gi\u00e1o d\u1ee5c \u0111\u1eb3ng c\u1ea5p th\u1ebf gi\u1edbi: C\u00e1c tr\u01b0\u1eddng \u0111\u1ea1i h\u1ecdc \u0110\u1ee9c n\u1ed5i ti\u1ebfng to\u00e0n c\u1ea7u v\u1ec1 s\u1ef1 xu\u1ea5t s\u1eafc trong h\u1ecdc thu\u1eadt, nghi\u00ean c\u1ee9u nghi\u00eam ng\u1eb7t v\u00e0 c\u01a1 s\u1edf v\u1eadt ch\u1ea5t ti\u00ean ti\u1ebfn. Nhi\u1ec1u t\u1ed5 ch\u1ee9c t\u1ef1 h\u00e0o c\u00f3 th\u1ee9 h\u1ea1ng cao trong c\u00e1c so s\u00e1nh tr\u01b0\u1eddng \u0111\u1ea1i h\u1ecdc qu\u1ed1c t\u1ebf. H\u1ecdc ph\u00ed ph\u1ea3i ch\u0103ng: \u0110\u1ee9c c\u00f3 l\u1ee3i th\u1ebf \u0111\u00e1ng k\u1ec3 khi nhi\u1ec1u tr\u01b0\u1eddng \u0111\u1ea1i h\u1ecdc c\u00f4ng l\u1eadp kh\u00f4ng t\u00ednh ph\u00ed [\u2026]<\/p>","protected":false},"author":1,"featured_media":0,"parent":0,"menu_order":0,"comment_status":"closed","ping_status":"closed","template":"","meta":{"_eb_attr":"","content-type":"","footnotes":""},"class_list":["post-689","page","type-page","status-publish","hentry"],"_links":{"self":[{"href":"https:\/\/amesgroup.com.au\/vi\/wp-json\/wp\/v2\/pages\/689","targetHints":{"allow":["GET"]}}],"collection":[{"href":"https:\/\/amesgroup.com.au\/vi\/wp-json\/wp\/v2\/pages"}],"about":[{"href":"https:\/\/amesgroup.com.au\/vi\/wp-json\/wp\/v2\/types\/page"}],"author":[{"embeddable":true,"href":"https:\/\/amesgroup.com.au\/vi\/wp-json\/wp\/v2\/users\/1"}],"replies":[{"embeddable":true,"href":"https:\/\/amesgroup.com.au\/vi\/wp-json\/wp\/v2\/comments?post=689"}],"version-history":[{"count":45,"href":"https:\/\/amesgroup.com.au\/vi\/wp-json\/wp\/v2\/pages\/689\/revisions"}],"predecessor-version":[{"id":28152,"href":"https:\/\/amesgroup.com.au\/vi\/wp-json\/wp\/v2\/pages\/689\/revisions\/28152"}],"wp:attachment":[{"href":"https:\/\/amesgroup.com.au\/vi\/wp-json\/wp\/v2\/media?parent=689"}],"curies":[{"name":"wp","href":"https:\/\/api.w.org\/{rel}","templated":true}]}}