{"id":26125,"date":"2025-03-07T04:56:43","date_gmt":"2025-03-07T04:56:43","guid":{"rendered":"https:\/\/amesgroup.com.au\/?page_id=26125"},"modified":"2025-12-01T14:38:34","modified_gmt":"2025-12-01T03:38:34","slug":"blog","status":"publish","type":"page","link":"https:\/\/amesgroup.com.au\/vi\/blog\/","title":{"rendered":"Blog"},"content":{"rendered":"<div data-elementor-type=\"wp-page\" data-elementor-id=\"26125\" class=\"elementor elementor-26125\" data-elementor-settings=\"{&quot;ha_cmc_init_switcher&quot;:&quot;no&quot;}\" data-elementor-post-type=\"page\">\n\t\t\t\t\t\t<section class=\"elementor-section elementor-top-section elementor-element elementor-element-11f8c4a6 elementor-section-height-min-height elementor-section-boxed elementor-section-height-default elementor-section-items-middle elementor-invisible\" data-id=\"11f8c4a6\" data-element_type=\"section\" data-settings=\"{&quot;background_background&quot;:&quot;classic&quot;,&quot;animation&quot;:&quot;fadeIn&quot;,&quot;animation_delay&quot;:300,&quot;_ha_eqh_enable&quot;:false}\">\n\t\t\t\t\t\t<div class=\"elementor-container elementor-column-gap-default\">\n\t\t\t\t\t<div class=\"elementor-column elementor-col-100 elementor-top-column elementor-element elementor-element-47146f59\" data-id=\"47146f59\" data-element_type=\"column\" data-settings=\"{&quot;background_background&quot;:&quot;classic&quot;}\">\n\t\t\t<div class=\"elementor-widget-wrap elementor-element-populated\">\n\t\t\t\t\t\t<div class=\"elementor-element elementor-element-209a12c5 elementor-widget__width-initial elementor-invisible elementor-widget elementor-widget-heading\" data-id=\"209a12c5\" data-element_type=\"widget\" data-settings=\"{&quot;_animation&quot;:&quot;fadeInUp&quot;,&quot;_animation_delay&quot;:400}\" data-widget_type=\"heading.default\">\n\t\t\t\t<div class=\"elementor-widget-container\">\n\t\t\t\t\t<h1 class=\"elementor-heading-title elementor-size-default\">Blog<\/h1>\t\t\t\t<\/div>\n\t\t\t\t<\/div>\n\t\t\t\t<div class=\"elementor-element elementor-element-533e567a ha-has-bg-overlay elementor-invisible elementor-widget elementor-widget-heading\" data-id=\"533e567a\" data-element_type=\"widget\" data-settings=\"{&quot;_animation&quot;:&quot;fadeInUp&quot;,&quot;_animation_delay&quot;:400}\" data-widget_type=\"heading.default\">\n\t\t\t\t<div class=\"elementor-widget-container\">\n\t\t\t\t\t<h1 class=\"elementor-heading-title elementor-size-default\">Ngu\u1ed3n th\u00f4ng tin c\u1eadp nh\u1eadt v\u1ec1 Gi\u00e1o d\u1ee5c, Nh\u1eadp c\u01b0, K\u1ebf to\u00e1n v\u00e0 Thu\u1ebf c\u1ee7a b\u1ea1n<\/h1>\t\t\t\t<\/div>\n\t\t\t\t<\/div>\n\t\t\t\t\t<\/div>\n\t\t<\/div>\n\t\t\t\t\t<\/div>\n\t\t<\/section>\n\t\t\t\t<section class=\"elementor-section elementor-top-section elementor-element elementor-element-20d39011 elementor-section-boxed elementor-section-height-default elementor-section-height-default\" data-id=\"20d39011\" data-element_type=\"section\" data-settings=\"{&quot;_ha_eqh_enable&quot;:false}\">\n\t\t\t\t\t\t<div class=\"elementor-container elementor-column-gap-default\">\n\t\t\t\t\t<div class=\"elementor-column elementor-col-100 elementor-top-column elementor-element elementor-element-4b167027\" data-id=\"4b167027\" data-element_type=\"column\">\n\t\t\t<div class=\"elementor-widget-wrap elementor-element-populated\">\n\t\t\t\t\t\t<div class=\"elementor-element elementor-element-6fc55c86 elementor-grid-3 elementor-grid-tablet-2 elementor-grid-mobile-1 elementor-posts--thumbnail-top elementor-posts--show-avatar elementor-card-shadow-yes elementor-posts__hover-gradient elementor-widget elementor-widget-posts\" data-id=\"6fc55c86\" data-element_type=\"widget\" data-settings=\"{&quot;pagination_type&quot;:&quot;numbers_and_prev_next&quot;,&quot;cards_columns&quot;:&quot;3&quot;,&quot;cards_columns_tablet&quot;:&quot;2&quot;,&quot;cards_columns_mobile&quot;:&quot;1&quot;,&quot;cards_row_gap&quot;:{&quot;unit&quot;:&quot;px&quot;,&quot;size&quot;:35,&quot;sizes&quot;:[]},&quot;cards_row_gap_tablet&quot;:{&quot;unit&quot;:&quot;px&quot;,&quot;size&quot;:&quot;&quot;,&quot;sizes&quot;:[]},&quot;cards_row_gap_mobile&quot;:{&quot;unit&quot;:&quot;px&quot;,&quot;size&quot;:&quot;&quot;,&quot;sizes&quot;:[]}}\" data-widget_type=\"posts.cards\">\n\t\t\t\t<div class=\"elementor-widget-container\">\n\t\t\t\t\t\t\t<div class=\"elementor-posts-container elementor-posts elementor-posts--skin-cards elementor-grid\" role=\"list\">\n\t\t\t\t<article class=\"elementor-post elementor-grid-item post-27337 post type-post status-publish format-standard has-post-thumbnail hentry category-uncategorized\" role=\"listitem\">\n\t\t\t<div class=\"elementor-post__card\">\n\t\t\t\t<a class=\"elementor-post__thumbnail__link\" href=\"https:\/\/amesgroup.com.au\/vi\/unlock-your-future-why-overseas-education-is-the-smartest-move-you-can-make\/\" tabindex=\"-1\"><div class=\"elementor-post__thumbnail\"><img fetchpriority=\"high\" decoding=\"async\" width=\"300\" height=\"300\" src=\"https:\/\/amesgroup.com.au\/wp-content\/uploads\/2025\/03\/Rovir-Revelo-300x300.jpg\" class=\"attachment-medium size-medium wp-image-26198\" alt=\"A man on the left wearing white shirt, and a woman on the right wearing red shirt, close to each other posing a smile for a photo together.\" srcset=\"https:\/\/amesgroup.com.au\/wp-content\/uploads\/2025\/03\/Rovir-Revelo-300x300.jpg 300w, https:\/\/amesgroup.com.au\/wp-content\/uploads\/2025\/03\/elementor\/thumbs\/Rovir-Revelo-r2i342xfksdr5v4io3rhadbzf24p6ecth1hgowtmjg.jpg 150w, https:\/\/amesgroup.com.au\/wp-content\/uploads\/2025\/03\/elementor\/thumbs\/Rovir-Revelo-r2i342xeq38919ewkv5nt454ox6k463tcs9udxhkio.jpg 80w, https:\/\/amesgroup.com.au\/wp-content\/uploads\/2025\/03\/Rovir-Revelo.jpg 640w\" sizes=\"(max-width: 300px) 100vw, 300px\" title=\"\"><\/div><\/a>\n\t\t\t\t<div class=\"elementor-post__avatar\">\n\t\t\t<img decoding=\"async\" alt=\"Amesgroup\" src=\"https:\/\/amesgroup.com.au\/wp-content\/uploads\/2025\/05\/amesgroup-128x128.png\" srcset=\"https:\/\/amesgroup.com.au\/wp-content\/uploads\/2025\/05\/amesgroup-256x256.png 2x\" class=\"avatar avatar-128 photo\" height=\"128\" width=\"128\" title=\"\">\t\t<\/div>\n\t\t\t\t<div class=\"elementor-post__text\">\n\t\t\t\t<h3 class=\"elementor-post__title\">\n\t\t\t<a href=\"https:\/\/amesgroup.com.au\/vi\/unlock-your-future-why-overseas-education-is-the-smartest-move-you-can-make\/\">\n\t\t\t\tUnlock Your Future: Why Overseas Education is the Smartest Move You Can Make\t\t\t<\/a>\n\t\t<\/h3>\n\t\t\t\t<div class=\"elementor-post__excerpt\">\n\t\t\t<p>In today&#8217;s interconnected world, a university degree from your home country is just one piece of the puzzle. To truly stand out, you need more<\/p>\n\t\t<\/div>\n\t\t\t\t<\/div>\n\t\t\t\t\t<\/div>\n\t\t<\/article>\n\t\t\t\t<article class=\"elementor-post elementor-grid-item post-27319 post type-post status-publish format-standard has-post-thumbnail hentry category-uncategorized\" role=\"listitem\">\n\t\t\t<div class=\"elementor-post__card\">\n\t\t\t\t<a class=\"elementor-post__thumbnail__link\" href=\"https:\/\/amesgroup.com.au\/vi\/youre-not-alone-a-guide-to-international-student-mental-health-in-australia\/\" tabindex=\"-1\"><div class=\"elementor-post__thumbnail\"><img decoding=\"async\" width=\"300\" height=\"200\" src=\"https:\/\/amesgroup.com.au\/wp-content\/uploads\/2025\/03\/Banner-26-300x200.png\" class=\"attachment-medium size-medium wp-image-26543\" alt=\"\" srcset=\"https:\/\/amesgroup.com.au\/wp-content\/uploads\/2025\/03\/Banner-26-300x200.png 300w, https:\/\/amesgroup.com.au\/wp-content\/uploads\/2025\/03\/Banner-26-1024x683.png 1024w, https:\/\/amesgroup.com.au\/wp-content\/uploads\/2025\/03\/Banner-26-768x512.png 768w, https:\/\/amesgroup.com.au\/wp-content\/uploads\/2025\/03\/Banner-26-1536x1024.png 1536w, https:\/\/amesgroup.com.au\/wp-content\/uploads\/2025\/03\/Banner-26.png 1920w\" sizes=\"(max-width: 300px) 100vw, 300px\" title=\"\"><\/div><\/a>\n\t\t\t\t<div class=\"elementor-post__avatar\">\n\t\t\t<img decoding=\"async\" alt=\"Amesgroup\" src=\"https:\/\/amesgroup.com.au\/wp-content\/uploads\/2025\/05\/amesgroup-128x128.png\" srcset=\"https:\/\/amesgroup.com.au\/wp-content\/uploads\/2025\/05\/amesgroup-256x256.png 2x\" class=\"avatar avatar-128 photo\" height=\"128\" width=\"128\" title=\"\">\t\t<\/div>\n\t\t\t\t<div class=\"elementor-post__text\">\n\t\t\t\t<h3 class=\"elementor-post__title\">\n\t\t\t<a href=\"https:\/\/amesgroup.com.au\/vi\/youre-not-alone-a-guide-to-international-student-mental-health-in-australia\/\">\n\t\t\t\tYou&#8217;re Not Alone: A Guide to International Student Mental Health in Australia\t\t\t<\/a>\n\t\t<\/h3>\n\t\t\t\t<div class=\"elementor-post__excerpt\">\n\t\t\t<p>The moment you land in Australia, it\u2019s a mix of excitement and a little bit of fear. New city, new friends, and a whole new<\/p>\n\t\t<\/div>\n\t\t\t\t<\/div>\n\t\t\t\t\t<\/div>\n\t\t<\/article>\n\t\t\t\t<article class=\"elementor-post elementor-grid-item post-27315 post type-post status-publish format-standard has-post-thumbnail hentry category-migration\" role=\"listitem\">\n\t\t\t<div class=\"elementor-post__card\">\n\t\t\t\t<a class=\"elementor-post__thumbnail__link\" href=\"https:\/\/amesgroup.com.au\/vi\/new-english-language-tests-accepted-for-australian-visas\/\" tabindex=\"-1\"><div class=\"elementor-post__thumbnail\"><img loading=\"lazy\" decoding=\"async\" width=\"300\" height=\"200\" src=\"https:\/\/amesgroup.com.au\/wp-content\/uploads\/2025\/04\/zachary-nelson-192289-unsplash_2500-300x200.jpg\" class=\"attachment-medium size-medium wp-image-26759\" alt=\"\" srcset=\"https:\/\/amesgroup.com.au\/wp-content\/uploads\/2025\/04\/zachary-nelson-192289-unsplash_2500-300x200.jpg 300w, https:\/\/amesgroup.com.au\/wp-content\/uploads\/2025\/04\/zachary-nelson-192289-unsplash_2500-1024x683.jpg 1024w, https:\/\/amesgroup.com.au\/wp-content\/uploads\/2025\/04\/zachary-nelson-192289-unsplash_2500-768x512.jpg 768w, https:\/\/amesgroup.com.au\/wp-content\/uploads\/2025\/04\/zachary-nelson-192289-unsplash_2500-1536x1024.jpg 1536w, https:\/\/amesgroup.com.au\/wp-content\/uploads\/2025\/04\/zachary-nelson-192289-unsplash_2500-2048x1366.jpg 2048w, https:\/\/amesgroup.com.au\/wp-content\/uploads\/2025\/04\/zachary-nelson-192289-unsplash_2500-18x12.jpg 18w\" sizes=\"(max-width: 300px) 100vw, 300px\" title=\"\"><\/div><\/a>\n\t\t\t\t<div class=\"elementor-post__avatar\">\n\t\t\t<img decoding=\"async\" alt=\"Amesgroup\" src=\"https:\/\/amesgroup.com.au\/wp-content\/uploads\/2025\/05\/amesgroup-128x128.png\" srcset=\"https:\/\/amesgroup.com.au\/wp-content\/uploads\/2025\/05\/amesgroup-256x256.png 2x\" class=\"avatar avatar-128 photo\" height=\"128\" width=\"128\" title=\"\">\t\t<\/div>\n\t\t\t\t<div class=\"elementor-post__text\">\n\t\t\t\t<h3 class=\"elementor-post__title\">\n\t\t\t<a href=\"https:\/\/amesgroup.com.au\/vi\/new-english-language-tests-accepted-for-australian-visas\/\">\n\t\t\t\tNew English Language Tests Accepted for Australian Visas\t\t\t<\/a>\n\t\t<\/h3>\n\t\t\t\t<div class=\"elementor-post__excerpt\">\n\t\t\t<p>The Australian Department of Home Affairs has announced an update to the accepted English language tests for visa applications, offering more choices for individuals aiming<\/p>\n\t\t<\/div>\n\t\t\t\t<\/div>\n\t\t\t\t\t<\/div>\n\t\t<\/article>\n\t\t\t\t<article class=\"elementor-post elementor-grid-item post-27310 post type-post status-publish format-standard has-post-thumbnail hentry category-migration category-student-visa\" role=\"listitem\">\n\t\t\t<div class=\"elementor-post__card\">\n\t\t\t\t<a class=\"elementor-post__thumbnail__link\" href=\"https:\/\/amesgroup.com.au\/vi\/emergency-travel-navigating-unforeseen-journeys-home\/\" tabindex=\"-1\"><div class=\"elementor-post__thumbnail\"><img loading=\"lazy\" decoding=\"async\" width=\"300\" height=\"264\" src=\"https:\/\/amesgroup.com.au\/wp-content\/uploads\/2025\/07\/Departure-300x264.png\" class=\"attachment-medium size-medium wp-image-27311\" alt=\"\" srcset=\"https:\/\/amesgroup.com.au\/wp-content\/uploads\/2025\/07\/Departure-300x264.png 300w, https:\/\/amesgroup.com.au\/wp-content\/uploads\/2025\/07\/Departure-14x12.png 14w, https:\/\/amesgroup.com.au\/wp-content\/uploads\/2025\/07\/Departure.png 527w\" sizes=\"(max-width: 300px) 100vw, 300px\" title=\"\"><\/div><\/a>\n\t\t\t\t<div class=\"elementor-post__avatar\">\n\t\t\t<img decoding=\"async\" alt=\"Amesgroup\" src=\"https:\/\/amesgroup.com.au\/wp-content\/uploads\/2025\/05\/amesgroup-128x128.png\" srcset=\"https:\/\/amesgroup.com.au\/wp-content\/uploads\/2025\/05\/amesgroup-256x256.png 2x\" class=\"avatar avatar-128 photo\" height=\"128\" width=\"128\" title=\"\">\t\t<\/div>\n\t\t\t\t<div class=\"elementor-post__text\">\n\t\t\t\t<h3 class=\"elementor-post__title\">\n\t\t\t<a href=\"https:\/\/amesgroup.com.au\/vi\/emergency-travel-navigating-unforeseen-journeys-home\/\">\n\t\t\t\tDu l\u1ecbch kh\u1ea9n c\u1ea5p: \u0110i\u1ec1u h\u01b0\u1edbng nh\u1eefng chuy\u1ebfn \u0111i kh\u00f4ng l\u01b0\u1eddng tr\u01b0\u1edbc v\u1ec1 nh\u00e0\t\t\t<\/a>\n\t\t<\/h3>\n\t\t\t\t<div class=\"elementor-post__excerpt\">\n\t\t\t<p>Cu\u1ed9c s\u1ed1ng v\u1ed1n kh\u00f3 l\u01b0\u1eddng. \u0110\u00f4i khi, c\u00f3 nh\u1eefng t\u00ecnh hu\u1ed1ng kh\u1ea9n c\u1ea5p \u0111\u00f2i h\u1ecfi ph\u1ea3i \u0111i ngay l\u1eadp t\u1ee9c, th\u01b0\u1eddng l\u00e0 \u0111\u1ec3 tr\u1edf v\u1ec1 qu\u00ea h\u01b0\u01a1ng ho\u1eb7c \u1edf b\u00ean ng\u01b0\u1eddi th\u00e2n.<\/p>\n\t\t<\/div>\n\t\t\t\t<\/div>\n\t\t\t\t\t<\/div>\n\t\t<\/article>\n\t\t\t\t<article class=\"elementor-post elementor-grid-item post-27303 post type-post status-publish format-standard has-post-thumbnail hentry category-migration\" role=\"listitem\">\n\t\t\t<div class=\"elementor-post__card\">\n\t\t\t\t<a class=\"elementor-post__thumbnail__link\" href=\"https:\/\/amesgroup.com.au\/vi\/navigating-the-new-pte-exam-landscape-key-changes-for-australian-test-takers-especially-in-listening\/\" tabindex=\"-1\"><div class=\"elementor-post__thumbnail\"><img loading=\"lazy\" decoding=\"async\" width=\"300\" height=\"200\" src=\"https:\/\/amesgroup.com.au\/wp-content\/uploads\/2025\/03\/friendship-asian-people-concept-group-happy-students-note-book-300x200.jpg\" class=\"attachment-medium size-medium wp-image-19801\" alt=\"\" srcset=\"https:\/\/amesgroup.com.au\/wp-content\/uploads\/2025\/03\/friendship-asian-people-concept-group-happy-students-note-book-300x200.jpg 300w, https:\/\/amesgroup.com.au\/wp-content\/uploads\/2025\/03\/friendship-asian-people-concept-group-happy-students-note-book-1024x683.jpg 1024w, https:\/\/amesgroup.com.au\/wp-content\/uploads\/2025\/03\/friendship-asian-people-concept-group-happy-students-note-book-768x512.jpg 768w, https:\/\/amesgroup.com.au\/wp-content\/uploads\/2025\/03\/friendship-asian-people-concept-group-happy-students-note-book-1536x1024.jpg 1536w, https:\/\/amesgroup.com.au\/wp-content\/uploads\/2025\/03\/friendship-asian-people-concept-group-happy-students-note-book-2048x1365.jpg 2048w\" sizes=\"(max-width: 300px) 100vw, 300px\" title=\"\"><\/div><\/a>\n\t\t\t\t<div class=\"elementor-post__avatar\">\n\t\t\t<img decoding=\"async\" alt=\"Amesgroup\" src=\"https:\/\/amesgroup.com.au\/wp-content\/uploads\/2025\/05\/amesgroup-128x128.png\" srcset=\"https:\/\/amesgroup.com.au\/wp-content\/uploads\/2025\/05\/amesgroup-256x256.png 2x\" class=\"avatar avatar-128 photo\" height=\"128\" width=\"128\" title=\"\">\t\t<\/div>\n\t\t\t\t<div class=\"elementor-post__text\">\n\t\t\t\t<h3 class=\"elementor-post__title\">\n\t\t\t<a href=\"https:\/\/amesgroup.com.au\/vi\/navigating-the-new-pte-exam-landscape-key-changes-for-australian-test-takers-especially-in-listening\/\">\n\t\t\t\tKh\u00e1m ph\u00e1 b\u1ed1i c\u1ea3nh k\u1ef3 thi PTE m\u1edbi: Nh\u1eefng thay \u0111\u1ed5i quan tr\u1ecdng d\u00e0nh cho th\u00ed sinh \u00dac (\u0110\u1eb7c bi\u1ec7t l\u00e0 ph\u1ea7n thi Nghe!)\t\t\t<\/a>\n\t\t<\/h3>\n\t\t\t\t<div class=\"elementor-post__excerpt\">\n\t\t\t<p>B\u00e0i ki\u1ec3m tra ti\u1ebfng Anh Pearson (PTE) H\u1ecdc thu\u1eadt \u0111ang \u0111\u01b0\u1ee3c c\u1eadp nh\u1eadt \u0111\u00e1ng k\u1ec3, v\u1edbi nh\u1eefng thay \u0111\u1ed5i m\u1edbi s\u1ebd c\u00f3 hi\u1ec7u l\u1ef1c t\u1eeb ng\u00e0y 7 th\u00e1ng 8 n\u0103m 2025. D\u00e0nh cho b\u1ea5t k\u1ef3 ai \u0111ang l\u1eadp k\u1ebf ho\u1ea1ch<\/p>\n\t\t<\/div>\n\t\t\t\t<\/div>\n\t\t\t\t\t<\/div>\n\t\t<\/article>\n\t\t\t\t<article class=\"elementor-post elementor-grid-item post-27301 post type-post status-publish format-standard has-post-thumbnail hentry category-graphics-design category-migration\" role=\"listitem\">\n\t\t\t<div class=\"elementor-post__card\">\n\t\t\t\t<a class=\"elementor-post__thumbnail__link\" href=\"https:\/\/amesgroup.com.au\/vi\/content-creators-dont-miss-out-your-essential-guide-to-australian-tax-deductions\/\" tabindex=\"-1\"><div class=\"elementor-post__thumbnail\"><img loading=\"lazy\" decoding=\"async\" width=\"300\" height=\"200\" src=\"https:\/\/amesgroup.com.au\/wp-content\/uploads\/2023\/02\/young-pretty-woman-in-sunglasses-and-straw-hat-with-suitcase-looks-into-the-phone-isolated-flight-traveling-scaled-1-300x200.jpg\" class=\"attachment-medium size-medium wp-image-22746\" alt=\"\" srcset=\"https:\/\/amesgroup.com.au\/wp-content\/uploads\/2023\/02\/young-pretty-woman-in-sunglasses-and-straw-hat-with-suitcase-looks-into-the-phone-isolated-flight-traveling-scaled-1-300x200.jpg 300w, https:\/\/amesgroup.com.au\/wp-content\/uploads\/2023\/02\/young-pretty-woman-in-sunglasses-and-straw-hat-with-suitcase-looks-into-the-phone-isolated-flight-traveling-scaled-1-1024x683.jpg 1024w, https:\/\/amesgroup.com.au\/wp-content\/uploads\/2023\/02\/young-pretty-woman-in-sunglasses-and-straw-hat-with-suitcase-looks-into-the-phone-isolated-flight-traveling-scaled-1-768x512.jpg 768w, https:\/\/amesgroup.com.au\/wp-content\/uploads\/2023\/02\/young-pretty-woman-in-sunglasses-and-straw-hat-with-suitcase-looks-into-the-phone-isolated-flight-traveling-scaled-1-1536x1024.jpg 1536w, https:\/\/amesgroup.com.au\/wp-content\/uploads\/2023\/02\/young-pretty-woman-in-sunglasses-and-straw-hat-with-suitcase-looks-into-the-phone-isolated-flight-traveling-scaled-1-2048x1366.jpg 2048w\" sizes=\"(max-width: 300px) 100vw, 300px\" title=\"\"><\/div><\/a>\n\t\t\t\t<div class=\"elementor-post__avatar\">\n\t\t\t<img decoding=\"async\" alt=\"Amesgroup\" src=\"https:\/\/amesgroup.com.au\/wp-content\/uploads\/2025\/05\/amesgroup-128x128.png\" srcset=\"https:\/\/amesgroup.com.au\/wp-content\/uploads\/2025\/05\/amesgroup-256x256.png 2x\" class=\"avatar avatar-128 photo\" height=\"128\" width=\"128\" title=\"\">\t\t<\/div>\n\t\t\t\t<div class=\"elementor-post__text\">\n\t\t\t\t<h3 class=\"elementor-post__title\">\n\t\t\t<a href=\"https:\/\/amesgroup.com.au\/vi\/content-creators-dont-miss-out-your-essential-guide-to-australian-tax-deductions\/\">\n\t\t\t\tC\u00e1c nh\u00e0 s\u00e1ng t\u1ea1o n\u1ed9i dung, \u0111\u1eebng b\u1ecf l\u1ee1! H\u01b0\u1edbng d\u1eabn thi\u1ebft y\u1ebfu v\u1ec1 kh\u1ea5u tr\u1eeb thu\u1ebf t\u1ea1i \u00dac\t\t\t<\/a>\n\t\t<\/h3>\n\t\t\t\t<div class=\"elementor-post__excerpt\">\n\t\t\t<p>Xin ch\u00e0o c\u00e1c b\u1ea1n s\u00e1ng t\u1ea1o n\u1ed9i dung! Ch\u00fang t\u00f4i bi\u1ebft ni\u1ec1m \u0111am m\u00ea c\u1ee7a b\u1ea1n n\u1eb1m \u1edf vi\u1ec7c t\u1ea1o ra nh\u1eefng video tuy\u1ec7t v\u1eddi, h\u00ecnh \u1ea3nh h\u1ea5p d\u1eabn ho\u1eb7c vi\u1ebft n\u00ean nh\u1eefng c\u00e2u chuy\u1ec7n l\u00f4i cu\u1ed1n. Nh\u01b0ng th\u00e0nh th\u1eadt m\u00e0 n\u00f3i,<\/p>\n\t\t<\/div>\n\t\t\t\t<\/div>\n\t\t\t\t\t<\/div>\n\t\t<\/article>\n\t\t\t\t<\/div>\n\t\t\n\t\t\t\t<div class=\"e-load-more-anchor\" data-page=\"1\" data-max-page=\"9\" data-next-page=\"https:\/\/amesgroup.com.au\/vi\/wp-json\/wp\/v2\/pages\/26125\/page\/2\/\"><\/div>\n\t\t\t\t<nav class=\"elementor-pagination\" aria-label=\"Ph\u00e2n trang\">\n\t\t\t<span class=\"page-numbers prev\">&quot; Tr\u01b0\u1edbc<\/span>\n<span aria-current=\"page\" class=\"page-numbers current\"><span class=\"elementor-screen-only\">Trang<\/span>1<\/span>\n<a class=\"page-numbers\" href=\"https:\/\/amesgroup.com.au\/vi\/wp-json\/wp\/v2\/pages\/26125\/page\/2\/\"><span class=\"elementor-screen-only\">Trang<\/span>2<\/a>\n<a class=\"page-numbers\" href=\"https:\/\/amesgroup.com.au\/vi\/wp-json\/wp\/v2\/pages\/26125\/page\/3\/\"><span class=\"elementor-screen-only\">Trang<\/span>3<\/a>\n<span class=\"page-numbers dots\">\u2026<\/span>\n<a class=\"page-numbers\" href=\"https:\/\/amesgroup.com.au\/vi\/wp-json\/wp\/v2\/pages\/26125\/page\/5\/\"><span class=\"elementor-screen-only\">Trang<\/span>5<\/a>\n<a class=\"page-numbers next\" href=\"https:\/\/amesgroup.com.au\/vi\/wp-json\/wp\/v2\/pages\/26125\/page\/2\/\">K\u1ebf ti\u1ebfp &quot;<\/a>\t\t<\/nav>\n\t\t\t\t\t\t<\/div>\n\t\t\t\t<\/div>\n\t\t\t\t\t<\/div>\n\t\t<\/div>\n\t\t\t\t\t<\/div>\n\t\t<\/section>\n\t\t\t\t<\/div>","protected":false},"excerpt":{"rendered":"<p>Blogs Your Source for Updates on Education, Immigration, Accounting &amp; Taxation<\/p>","protected":false},"author":4,"featured_media":0,"parent":0,"menu_order":0,"comment_status":"closed","ping_status":"closed","template":"","meta":{"_eb_attr":"","content-type":"","footnotes":""},"class_list":["post-26125","page","type-page","status-publish","hentry"],"_links":{"self":[{"href":"https:\/\/amesgroup.com.au\/vi\/wp-json\/wp\/v2\/pages\/26125","targetHints":{"allow":["GET"]}}],"collection":[{"href":"https:\/\/amesgroup.com.au\/vi\/wp-json\/wp\/v2\/pages"}],"about":[{"href":"https:\/\/amesgroup.com.au\/vi\/wp-json\/wp\/v2\/types\/page"}],"author":[{"embeddable":true,"href":"https:\/\/amesgroup.com.au\/vi\/wp-json\/wp\/v2\/users\/4"}],"replies":[{"embeddable":true,"href":"https:\/\/amesgroup.com.au\/vi\/wp-json\/wp\/v2\/comments?post=26125"}],"version-history":[{"count":24,"href":"https:\/\/amesgroup.com.au\/vi\/wp-json\/wp\/v2\/pages\/26125\/revisions"}],"predecessor-version":[{"id":27923,"href":"https:\/\/amesgroup.com.au\/vi\/wp-json\/wp\/v2\/pages\/26125\/revisions\/27923"}],"wp:attachment":[{"href":"https:\/\/amesgroup.com.au\/vi\/wp-json\/wp\/v2\/media?parent=26125"}],"curies":[{"name":"wp","href":"https:\/\/api.w.org\/{rel}","templated":true}]}}