{"id":689,"date":"2025-02-12T10:49:59","date_gmt":"2025-02-12T10:49:59","guid":{"rendered":"https:\/\/amesgroup.com.au\/?page_id=689"},"modified":"2025-12-17T16:09:04","modified_gmt":"2025-12-17T05:09:04","slug":"germany","status":"publish","type":"page","link":"https:\/\/amesgroup.com.au\/pt\/germany\/","title":{"rendered":"Alemanha"},"content":{"rendered":"<div data-elementor-type=\"wp-page\" data-elementor-id=\"689\" class=\"elementor elementor-689\" data-elementor-settings=\"{&quot;ha_cmc_init_switcher&quot;:&quot;no&quot;}\" data-elementor-post-type=\"page\">\n\t\t\t\t\t\t<section class=\"elementor-section elementor-top-section elementor-element elementor-element-6fb22889 elementor-section-height-min-height elementor-section-boxed elementor-section-height-default elementor-section-items-middle elementor-invisible\" data-id=\"6fb22889\" data-element_type=\"section\" data-settings=\"{&quot;background_background&quot;:&quot;classic&quot;,&quot;animation&quot;:&quot;fadeIn&quot;,&quot;animation_delay&quot;:300,&quot;_ha_eqh_enable&quot;:false}\">\n\t\t\t\t\t\t<div class=\"elementor-container elementor-column-gap-default\">\n\t\t\t\t\t<div class=\"elementor-column elementor-col-100 elementor-top-column elementor-element elementor-element-1c4f477b\" data-id=\"1c4f477b\" data-element_type=\"column\" data-settings=\"{&quot;background_background&quot;:&quot;classic&quot;}\">\n\t\t\t<div class=\"elementor-widget-wrap elementor-element-populated\">\n\t\t\t\t\t\t<div class=\"elementor-element elementor-element-7de0a11f elementor-widget__width-initial elementor-invisible elementor-widget elementor-widget-heading\" data-id=\"7de0a11f\" data-element_type=\"widget\" data-settings=\"{&quot;_animation&quot;:&quot;fadeInUp&quot;,&quot;_animation_delay&quot;:400}\" data-widget_type=\"heading.default\">\n\t\t\t\t<div class=\"elementor-widget-container\">\n\t\t\t\t\t<h1 class=\"elementor-heading-title elementor-size-default\">Alemanha<\/h1>\t\t\t\t<\/div>\n\t\t\t\t<\/div>\n\t\t\t\t<div class=\"elementor-element elementor-element-72c9ac3c ha-has-bg-overlay elementor-invisible elementor-widget elementor-widget-heading\" data-id=\"72c9ac3c\" data-element_type=\"widget\" data-settings=\"{&quot;_animation&quot;:&quot;fadeInUp&quot;,&quot;_animation_delay&quot;:400}\" data-widget_type=\"heading.default\">\n\t\t\t\t<div class=\"elementor-widget-container\">\n\t\t\t\t\t<h1 class=\"elementor-heading-title elementor-size-default\">Invista no seu futuro: educa\u00e7\u00e3o de qualidade e oportunidades de carreira<\/h1>\t\t\t\t<\/div>\n\t\t\t\t<\/div>\n\t\t\t\t\t<\/div>\n\t\t<\/div>\n\t\t\t\t\t<\/div>\n\t\t<\/section>\n\t\t\t\t<section class=\"elementor-section elementor-top-section elementor-element elementor-element-49531c00 elementor-section-boxed elementor-section-height-default elementor-section-height-default\" data-id=\"49531c00\" data-element_type=\"section\" data-settings=\"{&quot;_ha_eqh_enable&quot;:false}\">\n\t\t\t\t\t\t<div class=\"elementor-container elementor-column-gap-default\">\n\t\t\t\t\t<div class=\"elementor-column elementor-col-100 elementor-top-column elementor-element elementor-element-429bb5d1 elementor-invisible\" data-id=\"429bb5d1\" data-element_type=\"column\" data-settings=\"{&quot;animation&quot;:&quot;fadeIn&quot;}\">\n\t\t\t<div class=\"elementor-widget-wrap elementor-element-populated\">\n\t\t\t\t\t\t<div class=\"elementor-element elementor-element-5aa09655 elementor-widget elementor-widget-heading\" data-id=\"5aa09655\" data-element_type=\"widget\" data-widget_type=\"heading.default\">\n\t\t\t\t<div class=\"elementor-widget-container\">\n\t\t\t\t\t<h2 class=\"elementor-heading-title elementor-size-xl\">Por que escolher a Alemanha para seus estudos no exterior?<\/h2>\t\t\t\t<\/div>\n\t\t\t\t<\/div>\n\t\t\t\t<div class=\"elementor-element elementor-element-51b0b836 elementor-widget__width-auto elementor-absolute elementor-hidden-mobile elementor-invisible elementor-widget elementor-widget-image\" data-id=\"51b0b836\" data-element_type=\"widget\" data-settings=\"{&quot;_animation&quot;:&quot;bounceIn&quot;,&quot;_animation_delay&quot;:600,&quot;_position&quot;:&quot;absolute&quot;}\" data-widget_type=\"image.default\">\n\t\t\t\t<div class=\"elementor-widget-container\">\n\t\t\t\t\t\t\t\t\t\t\t\t\t\t\t<img decoding=\"async\" src=\"https:\/\/amesgroup.com.au\/wp-content\/uploads\/elementor\/thumbs\/group-happy-young-women-standing-row-scaled-r2dui25hbjhb0rhxwa7efrmrg1goqxgys5qdbqv330.jpg\" title=\"Grupo de jovens mulheres felizes em p\u00e9, em fila.\" alt=\"Group of happy multi-ethnic young women standing in a row. Selected focus.\" loading=\"lazy\" \/>\t\t\t\t\t\t\t\t\t\t\t\t\t\t\t<\/div>\n\t\t\t\t<\/div>\n\t\t\t\t<div class=\"elementor-element elementor-element-1cdbab6c elementor-widget__width-auto elementor-absolute elementor-hidden-mobile elementor-invisible elementor-widget elementor-widget-image\" data-id=\"1cdbab6c\" data-element_type=\"widget\" data-settings=\"{&quot;_animation&quot;:&quot;bounceIn&quot;,&quot;_animation_delay&quot;:600,&quot;_position&quot;:&quot;absolute&quot;}\" data-widget_type=\"image.default\">\n\t\t\t\t<div class=\"elementor-widget-container\">\n\t\t\t\t\t\t\t\t\t\t\t\t\t\t\t<img decoding=\"async\" src=\"https:\/\/amesgroup.com.au\/wp-content\/uploads\/elementor\/thumbs\/group-four-indian-teen-male-students-classmates-spend-time-together-scaled-r2dv5wc4na43gqvdp35s692lstysyl3we5cohdina4.jpg\" title=\"Grupo de quatro estudantes indianos adolescentes do sexo masculino. Os colegas passam o tempo\" alt=\"Group of four indian teen male students. Classmates spend time together.\" loading=\"lazy\" \/>\t\t\t\t\t\t\t\t\t\t\t\t\t\t\t<\/div>\n\t\t\t\t<\/div>\n\t\t\t\t<div class=\"elementor-element elementor-element-72eb9578 elementor-widget__width-auto elementor-absolute elementor-hidden-mobile elementor-invisible elementor-widget elementor-widget-image\" data-id=\"72eb9578\" data-element_type=\"widget\" data-settings=\"{&quot;_animation&quot;:&quot;bounceIn&quot;,&quot;_animation_delay&quot;:600,&quot;_position&quot;:&quot;absolute&quot;}\" data-widget_type=\"image.default\">\n\t\t\t\t<div class=\"elementor-widget-container\">\n\t\t\t\t\t\t\t\t\t\t\t\t\t\t\t<img decoding=\"async\" src=\"https:\/\/amesgroup.com.au\/wp-content\/uploads\/elementor\/thumbs\/young-woman-man-with-fun-hair-colors-scaled-r2dv6cbcrzt6hwvt4rady62wyrzksuz6tqba3tfgbc.jpg\" title=\"jovem-mulher-homem-com-cores-divertidas-de-cabelo\" alt=\"young-woman-man-with-fun-hair-colors\" loading=\"lazy\" \/>\t\t\t\t\t\t\t\t\t\t\t\t\t\t\t<\/div>\n\t\t\t\t<\/div>\n\t\t\t\t<div class=\"elementor-element elementor-element-4a84ef8c elementor-widget__width-auto elementor-absolute elementor-hidden-mobile elementor-invisible elementor-widget elementor-widget-image\" data-id=\"4a84ef8c\" data-element_type=\"widget\" data-settings=\"{&quot;_animation&quot;:&quot;bounceIn&quot;,&quot;_animation_delay&quot;:600,&quot;_position&quot;:&quot;absolute&quot;}\" data-widget_type=\"image.default\">\n\t\t\t\t<div class=\"elementor-widget-container\">\n\t\t\t\t\t\t\t\t\t\t\t\t\t\t\t<img decoding=\"async\" src=\"https:\/\/amesgroup.com.au\/wp-content\/uploads\/elementor\/thumbs\/angelina-litvin-39774-unsplash-r0r8e5b5k9gih7lvp845fqo96cywrpr6lg2h1fz868.jpg\" title=\"angelina-litvin-39774-unsplash.jpg\" alt=\"angelina-litvin-39774-unsplash.jpg\" loading=\"lazy\" \/>\t\t\t\t\t\t\t\t\t\t\t\t\t\t\t<\/div>\n\t\t\t\t<\/div>\n\t\t\t\t<div class=\"elementor-element elementor-element-1a9bfcc2 elementor-widget elementor-widget-text-editor\" data-id=\"1a9bfcc2\" data-element_type=\"widget\" data-widget_type=\"text-editor.default\">\n\t\t\t\t<div class=\"elementor-widget-container\">\n\t\t\t\t\t\t\t\t\t<ul><li data-sourcepos=\"9:1-9:228\"><strong>Educa\u00e7\u00e3o de classe mundial:<\/strong> As universidades alem\u00e3s s\u00e3o reconhecidas globalmente por sua excel\u00eancia acad\u00eamica, pesquisa rigorosa e instala\u00e7\u00f5es de ponta. Muitas institui\u00e7\u00f5es ostentam as melhores classifica\u00e7\u00f5es em compara\u00e7\u00f5es internacionais de universidades.<\/li><li data-sourcepos=\"10:1-10:222\"><strong>Mensalidade acess\u00edvel:<\/strong> A Alemanha oferece uma vantagem significativa com muitas universidades p\u00fablicas n\u00e3o cobrando taxas de ensino, mesmo para estudantes internacionais. Isso torna a busca por educa\u00e7\u00e3o superior significativamente mais acess\u00edvel.<\/li><li data-sourcepos=\"11:1-11:174\"><strong>Alta qualidade de vida:<\/strong> A Alemanha \u00e9 conhecida por seu alto padr\u00e3o de vida, com excelente infraestrutura, transporte p\u00fablico eficiente e uma forte rede de seguran\u00e7a social.<\/li><li data-sourcepos=\"12:1-12:206\"><strong>Oportunidades de pesquisa:<\/strong> A Alemanha \u00e9 um centro de pesquisa e desenvolvimento, oferecendo in\u00fameras oportunidades para estudantes se envolverem em projetos de pesquisa de ponta e colaborarem com acad\u00eamicos renomados.<\/li><li data-sourcepos=\"13:1-13:217\"><strong>Economia forte:<\/strong> A Alemanha ostenta uma economia robusta com alta demanda por profissionais qualificados. Isso fornece excelentes perspectivas de carreira para graduados internacionais que buscam trabalhar na Alemanha ap\u00f3s seus estudos.<\/li><li data-sourcepos=\"14:1-14:255\"><strong>Imers\u00e3o Cultural:<\/strong> A Alemanha oferece uma rica experi\u00eancia cultural, com cidades vibrantes, marcos hist\u00f3ricos e uma sociedade diversa. Os alunos podem mergulhar na cultura alem\u00e3, explorar novas perspectivas e construir valiosas redes internacionais.<\/li><li data-sourcepos=\"15:1-16:0\"><strong>Oportunidades de visto:<\/strong> A Alemanha oferece v\u00e1rias op\u00e7\u00f5es de visto para estudantes internacionais, incluindo vistos de estudante, vistos de trabalho e autoriza\u00e7\u00f5es de trabalho p\u00f3s-estudo, tornando mais f\u00e1cil perseguir objetivos acad\u00eamicos e profissionais no pa\u00eds.<\/li><\/ul>\t\t\t\t\t\t\t\t<\/div>\n\t\t\t\t<\/div>\n\t\t\t\t\t<\/div>\n\t\t<\/div>\n\t\t\t\t\t<\/div>\n\t\t<\/section>\n\t\t\t\t<header class=\"elementor-section elementor-top-section elementor-element elementor-element-47d1d26a elementor-section-height-min-height elementor-section-full_width elementor-section-height-default elementor-section-items-middle\" data-id=\"47d1d26a\" data-element_type=\"section\" data-settings=\"{&quot;background_background&quot;:&quot;classic&quot;,&quot;_ha_eqh_enable&quot;:false}\">\n\t\t\t\t\t\t\t<div class=\"elementor-background-overlay\"><\/div>\n\t\t\t\t\t\t\t<div class=\"elementor-container elementor-column-gap-default\">\n\t\t\t\t\t<div class=\"elementor-column elementor-col-100 elementor-top-column elementor-element elementor-element-6606d12e\" data-id=\"6606d12e\" data-element_type=\"column\">\n\t\t\t<div class=\"elementor-widget-wrap elementor-element-populated\">\n\t\t\t\t\t\t<div class=\"elementor-element elementor-element-4669ee34 elementor-invisible elementor-widget elementor-widget-heading\" data-id=\"4669ee34\" data-element_type=\"widget\" data-settings=\"{&quot;_animation&quot;:&quot;fadeInDown&quot;}\" data-widget_type=\"heading.default\">\n\t\t\t\t<div class=\"elementor-widget-container\">\n\t\t\t\t\t<h1 class=\"elementor-heading-title elementor-size-default\">Nossos Parceiros<\/h1>\t\t\t\t<\/div>\n\t\t\t\t<\/div>\n\t\t\t\t\t<\/div>\n\t\t<\/div>\n\t\t\t\t\t<\/div>\n\t\t<\/header>\n\t\t\t\t<section class=\"elementor-section elementor-top-section elementor-element elementor-element-665da245 elementor-section-full_width elementor-section-height-default elementor-section-height-default\" data-id=\"665da245\" data-element_type=\"section\" data-settings=\"{&quot;background_background&quot;:&quot;classic&quot;,&quot;_ha_eqh_enable&quot;:false}\">\n\t\t\t\t\t\t<div class=\"elementor-container elementor-column-gap-default\">\n\t\t\t\t\t<div class=\"elementor-column elementor-col-100 elementor-top-column elementor-element elementor-element-67d0253d\" data-id=\"67d0253d\" data-element_type=\"column\">\n\t\t\t<div class=\"elementor-widget-wrap elementor-element-populated\">\n\t\t\t\t\t\t<section class=\"elementor-section elementor-inner-section elementor-element elementor-element-2338feb9 elementor-reverse-mobile elementor-section-boxed elementor-section-height-default elementor-section-height-default\" data-id=\"2338feb9\" data-element_type=\"section\" data-settings=\"{&quot;_ha_eqh_enable&quot;:false}\">\n\t\t\t\t\t\t<div class=\"elementor-container elementor-column-gap-default\">\n\t\t\t\t\t<div class=\"elementor-column elementor-col-100 elementor-inner-column elementor-element elementor-element-25af0c46\" data-id=\"25af0c46\" data-element_type=\"column\">\n\t\t\t<div class=\"elementor-widget-wrap elementor-element-populated\">\n\t\t\t\t\t\t<div class=\"elementor-element elementor-element-2ffcd0ab elementor-widget elementor-widget-heading\" data-id=\"2ffcd0ab\" data-element_type=\"widget\" data-widget_type=\"heading.default\">\n\t\t\t\t<div class=\"elementor-widget-container\">\n\t\t\t\t\t<h2 class=\"elementor-heading-title elementor-size-default\">Nossos Parceiros e Clientes<\/h2>\t\t\t\t<\/div>\n\t\t\t\t<\/div>\n\t\t\t\t<div class=\"elementor-element elementor-element-6906a685 elementor-widget-divider--view-line elementor-widget elementor-widget-divider\" data-id=\"6906a685\" data-element_type=\"widget\" data-widget_type=\"divider.default\">\n\t\t\t\t<div class=\"elementor-widget-container\">\n\t\t\t\t\t\t\t<div class=\"elementor-divider\">\n\t\t\t<span class=\"elementor-divider-separator\">\n\t\t\t\t\t\t<\/span>\n\t\t<\/div>\n\t\t\t\t\t\t<\/div>\n\t\t\t\t<\/div>\n\t\t\t\t<div class=\"elementor-element elementor-element-2a4d73f8 elementor-widget elementor-widget-text-editor\" data-id=\"2a4d73f8\" data-element_type=\"widget\" data-widget_type=\"text-editor.default\">\n\t\t\t\t<div class=\"elementor-widget-container\">\n\t\t\t\t\t\t\t\t\t<p>Recomendamos fortemente que futuros estudantes que considerem educa\u00e7\u00e3o superior na Alemanha visitem nossas institui\u00e7\u00f5es parceiras. Essa experi\u00eancia inestim\u00e1vel permite que voc\u00ea se envolva diretamente com o corpo docente, explore a vibrante vida no campus e obtenha insights em primeira m\u00e3o sobre o ambiente de aprendizagem \u00fanico que cada institui\u00e7\u00e3o alem\u00e3 oferece. Ao visitar, voc\u00ea pode fazer perguntas espec\u00edficas, discutir seus objetivos acad\u00eamicos e descobrir o melhor ajuste educacional para suas necessidades e aspira\u00e7\u00f5es individuais dentro do sistema de ensino superior alem\u00e3o<\/p>\t\t\t\t\t\t\t\t<\/div>\n\t\t\t\t<\/div>\n\t\t\t\t<div class=\"elementor-element elementor-element-1686380e elementor-position-left elementor-vertical-align-middle elementor-widget elementor-widget-image-box\" data-id=\"1686380e\" data-element_type=\"widget\" data-widget_type=\"image-box.default\">\n\t\t\t\t<div class=\"elementor-widget-container\">\n\t\t\t\t\t<div class=\"elementor-image-box-wrapper\"><figure class=\"elementor-image-box-img\"><a href=\"https:\/\/www.schiller.edu\/campuses\/heidelberg\/\" tabindex=\"-1\" target=\"_blank\" rel=\"noopener\"><img fetchpriority=\"high\" decoding=\"async\" width=\"394\" height=\"156\" src=\"https:\/\/amesgroup.com.au\/wp-content\/uploads\/2025\/02\/Schiller-International-University-France-Logo.png\" class=\"attachment-full size-full wp-image-622\" alt=\"\" srcset=\"https:\/\/amesgroup.com.au\/wp-content\/uploads\/2025\/02\/Schiller-International-University-France-Logo.png 394w, https:\/\/amesgroup.com.au\/wp-content\/uploads\/2025\/02\/Schiller-International-University-France-Logo-300x119.png 300w\" sizes=\"(max-width: 394px) 100vw, 394px\" title=\"\"><\/a><\/figure><div class=\"elementor-image-box-content\"><h3 class=\"elementor-image-box-title\"><a href=\"https:\/\/www.schiller.edu\/campuses\/heidelberg\/\" target=\"_blank\" rel=\"noopener\">Universidade Internacional Schiller<\/a><\/h3><p class=\"elementor-image-box-description\">Por mais de seis d\u00e9cadas, a Schiller International University tem estado na vanguarda da educa\u00e7\u00e3o global. Fundada em 1964 pelo Dr. Walter Leibrecht como um programa de estudo no exterior na Alemanha Ocidental, a Schiller foi pioneira na integra\u00e7\u00e3o do modelo de aprendizagem americano com uma experi\u00eancia internacional.<\/p><\/div><\/div>\t\t\t\t<\/div>\n\t\t\t\t<\/div>\n\t\t\t\t<div class=\"elementor-element elementor-element-cd5ade0 elementor-position-left elementor-vertical-align-middle elementor-widget elementor-widget-image-box\" data-id=\"cd5ade0\" data-element_type=\"widget\" data-widget_type=\"image-box.default\">\n\t\t\t\t<div class=\"elementor-widget-container\">\n\t\t\t\t\t<div class=\"elementor-image-box-wrapper\"><figure class=\"elementor-image-box-img\"><a href=\"https:\/\/www.mediadesign.de\/\" tabindex=\"-1\" target=\"_blank\" rel=\"noopener\"><img decoding=\"async\" width=\"400\" height=\"400\" src=\"https:\/\/amesgroup.com.au\/wp-content\/uploads\/2025\/02\/MDH-MEDIA-DESIGN-UNIVERSITY-OF-APPLIED-SCIENCES.png\" class=\"attachment-full size-full wp-image-698\" alt=\"\" srcset=\"https:\/\/amesgroup.com.au\/wp-content\/uploads\/2025\/02\/MDH-MEDIA-DESIGN-UNIVERSITY-OF-APPLIED-SCIENCES.png 400w, https:\/\/amesgroup.com.au\/wp-content\/uploads\/2025\/02\/MDH-MEDIA-DESIGN-UNIVERSITY-OF-APPLIED-SCIENCES-300x300.png 300w, https:\/\/amesgroup.com.au\/wp-content\/uploads\/2025\/02\/MDH-MEDIA-DESIGN-UNIVERSITY-OF-APPLIED-SCIENCES-150x150.png 150w\" sizes=\"(max-width: 400px) 100vw, 400px\" title=\"\"><\/a><\/figure><div class=\"elementor-image-box-content\"><h3 class=\"elementor-image-box-title\"><a href=\"https:\/\/www.mediadesign.de\/\" target=\"_blank\" rel=\"noopener\">Mdh Media Design Universidade de Ci\u00eancias Aplicadas<\/a><\/h3><p class=\"elementor-image-box-description\">Aspirantes a designers e profissionais de m\u00eddia: seu futuro come\u00e7a aqui. Com mais de 35 anos de experi\u00eancia, temos guiado indiv\u00edduos talentosos para o mundo din\u00e2mico do design e da m\u00eddia. Estamos localizados no cora\u00e7\u00e3o desta ind\u00fastria emocionante nos centros criativos de Berlim, D\u00fcsseldorf e Munique, onde neg\u00f3cios, m\u00eddia e design convergem.<\/p><\/div><\/div>\t\t\t\t<\/div>\n\t\t\t\t<\/div>\n\t\t\t\t\t<\/div>\n\t\t<\/div>\n\t\t\t\t\t<\/div>\n\t\t<\/section>\n\t\t\t\t\t<\/div>\n\t\t<\/div>\n\t\t\t\t\t<\/div>\n\t\t<\/section>\n\t\t\t\t<section class=\"elementor-section elementor-top-section elementor-element elementor-element-a4f63c9 elementor-section-height-min-height elementor-section-items-stretch elementor-section-boxed elementor-section-height-default\" data-id=\"a4f63c9\" data-element_type=\"section\" data-settings=\"{&quot;background_background&quot;:&quot;classic&quot;,&quot;_ha_eqh_enable&quot;:false}\">\n\t\t\t\t\t\t\t<div class=\"elementor-background-overlay\"><\/div>\n\t\t\t\t\t\t\t<div class=\"elementor-container elementor-column-gap-default\">\n\t\t\t\t\t<div class=\"elementor-column elementor-col-100 elementor-top-column elementor-element elementor-element-9f661c1\" data-id=\"9f661c1\" data-element_type=\"column\">\n\t\t\t<div class=\"elementor-widget-wrap elementor-element-populated\">\n\t\t\t\t\t\t<div class=\"elementor-element elementor-element-2b3a0f3 elementor-widget elementor-widget-heading\" data-id=\"2b3a0f3\" data-element_type=\"widget\" data-widget_type=\"heading.default\">\n\t\t\t\t<div class=\"elementor-widget-container\">\n\t\t\t\t\t<h2 class=\"elementor-heading-title elementor-size-default\">Cross The Bridge To Your Dreams<\/h2>\t\t\t\t<\/div>\n\t\t\t\t<\/div>\n\t\t\t\t<div class=\"elementor-element elementor-element-6c86c10 elementor-widget elementor-widget-heading\" data-id=\"6c86c10\" data-element_type=\"widget\" data-widget_type=\"heading.default\">\n\t\t\t\t<div class=\"elementor-widget-container\">\n\t\t\t\t\t<h2 class=\"elementor-heading-title elementor-size-default\">Contact Us Today For A Free Consultation<\/h2>\t\t\t\t<\/div>\n\t\t\t\t<\/div>\n\t\t\t\t<div class=\"elementor-element elementor-element-259c1e6 elementor-align-center elementor-tablet-align-center elementor-invisible elementor-widget elementor-widget-button\" data-id=\"259c1e6\" data-element_type=\"widget\" data-settings=\"{&quot;_animation&quot;:&quot;fadeInUp&quot;}\" data-widget_type=\"button.default\">\n\t\t\t\t<div class=\"elementor-widget-container\">\n\t\t\t\t\t\t\t\t\t<div class=\"elementor-button-wrapper\">\n\t\t\t\t\t<a class=\"elementor-button elementor-button-link elementor-size-sm elementor-animation-grow\" href=\"https:\/\/amesgroup.com.au\/pt\/book-appointment\/\" target=\"_blank\">\n\t\t\t\t\t\t<span class=\"elementor-button-content-wrapper\">\n\t\t\t\t\t\t<span class=\"elementor-button-icon\">\n\t\t\t\t<svg aria-hidden=\"true\" class=\"e-font-icon-svg e-far-bookmark\" viewbox=\"0 0 384 512\" xmlns=\"http:\/\/www.w3.org\/2000\/svg\"><path d=\"M336 0H48C21.49 0 0 21.49 0 48v464l192-112 192 112V48c0-26.51-21.49-48-48-48zm0 428.43l-144-84-144 84V54a6 6 0 0 1 6-6h276c3.314 0 6 2.683 6 5.996V428.43z\"><\/path><\/svg>\t\t\t<\/span>\n\t\t\t\t\t\t\t\t\t<span class=\"elementor-button-text\">Marque sua consulta<\/span>\n\t\t\t\t\t<\/span>\n\t\t\t\t\t<\/a>\n\t\t\t\t<\/div>\n\t\t\t\t\t\t\t\t<\/div>\n\t\t\t\t<\/div>\n\t\t\t\t\t<\/div>\n\t\t<\/div>\n\t\t\t\t\t<\/div>\n\t\t<\/section>\n\t\t\t\t<\/div>","protected":false},"excerpt":{"rendered":"<p>Alemanha: Invista no seu futuro: Educa\u00e7\u00e3o de qualidade e oportunidades de carreira. Por que escolher a Alemanha para seus estudos no exterior? Educa\u00e7\u00e3o de n\u00edvel internacional: As universidades alem\u00e3s s\u00e3o reconhecidas globalmente por sua excel\u00eancia acad\u00eamica, pesquisa rigorosa e instala\u00e7\u00f5es de ponta. Muitas institui\u00e7\u00f5es ostentam as melhores classifica\u00e7\u00f5es em compara\u00e7\u00f5es internacionais de universidades. Mensalidades acess\u00edveis: A Alemanha oferece uma vantagem significativa, com muitas universidades p\u00fablicas gratuitas [\u2026]<\/p>","protected":false},"author":1,"featured_media":0,"parent":0,"menu_order":0,"comment_status":"closed","ping_status":"closed","template":"","meta":{"_eb_attr":"","content-type":"","footnotes":""},"class_list":["post-689","page","type-page","status-publish","hentry"],"_links":{"self":[{"href":"https:\/\/amesgroup.com.au\/pt\/wp-json\/wp\/v2\/pages\/689","targetHints":{"allow":["GET"]}}],"collection":[{"href":"https:\/\/amesgroup.com.au\/pt\/wp-json\/wp\/v2\/pages"}],"about":[{"href":"https:\/\/amesgroup.com.au\/pt\/wp-json\/wp\/v2\/types\/page"}],"author":[{"embeddable":true,"href":"https:\/\/amesgroup.com.au\/pt\/wp-json\/wp\/v2\/users\/1"}],"replies":[{"embeddable":true,"href":"https:\/\/amesgroup.com.au\/pt\/wp-json\/wp\/v2\/comments?post=689"}],"version-history":[{"count":45,"href":"https:\/\/amesgroup.com.au\/pt\/wp-json\/wp\/v2\/pages\/689\/revisions"}],"predecessor-version":[{"id":28152,"href":"https:\/\/amesgroup.com.au\/pt\/wp-json\/wp\/v2\/pages\/689\/revisions\/28152"}],"wp:attachment":[{"href":"https:\/\/amesgroup.com.au\/pt\/wp-json\/wp\/v2\/media?parent=689"}],"curies":[{"name":"wp","href":"https:\/\/api.w.org\/{rel}","templated":true}]}}