{"id":689,"date":"2025-02-12T10:49:59","date_gmt":"2025-02-12T10:49:59","guid":{"rendered":"https:\/\/amesgroup.com.au\/?page_id=689"},"modified":"2025-12-17T16:09:04","modified_gmt":"2025-12-17T05:09:04","slug":"germany","status":"publish","type":"page","link":"https:\/\/amesgroup.com.au\/fr\/germany\/","title":{"rendered":"Allemagne"},"content":{"rendered":"<div data-elementor-type=\"wp-page\" data-elementor-id=\"689\" class=\"elementor elementor-689\" data-elementor-settings=\"{&quot;ha_cmc_init_switcher&quot;:&quot;no&quot;}\" data-elementor-post-type=\"page\">\n\t\t\t\t\t\t<section class=\"elementor-section elementor-top-section elementor-element elementor-element-6fb22889 elementor-section-height-min-height elementor-section-boxed elementor-section-height-default elementor-section-items-middle elementor-invisible\" data-id=\"6fb22889\" data-element_type=\"section\" data-settings=\"{&quot;background_background&quot;:&quot;classic&quot;,&quot;animation&quot;:&quot;fadeIn&quot;,&quot;animation_delay&quot;:300,&quot;_ha_eqh_enable&quot;:false}\">\n\t\t\t\t\t\t<div class=\"elementor-container elementor-column-gap-default\">\n\t\t\t\t\t<div class=\"elementor-column elementor-col-100 elementor-top-column elementor-element elementor-element-1c4f477b\" data-id=\"1c4f477b\" data-element_type=\"column\" data-settings=\"{&quot;background_background&quot;:&quot;classic&quot;}\">\n\t\t\t<div class=\"elementor-widget-wrap elementor-element-populated\">\n\t\t\t\t\t\t<div class=\"elementor-element elementor-element-7de0a11f elementor-widget__width-initial elementor-invisible elementor-widget elementor-widget-heading\" data-id=\"7de0a11f\" data-element_type=\"widget\" data-settings=\"{&quot;_animation&quot;:&quot;fadeInUp&quot;,&quot;_animation_delay&quot;:400}\" data-widget_type=\"heading.default\">\n\t\t\t\t<div class=\"elementor-widget-container\">\n\t\t\t\t\t<h1 class=\"elementor-heading-title elementor-size-default\">Allemagne<\/h1>\t\t\t\t<\/div>\n\t\t\t\t<\/div>\n\t\t\t\t<div class=\"elementor-element elementor-element-72c9ac3c ha-has-bg-overlay elementor-invisible elementor-widget elementor-widget-heading\" data-id=\"72c9ac3c\" data-element_type=\"widget\" data-settings=\"{&quot;_animation&quot;:&quot;fadeInUp&quot;,&quot;_animation_delay&quot;:400}\" data-widget_type=\"heading.default\">\n\t\t\t\t<div class=\"elementor-widget-container\">\n\t\t\t\t\t<h1 class=\"elementor-heading-title elementor-size-default\">Investissez dans votre avenir\u00a0: \u00e9ducation de qualit\u00e9 et opportunit\u00e9s de carri\u00e8re<\/h1>\t\t\t\t<\/div>\n\t\t\t\t<\/div>\n\t\t\t\t\t<\/div>\n\t\t<\/div>\n\t\t\t\t\t<\/div>\n\t\t<\/section>\n\t\t\t\t<section class=\"elementor-section elementor-top-section elementor-element elementor-element-49531c00 elementor-section-boxed elementor-section-height-default elementor-section-height-default\" data-id=\"49531c00\" data-element_type=\"section\" data-settings=\"{&quot;_ha_eqh_enable&quot;:false}\">\n\t\t\t\t\t\t<div class=\"elementor-container elementor-column-gap-default\">\n\t\t\t\t\t<div class=\"elementor-column elementor-col-100 elementor-top-column elementor-element elementor-element-429bb5d1 elementor-invisible\" data-id=\"429bb5d1\" data-element_type=\"column\" data-settings=\"{&quot;animation&quot;:&quot;fadeIn&quot;}\">\n\t\t\t<div class=\"elementor-widget-wrap elementor-element-populated\">\n\t\t\t\t\t\t<div class=\"elementor-element elementor-element-5aa09655 elementor-widget elementor-widget-heading\" data-id=\"5aa09655\" data-element_type=\"widget\" data-widget_type=\"heading.default\">\n\t\t\t\t<div class=\"elementor-widget-container\">\n\t\t\t\t\t<h2 class=\"elementor-heading-title elementor-size-xl\">Pourquoi choisir l\u2019Allemagne pour vos \u00e9tudes \u00e0 l\u2019\u00e9tranger ?<\/h2>\t\t\t\t<\/div>\n\t\t\t\t<\/div>\n\t\t\t\t<div class=\"elementor-element elementor-element-51b0b836 elementor-widget__width-auto elementor-absolute elementor-hidden-mobile elementor-invisible elementor-widget elementor-widget-image\" data-id=\"51b0b836\" data-element_type=\"widget\" data-settings=\"{&quot;_animation&quot;:&quot;bounceIn&quot;,&quot;_animation_delay&quot;:600,&quot;_position&quot;:&quot;absolute&quot;}\" data-widget_type=\"image.default\">\n\t\t\t\t<div class=\"elementor-widget-container\">\n\t\t\t\t\t\t\t\t\t\t\t\t\t\t\t<img decoding=\"async\" src=\"https:\/\/amesgroup.com.au\/wp-content\/uploads\/elementor\/thumbs\/group-happy-young-women-standing-row-scaled-r2dui25hbjhb0rhxwa7efrmrg1goqxgys5qdbqv330.jpg\" title=\"Groupe de jeunes femmes heureuses debout en rang.\" alt=\"Group of happy multi-ethnic young women standing in a row. Selected focus.\" loading=\"lazy\" \/>\t\t\t\t\t\t\t\t\t\t\t\t\t\t\t<\/div>\n\t\t\t\t<\/div>\n\t\t\t\t<div class=\"elementor-element elementor-element-1cdbab6c elementor-widget__width-auto elementor-absolute elementor-hidden-mobile elementor-invisible elementor-widget elementor-widget-image\" data-id=\"1cdbab6c\" data-element_type=\"widget\" data-settings=\"{&quot;_animation&quot;:&quot;bounceIn&quot;,&quot;_animation_delay&quot;:600,&quot;_position&quot;:&quot;absolute&quot;}\" data-widget_type=\"image.default\">\n\t\t\t\t<div class=\"elementor-widget-container\">\n\t\t\t\t\t\t\t\t\t\t\t\t\t\t\t<img decoding=\"async\" src=\"https:\/\/amesgroup.com.au\/wp-content\/uploads\/elementor\/thumbs\/group-four-indian-teen-male-students-classmates-spend-time-together-scaled-r2dv5wc4na43gqvdp35s692lstysyl3we5cohdina4.jpg\" title=\"Groupe de quatre adolescents indiens. Leurs camarades de classe passent du temps ensemble.\" alt=\"Group of four indian teen male students. Classmates spend time together.\" loading=\"lazy\" \/>\t\t\t\t\t\t\t\t\t\t\t\t\t\t\t<\/div>\n\t\t\t\t<\/div>\n\t\t\t\t<div class=\"elementor-element elementor-element-72eb9578 elementor-widget__width-auto elementor-absolute elementor-hidden-mobile elementor-invisible elementor-widget elementor-widget-image\" data-id=\"72eb9578\" data-element_type=\"widget\" data-settings=\"{&quot;_animation&quot;:&quot;bounceIn&quot;,&quot;_animation_delay&quot;:600,&quot;_position&quot;:&quot;absolute&quot;}\" data-widget_type=\"image.default\">\n\t\t\t\t<div class=\"elementor-widget-container\">\n\t\t\t\t\t\t\t\t\t\t\t\t\t\t\t<img decoding=\"async\" src=\"https:\/\/amesgroup.com.au\/wp-content\/uploads\/elementor\/thumbs\/young-woman-man-with-fun-hair-colors-scaled-r2dv6cbcrzt6hwvt4rady62wyrzksuz6tqba3tfgbc.jpg\" title=\"jeune-femme-homme-avec-des-couleurs-de-cheveux-amusantes\" alt=\"young-woman-man-with-fun-hair-colors\" loading=\"lazy\" \/>\t\t\t\t\t\t\t\t\t\t\t\t\t\t\t<\/div>\n\t\t\t\t<\/div>\n\t\t\t\t<div class=\"elementor-element elementor-element-4a84ef8c elementor-widget__width-auto elementor-absolute elementor-hidden-mobile elementor-invisible elementor-widget elementor-widget-image\" data-id=\"4a84ef8c\" data-element_type=\"widget\" data-settings=\"{&quot;_animation&quot;:&quot;bounceIn&quot;,&quot;_animation_delay&quot;:600,&quot;_position&quot;:&quot;absolute&quot;}\" data-widget_type=\"image.default\">\n\t\t\t\t<div class=\"elementor-widget-container\">\n\t\t\t\t\t\t\t\t\t\t\t\t\t\t\t<img decoding=\"async\" src=\"https:\/\/amesgroup.com.au\/wp-content\/uploads\/elementor\/thumbs\/angelina-litvin-39774-unsplash-r0r8e5b5k9gih7lvp845fqo96cywrpr6lg2h1fz868.jpg\" title=\"angelina-litvin-39774-unsplash.jpg\" alt=\"angelina-litvin-39774-unsplash.jpg\" loading=\"lazy\" \/>\t\t\t\t\t\t\t\t\t\t\t\t\t\t\t<\/div>\n\t\t\t\t<\/div>\n\t\t\t\t<div class=\"elementor-element elementor-element-1a9bfcc2 elementor-widget elementor-widget-text-editor\" data-id=\"1a9bfcc2\" data-element_type=\"widget\" data-widget_type=\"text-editor.default\">\n\t\t\t\t<div class=\"elementor-widget-container\">\n\t\t\t\t\t\t\t\t\t<ul><li data-sourcepos=\"9:1-9:228\"><strong>\u00c9ducation de classe mondiale :<\/strong> Les universit\u00e9s allemandes sont reconnues mondialement pour leur excellence acad\u00e9mique, leur recherche rigoureuse et leurs infrastructures de pointe. Nombre d&#039;entre elles figurent parmi les meilleures universit\u00e9s internationales.<\/li><li data-sourcepos=\"10:1-10:222\"><strong>Frais de scolarit\u00e9 abordables :<\/strong> L&#039;Allemagne offre un avantage consid\u00e9rable\u00a0: de nombreuses universit\u00e9s publiques sont gratuites, m\u00eame pour les \u00e9tudiants internationaux. Cela rend les \u00e9tudes sup\u00e9rieures nettement plus accessibles.<\/li><li data-sourcepos=\"11:1-11:174\"><strong>Qualit\u00e9 de vie \u00e9lev\u00e9e :<\/strong> L\u2019Allemagne est connue pour son niveau de vie \u00e9lev\u00e9, avec d\u2019excellentes infrastructures, des transports publics efficaces et un solide filet de s\u00e9curit\u00e9 sociale.<\/li><li data-sourcepos=\"12:1-12:206\"><strong>Opportunit\u00e9s de recherche :<\/strong> L\u2019Allemagne est un p\u00f4le de recherche et de d\u00e9veloppement, offrant de nombreuses opportunit\u00e9s aux \u00e9tudiants de s\u2019engager dans des projets de recherche de pointe et de collaborer avec des universitaires de premier plan.<\/li><li data-sourcepos=\"13:1-13:217\"><strong>Une \u00e9conomie forte :<\/strong> L&#039;Allemagne b\u00e9n\u00e9ficie d&#039;une \u00e9conomie robuste et d&#039;une forte demande de professionnels qualifi\u00e9s. Cela offre d&#039;excellentes perspectives de carri\u00e8re aux dipl\u00f4m\u00e9s internationaux souhaitant travailler en Allemagne apr\u00e8s leurs \u00e9tudes.<\/li><li data-sourcepos=\"14:1-14:255\"><strong>Immersion culturelle :<\/strong> L&#039;Allemagne offre une exp\u00e9rience culturelle riche, avec des villes dynamiques, des monuments historiques et une soci\u00e9t\u00e9 diversifi\u00e9e. Les \u00e9tudiants peuvent s&#039;immerger dans la culture allemande, explorer de nouvelles perspectives et se constituer un pr\u00e9cieux r\u00e9seau international.<\/li><li data-sourcepos=\"15:1-16:0\"><strong>Possibilit\u00e9s de visa :<\/strong> L&#039;Allemagne propose diverses options de visa pour les \u00e9tudiants internationaux, notamment des visas \u00e9tudiants, des visas de travail et des permis de travail post-\u00e9tudes, ce qui facilite la poursuite des objectifs acad\u00e9miques et professionnels dans le pays.<\/li><\/ul>\t\t\t\t\t\t\t\t<\/div>\n\t\t\t\t<\/div>\n\t\t\t\t\t<\/div>\n\t\t<\/div>\n\t\t\t\t\t<\/div>\n\t\t<\/section>\n\t\t\t\t<header class=\"elementor-section elementor-top-section elementor-element elementor-element-47d1d26a elementor-section-height-min-height elementor-section-full_width elementor-section-height-default elementor-section-items-middle\" data-id=\"47d1d26a\" data-element_type=\"section\" data-settings=\"{&quot;background_background&quot;:&quot;classic&quot;,&quot;_ha_eqh_enable&quot;:false}\">\n\t\t\t\t\t\t\t<div class=\"elementor-background-overlay\"><\/div>\n\t\t\t\t\t\t\t<div class=\"elementor-container elementor-column-gap-default\">\n\t\t\t\t\t<div class=\"elementor-column elementor-col-100 elementor-top-column elementor-element elementor-element-6606d12e\" data-id=\"6606d12e\" data-element_type=\"column\">\n\t\t\t<div class=\"elementor-widget-wrap elementor-element-populated\">\n\t\t\t\t\t\t<div class=\"elementor-element elementor-element-4669ee34 elementor-invisible elementor-widget elementor-widget-heading\" data-id=\"4669ee34\" data-element_type=\"widget\" data-settings=\"{&quot;_animation&quot;:&quot;fadeInDown&quot;}\" data-widget_type=\"heading.default\">\n\t\t\t\t<div class=\"elementor-widget-container\">\n\t\t\t\t\t<h1 class=\"elementor-heading-title elementor-size-default\">Nos partenaires<\/h1>\t\t\t\t<\/div>\n\t\t\t\t<\/div>\n\t\t\t\t\t<\/div>\n\t\t<\/div>\n\t\t\t\t\t<\/div>\n\t\t<\/header>\n\t\t\t\t<section class=\"elementor-section elementor-top-section elementor-element elementor-element-665da245 elementor-section-full_width elementor-section-height-default elementor-section-height-default\" data-id=\"665da245\" data-element_type=\"section\" data-settings=\"{&quot;background_background&quot;:&quot;classic&quot;,&quot;_ha_eqh_enable&quot;:false}\">\n\t\t\t\t\t\t<div class=\"elementor-container elementor-column-gap-default\">\n\t\t\t\t\t<div class=\"elementor-column elementor-col-100 elementor-top-column elementor-element elementor-element-67d0253d\" data-id=\"67d0253d\" data-element_type=\"column\">\n\t\t\t<div class=\"elementor-widget-wrap elementor-element-populated\">\n\t\t\t\t\t\t<section class=\"elementor-section elementor-inner-section elementor-element elementor-element-2338feb9 elementor-reverse-mobile elementor-section-boxed elementor-section-height-default elementor-section-height-default\" data-id=\"2338feb9\" data-element_type=\"section\" data-settings=\"{&quot;_ha_eqh_enable&quot;:false}\">\n\t\t\t\t\t\t<div class=\"elementor-container elementor-column-gap-default\">\n\t\t\t\t\t<div class=\"elementor-column elementor-col-100 elementor-inner-column elementor-element elementor-element-25af0c46\" data-id=\"25af0c46\" data-element_type=\"column\">\n\t\t\t<div class=\"elementor-widget-wrap elementor-element-populated\">\n\t\t\t\t\t\t<div class=\"elementor-element elementor-element-2ffcd0ab elementor-widget elementor-widget-heading\" data-id=\"2ffcd0ab\" data-element_type=\"widget\" data-widget_type=\"heading.default\">\n\t\t\t\t<div class=\"elementor-widget-container\">\n\t\t\t\t\t<h2 class=\"elementor-heading-title elementor-size-default\">Nos partenaires et clients<\/h2>\t\t\t\t<\/div>\n\t\t\t\t<\/div>\n\t\t\t\t<div class=\"elementor-element elementor-element-6906a685 elementor-widget-divider--view-line elementor-widget elementor-widget-divider\" data-id=\"6906a685\" data-element_type=\"widget\" data-widget_type=\"divider.default\">\n\t\t\t\t<div class=\"elementor-widget-container\">\n\t\t\t\t\t\t\t<div class=\"elementor-divider\">\n\t\t\t<span class=\"elementor-divider-separator\">\n\t\t\t\t\t\t<\/span>\n\t\t<\/div>\n\t\t\t\t\t\t<\/div>\n\t\t\t\t<\/div>\n\t\t\t\t<div class=\"elementor-element elementor-element-2a4d73f8 elementor-widget elementor-widget-text-editor\" data-id=\"2a4d73f8\" data-element_type=\"widget\" data-widget_type=\"text-editor.default\">\n\t\t\t\t<div class=\"elementor-widget-container\">\n\t\t\t\t\t\t\t\t\t<p>Nous recommandons vivement aux futurs \u00e9tudiants envisageant des \u00e9tudes sup\u00e9rieures en Allemagne de visiter nos \u00e9tablissements partenaires. Cette exp\u00e9rience pr\u00e9cieuse vous permettra d&#039;\u00e9changer directement avec les professeurs, de d\u00e9couvrir la vie dynamique du campus et de d\u00e9couvrir l&#039;environnement d&#039;apprentissage unique de chaque \u00e9tablissement allemand. Lors de ces visites, vous pourrez poser des questions pr\u00e9cises, discuter de vos objectifs acad\u00e9miques et trouver la formation la mieux adapt\u00e9e \u00e0 vos besoins et aspirations au sein du syst\u00e8me d&#039;enseignement sup\u00e9rieur allemand.<\/p>\t\t\t\t\t\t\t\t<\/div>\n\t\t\t\t<\/div>\n\t\t\t\t<div class=\"elementor-element elementor-element-1686380e elementor-position-left elementor-vertical-align-middle elementor-widget elementor-widget-image-box\" data-id=\"1686380e\" data-element_type=\"widget\" data-widget_type=\"image-box.default\">\n\t\t\t\t<div class=\"elementor-widget-container\">\n\t\t\t\t\t<div class=\"elementor-image-box-wrapper\"><figure class=\"elementor-image-box-img\"><a href=\"https:\/\/www.schiller.edu\/campuses\/heidelberg\/\" tabindex=\"-1\" target=\"_blank\" rel=\"noopener\"><img fetchpriority=\"high\" decoding=\"async\" width=\"394\" height=\"156\" src=\"https:\/\/amesgroup.com.au\/wp-content\/uploads\/2025\/02\/Schiller-International-University-France-Logo.png\" class=\"attachment-full size-full wp-image-622\" alt=\"\" srcset=\"https:\/\/amesgroup.com.au\/wp-content\/uploads\/2025\/02\/Schiller-International-University-France-Logo.png 394w, https:\/\/amesgroup.com.au\/wp-content\/uploads\/2025\/02\/Schiller-International-University-France-Logo-300x119.png 300w\" sizes=\"(max-width: 394px) 100vw, 394px\" title=\"\"><\/a><\/figure><div class=\"elementor-image-box-content\"><h3 class=\"elementor-image-box-title\"><a href=\"https:\/\/www.schiller.edu\/campuses\/heidelberg\/\" target=\"_blank\" rel=\"noopener\">Universit\u00e9 internationale Schiller<\/a><\/h3><p class=\"elementor-image-box-description\">Depuis plus de six d\u00e9cennies, l&#039;Universit\u00e9 internationale Schiller est \u00e0 l&#039;avant-garde de l&#039;\u00e9ducation internationale. Fond\u00e9e en 1964 par le Dr Walter Leibrecht comme programme d&#039;\u00e9tudes \u00e0 l&#039;\u00e9tranger en Allemagne de l&#039;Ouest, Schiller a \u00e9t\u00e9 pionni\u00e8re dans l&#039;int\u00e9gration du mod\u00e8le d&#039;apprentissage am\u00e9ricain \u00e0 une exp\u00e9rience internationale.<\/p><\/div><\/div>\t\t\t\t<\/div>\n\t\t\t\t<\/div>\n\t\t\t\t<div class=\"elementor-element elementor-element-cd5ade0 elementor-position-left elementor-vertical-align-middle elementor-widget elementor-widget-image-box\" data-id=\"cd5ade0\" data-element_type=\"widget\" data-widget_type=\"image-box.default\">\n\t\t\t\t<div class=\"elementor-widget-container\">\n\t\t\t\t\t<div class=\"elementor-image-box-wrapper\"><figure class=\"elementor-image-box-img\"><a href=\"https:\/\/www.mediadesign.de\/\" tabindex=\"-1\" target=\"_blank\" rel=\"noopener\"><img decoding=\"async\" width=\"400\" height=\"400\" src=\"https:\/\/amesgroup.com.au\/wp-content\/uploads\/2025\/02\/MDH-MEDIA-DESIGN-UNIVERSITY-OF-APPLIED-SCIENCES.png\" class=\"attachment-full size-full wp-image-698\" alt=\"\" srcset=\"https:\/\/amesgroup.com.au\/wp-content\/uploads\/2025\/02\/MDH-MEDIA-DESIGN-UNIVERSITY-OF-APPLIED-SCIENCES.png 400w, https:\/\/amesgroup.com.au\/wp-content\/uploads\/2025\/02\/MDH-MEDIA-DESIGN-UNIVERSITY-OF-APPLIED-SCIENCES-300x300.png 300w, https:\/\/amesgroup.com.au\/wp-content\/uploads\/2025\/02\/MDH-MEDIA-DESIGN-UNIVERSITY-OF-APPLIED-SCIENCES-150x150.png 150w\" sizes=\"(max-width: 400px) 100vw, 400px\" title=\"\"><\/a><\/figure><div class=\"elementor-image-box-content\"><h3 class=\"elementor-image-box-title\"><a href=\"https:\/\/www.mediadesign.de\/\" target=\"_blank\" rel=\"noopener\">Universit\u00e9 des sciences appliqu\u00e9es de Mdh Media Design<\/a><\/h3><p class=\"elementor-image-box-description\">Cr\u00e9ateurs et professionnels des m\u00e9dias en herbe\u00a0: votre avenir commence ici. Forts de plus de 35\u00a0ans d&#039;exp\u00e9rience, nous accompagnons les talents dans le monde dynamique du design et des m\u00e9dias. Nous sommes situ\u00e9s au c\u0153ur de ce secteur passionnant, dans les p\u00f4les cr\u00e9atifs de Berlin, D\u00fcsseldorf et Munich, o\u00f9 convergent entreprises, m\u00e9dias et design.<\/p><\/div><\/div>\t\t\t\t<\/div>\n\t\t\t\t<\/div>\n\t\t\t\t\t<\/div>\n\t\t<\/div>\n\t\t\t\t\t<\/div>\n\t\t<\/section>\n\t\t\t\t\t<\/div>\n\t\t<\/div>\n\t\t\t\t\t<\/div>\n\t\t<\/section>\n\t\t\t\t<section class=\"elementor-section elementor-top-section elementor-element elementor-element-a4f63c9 elementor-section-height-min-height elementor-section-items-stretch elementor-section-boxed elementor-section-height-default\" data-id=\"a4f63c9\" data-element_type=\"section\" data-settings=\"{&quot;background_background&quot;:&quot;classic&quot;,&quot;_ha_eqh_enable&quot;:false}\">\n\t\t\t\t\t\t\t<div class=\"elementor-background-overlay\"><\/div>\n\t\t\t\t\t\t\t<div class=\"elementor-container elementor-column-gap-default\">\n\t\t\t\t\t<div class=\"elementor-column elementor-col-100 elementor-top-column elementor-element elementor-element-9f661c1\" data-id=\"9f661c1\" data-element_type=\"column\">\n\t\t\t<div class=\"elementor-widget-wrap elementor-element-populated\">\n\t\t\t\t\t\t<div class=\"elementor-element elementor-element-2b3a0f3 elementor-widget elementor-widget-heading\" data-id=\"2b3a0f3\" data-element_type=\"widget\" data-widget_type=\"heading.default\">\n\t\t\t\t<div class=\"elementor-widget-container\">\n\t\t\t\t\t<h2 class=\"elementor-heading-title elementor-size-default\">Cross The Bridge To Your Dreams<\/h2>\t\t\t\t<\/div>\n\t\t\t\t<\/div>\n\t\t\t\t<div class=\"elementor-element elementor-element-6c86c10 elementor-widget elementor-widget-heading\" data-id=\"6c86c10\" data-element_type=\"widget\" data-widget_type=\"heading.default\">\n\t\t\t\t<div class=\"elementor-widget-container\">\n\t\t\t\t\t<h2 class=\"elementor-heading-title elementor-size-default\">Contact Us Today For A Free Consultation<\/h2>\t\t\t\t<\/div>\n\t\t\t\t<\/div>\n\t\t\t\t<div class=\"elementor-element elementor-element-259c1e6 elementor-align-center elementor-tablet-align-center elementor-invisible elementor-widget elementor-widget-button\" data-id=\"259c1e6\" data-element_type=\"widget\" data-settings=\"{&quot;_animation&quot;:&quot;fadeInUp&quot;}\" data-widget_type=\"button.default\">\n\t\t\t\t<div class=\"elementor-widget-container\">\n\t\t\t\t\t\t\t\t\t<div class=\"elementor-button-wrapper\">\n\t\t\t\t\t<a class=\"elementor-button elementor-button-link elementor-size-sm elementor-animation-grow\" href=\"https:\/\/amesgroup.com.au\/fr\/book-appointment\/\" target=\"_blank\">\n\t\t\t\t\t\t<span class=\"elementor-button-content-wrapper\">\n\t\t\t\t\t\t<span class=\"elementor-button-icon\">\n\t\t\t\t<svg aria-hidden=\"true\" class=\"e-font-icon-svg e-far-bookmark\" viewbox=\"0 0 384 512\" xmlns=\"http:\/\/www.w3.org\/2000\/svg\"><path d=\"M336 0H48C21.49 0 0 21.49 0 48v464l192-112 192 112V48c0-26.51-21.49-48-48-48zm0 428.43l-144-84-144 84V54a6 6 0 0 1 6-6h276c3.314 0 6 2.683 6 5.996V428.43z\"><\/path><\/svg>\t\t\t<\/span>\n\t\t\t\t\t\t\t\t\t<span class=\"elementor-button-text\">Prenez rendez-vous<\/span>\n\t\t\t\t\t<\/span>\n\t\t\t\t\t<\/a>\n\t\t\t\t<\/div>\n\t\t\t\t\t\t\t\t<\/div>\n\t\t\t\t<\/div>\n\t\t\t\t\t<\/div>\n\t\t<\/div>\n\t\t\t\t\t<\/div>\n\t\t<\/section>\n\t\t\t\t<\/div>","protected":false},"excerpt":{"rendered":"<p>Allemagne\u00a0: Investissez dans votre avenir\u00a0: \u00c9ducation de qualit\u00e9 et opportunit\u00e9s de carri\u00e8re. Pourquoi choisir l\u2019Allemagne pour vos \u00e9tudes \u00e0 l\u2019\u00e9tranger\u00a0? Un enseignement de premier ordre\u00a0: Les universit\u00e9s allemandes sont reconnues mondialement pour leur excellence acad\u00e9mique, la rigueur de leur recherche et leurs infrastructures de pointe. Nombre d\u2019entre elles figurent parmi les meilleures universit\u00e9s internationales. Frais de scolarit\u00e9 abordables\u00a0: L\u2019Allemagne offre un avantage consid\u00e9rable\u00a0: de nombreuses universit\u00e9s publiques ne facturent pas [\u2026]<\/p>","protected":false},"author":1,"featured_media":0,"parent":0,"menu_order":0,"comment_status":"closed","ping_status":"closed","template":"","meta":{"_eb_attr":"","content-type":"","footnotes":""},"class_list":["post-689","page","type-page","status-publish","hentry"],"_links":{"self":[{"href":"https:\/\/amesgroup.com.au\/fr\/wp-json\/wp\/v2\/pages\/689","targetHints":{"allow":["GET"]}}],"collection":[{"href":"https:\/\/amesgroup.com.au\/fr\/wp-json\/wp\/v2\/pages"}],"about":[{"href":"https:\/\/amesgroup.com.au\/fr\/wp-json\/wp\/v2\/types\/page"}],"author":[{"embeddable":true,"href":"https:\/\/amesgroup.com.au\/fr\/wp-json\/wp\/v2\/users\/1"}],"replies":[{"embeddable":true,"href":"https:\/\/amesgroup.com.au\/fr\/wp-json\/wp\/v2\/comments?post=689"}],"version-history":[{"count":45,"href":"https:\/\/amesgroup.com.au\/fr\/wp-json\/wp\/v2\/pages\/689\/revisions"}],"predecessor-version":[{"id":28152,"href":"https:\/\/amesgroup.com.au\/fr\/wp-json\/wp\/v2\/pages\/689\/revisions\/28152"}],"wp:attachment":[{"href":"https:\/\/amesgroup.com.au\/fr\/wp-json\/wp\/v2\/media?parent=689"}],"curies":[{"name":"wp","href":"https:\/\/api.w.org\/{rel}","templated":true}]}}