{"id":554,"date":"2025-02-12T04:59:22","date_gmt":"2025-02-12T04:59:22","guid":{"rendered":"https:\/\/amesgroup.com.au\/?page_id=554"},"modified":"2025-12-17T15:33:38","modified_gmt":"2025-12-17T04:33:38","slug":"cyprus","status":"publish","type":"page","link":"https:\/\/amesgroup.com.au\/fr\/cyprus\/","title":{"rendered":"Chypre"},"content":{"rendered":"<div data-elementor-type=\"wp-page\" data-elementor-id=\"554\" class=\"elementor elementor-554\" data-elementor-settings=\"{&quot;ha_cmc_init_switcher&quot;:&quot;no&quot;}\" data-elementor-post-type=\"page\">\n\t\t\t\t\t\t<section class=\"elementor-section elementor-top-section elementor-element elementor-element-104c0d24 elementor-section-height-min-height elementor-section-boxed elementor-section-height-default elementor-section-items-middle elementor-invisible\" data-id=\"104c0d24\" data-element_type=\"section\" data-settings=\"{&quot;background_background&quot;:&quot;classic&quot;,&quot;animation&quot;:&quot;fadeIn&quot;,&quot;animation_delay&quot;:300,&quot;_ha_eqh_enable&quot;:false}\">\n\t\t\t\t\t\t<div class=\"elementor-container elementor-column-gap-default\">\n\t\t\t\t\t<div class=\"elementor-column elementor-col-100 elementor-top-column elementor-element elementor-element-70ad58d0\" data-id=\"70ad58d0\" data-element_type=\"column\" data-settings=\"{&quot;background_background&quot;:&quot;classic&quot;}\">\n\t\t\t<div class=\"elementor-widget-wrap elementor-element-populated\">\n\t\t\t\t\t\t<div class=\"elementor-element elementor-element-31db6735 elementor-widget__width-initial elementor-invisible elementor-widget elementor-widget-heading\" data-id=\"31db6735\" data-element_type=\"widget\" data-settings=\"{&quot;_animation&quot;:&quot;fadeInUp&quot;,&quot;_animation_delay&quot;:400}\" data-widget_type=\"heading.default\">\n\t\t\t\t<div class=\"elementor-widget-container\">\n\t\t\t\t\t<h1 class=\"elementor-heading-title elementor-size-default\">Chypre<\/h1>\t\t\t\t<\/div>\n\t\t\t\t<\/div>\n\t\t\t\t<div class=\"elementor-element elementor-element-2b4b1817 ha-has-bg-overlay elementor-invisible elementor-widget elementor-widget-heading\" data-id=\"2b4b1817\" data-element_type=\"widget\" data-settings=\"{&quot;_animation&quot;:&quot;fadeInUp&quot;,&quot;_animation_delay&quot;:400}\" data-widget_type=\"heading.default\">\n\t\t\t\t<div class=\"elementor-widget-container\">\n\t\t\t\t\t<h1 class=\"elementor-heading-title elementor-size-default\">\u00c9tudier sous le soleil m\u00e9diterran\u00e9en\u00a0: votre aventure \u00e9ducative chypriote<\/h1>\t\t\t\t<\/div>\n\t\t\t\t<\/div>\n\t\t\t\t\t<\/div>\n\t\t<\/div>\n\t\t\t\t\t<\/div>\n\t\t<\/section>\n\t\t\t\t<section class=\"elementor-section elementor-top-section elementor-element elementor-element-49531c00 elementor-section-boxed elementor-section-height-default elementor-section-height-default\" data-id=\"49531c00\" data-element_type=\"section\" data-settings=\"{&quot;_ha_eqh_enable&quot;:false}\">\n\t\t\t\t\t\t<div class=\"elementor-container elementor-column-gap-default\">\n\t\t\t\t\t<div class=\"elementor-column elementor-col-100 elementor-top-column elementor-element elementor-element-429bb5d1 elementor-invisible\" data-id=\"429bb5d1\" data-element_type=\"column\" data-settings=\"{&quot;animation&quot;:&quot;fadeIn&quot;}\">\n\t\t\t<div class=\"elementor-widget-wrap elementor-element-populated\">\n\t\t\t\t\t\t<div class=\"elementor-element elementor-element-5aa09655 elementor-widget-mobile__width-initial elementor-widget elementor-widget-heading\" data-id=\"5aa09655\" data-element_type=\"widget\" data-widget_type=\"heading.default\">\n\t\t\t\t<div class=\"elementor-widget-container\">\n\t\t\t\t\t<h2 class=\"elementor-heading-title elementor-size-xl\">Why Choose Cyprus for Your <br>Overseas Studies?<\/h2>\t\t\t\t<\/div>\n\t\t\t\t<\/div>\n\t\t\t\t<div class=\"elementor-element elementor-element-51b0b836 elementor-widget__width-auto elementor-absolute elementor-hidden-mobile elementor-invisible elementor-widget elementor-widget-image\" data-id=\"51b0b836\" data-element_type=\"widget\" data-settings=\"{&quot;_animation&quot;:&quot;bounceIn&quot;,&quot;_animation_delay&quot;:600,&quot;_position&quot;:&quot;absolute&quot;}\" data-widget_type=\"image.default\">\n\t\t\t\t<div class=\"elementor-widget-container\">\n\t\t\t\t\t\t\t\t\t\t\t\t\t\t\t<img decoding=\"async\" src=\"https:\/\/amesgroup.com.au\/wp-content\/uploads\/elementor\/thumbs\/male-hiker-with-his-backpack-looking-mountain-view-through-binocular-scaled-r2ckdp2n1wkgtl9o92yoj95s2j6l2exzi4gkgyp84c.jpg\" title=\"randonneur avec son sac \u00e0 dos regardant la montagne \u00e0 travers des jumelles\" alt=\"male-hiker-with-his-backpack-looking-mountain-view-through-binocular\" loading=\"lazy\" \/>\t\t\t\t\t\t\t\t\t\t\t\t\t\t\t<\/div>\n\t\t\t\t<\/div>\n\t\t\t\t<div class=\"elementor-element elementor-element-72eb9578 elementor-widget__width-auto elementor-absolute elementor-hidden-mobile elementor-invisible elementor-widget elementor-widget-image\" data-id=\"72eb9578\" data-element_type=\"widget\" data-settings=\"{&quot;_animation&quot;:&quot;bounceIn&quot;,&quot;_animation_delay&quot;:600,&quot;_position&quot;:&quot;absolute&quot;}\" data-widget_type=\"image.default\">\n\t\t\t\t<div class=\"elementor-widget-container\">\n\t\t\t\t\t\t\t\t\t\t\t\t\t\t\t<img decoding=\"async\" src=\"https:\/\/amesgroup.com.au\/wp-content\/uploads\/elementor\/thumbs\/front-view-couple-holding-hands-1-scaled-r2du3o8dmcvivf1vxjjwvfd974kz54gpuc56d0riag.jpg\" title=\"vue de face-couple-se-tenant-la-main\" alt=\"front-view-couple-holding-hands\" loading=\"lazy\" \/>\t\t\t\t\t\t\t\t\t\t\t\t\t\t\t<\/div>\n\t\t\t\t<\/div>\n\t\t\t\t<div class=\"elementor-element elementor-element-4a84ef8c elementor-widget__width-auto elementor-absolute elementor-hidden-mobile elementor-invisible elementor-widget elementor-widget-image\" data-id=\"4a84ef8c\" data-element_type=\"widget\" data-settings=\"{&quot;_animation&quot;:&quot;bounceIn&quot;,&quot;_animation_delay&quot;:600,&quot;_position&quot;:&quot;absolute&quot;}\" data-widget_type=\"image.default\">\n\t\t\t\t<div class=\"elementor-widget-container\">\n\t\t\t\t\t\t\t\t\t\t\t\t\t\t\t<img decoding=\"async\" src=\"https:\/\/amesgroup.com.au\/wp-content\/uploads\/elementor\/thumbs\/fashion-bridge-beautiful-blue-baggage-traveller-scaled-r2ckglep9tdshpci8lgg8rn3a5y6ql76s7nufp2gww.jpg\" title=\"pont-de-mode-beau-bleu-bagages-voyageur\" alt=\"Asian man in hat with backpack travelling on bridge to the sea, Summer travel, Color filter with lens flare\" loading=\"lazy\" \/>\t\t\t\t\t\t\t\t\t\t\t\t\t\t\t<\/div>\n\t\t\t\t<\/div>\n\t\t\t\t<div class=\"elementor-element elementor-element-1a9bfcc2 elementor-widget elementor-widget-text-editor\" data-id=\"1a9bfcc2\" data-element_type=\"widget\" data-widget_type=\"text-editor.default\">\n\t\t\t\t<div class=\"elementor-widget-container\">\n\t\t\t\t\t\t\t\t\t<ul><li data-sourcepos=\"13:1-13:212\"><strong>\u00c9ducation de haute qualit\u00e9 :<\/strong> Chypre dispose d&#039;un r\u00e9seau croissant d&#039;universit\u00e9s et de coll\u00e8ges reconnus \u00e0 l&#039;\u00e9chelle internationale, offrant une large gamme de programmes de premier et de deuxi\u00e8me cycle dans diverses disciplines.<\/li><li data-sourcepos=\"14:1-14:226\"><strong>Frais de scolarit\u00e9 abordables :<\/strong> Compar\u00e9 \u00e0 de nombreux pays d\u2019Europe occidentale, Chypre offre des frais de scolarit\u00e9 comp\u00e9titifs, ce qui en fait une option attrayante pour les \u00e9tudiants internationaux \u00e0 la recherche d\u2019une \u00e9ducation de qualit\u00e9 \u00e0 un co\u00fbt plus accessible.<\/li><li data-sourcepos=\"15:1-15:156\"><strong>Environnement anglophone :<\/strong> L&#039;anglais est largement parl\u00e9 \u00e0 Chypre, ce qui facilite l&#039;int\u00e9gration et les \u00e9tudes des \u00e9tudiants internationaux.<\/li><li data-sourcepos=\"16:1-16:210\"><strong>Culture et style de vie dynamiques :<\/strong> D\u00e9couvrez la riche mosa\u00efque de la culture chypriote, de l&#039;histoire ancienne et des sites arch\u00e9ologiques aux plages \u00e9poustouflantes, \u00e0 la d\u00e9licieuse cuisine m\u00e9diterran\u00e9enne et \u00e0 une vie nocturne anim\u00e9e.<\/li><li data-sourcepos=\"17:1-17:208\"><strong>Opportunit\u00e9s de travail:<\/strong> Chypre offre d&#039;excellentes opportunit\u00e9s aux \u00e9tudiants internationaux d&#039;acqu\u00e9rir une exp\u00e9rience professionnelle pr\u00e9cieuse pendant leurs \u00e9tudes et apr\u00e8s l&#039;obtention de leur dipl\u00f4me, contribuant ainsi \u00e0 leur d\u00e9veloppement de carri\u00e8re.<\/li><li data-sourcepos=\"18:1-19:0\"><strong>Voie vers l&#039;Union europ\u00e9enne :<\/strong> Chypre est membre de l&#039;Union europ\u00e9enne, ce qui offre aux \u00e9tudiants des possibilit\u00e9s de travailler et de vivre au sein de l&#039;UE apr\u00e8s l&#039;obtention de leur dipl\u00f4me.<\/li><\/ul>\t\t\t\t\t\t\t\t<\/div>\n\t\t\t\t<\/div>\n\t\t\t\t\t<\/div>\n\t\t<\/div>\n\t\t\t\t\t<\/div>\n\t\t<\/section>\n\t\t\t\t<section class=\"elementor-section elementor-top-section elementor-element elementor-element-457c538a elementor-section-boxed elementor-section-height-default elementor-section-height-default\" data-id=\"457c538a\" data-element_type=\"section\" data-settings=\"{&quot;background_background&quot;:&quot;classic&quot;,&quot;_ha_eqh_enable&quot;:false}\">\n\t\t\t\t\t\t<div class=\"elementor-container elementor-column-gap-no\">\n\t\t\t\t\t<div class=\"elementor-column elementor-col-50 elementor-top-column elementor-element elementor-element-5b32f26f elementor-invisible\" data-id=\"5b32f26f\" data-element_type=\"column\" data-settings=\"{&quot;animation&quot;:&quot;fadeIn&quot;,&quot;background_background&quot;:&quot;classic&quot;}\">\n\t\t\t<div class=\"elementor-widget-wrap elementor-element-populated\">\n\t\t\t\t\t\t<div class=\"elementor-element elementor-element-11fdfb6f elementor-widget__width-auto elementor-absolute elementor-hidden-mobile elementor-invisible elementor-widget elementor-widget-image\" data-id=\"11fdfb6f\" data-element_type=\"widget\" data-settings=\"{&quot;_animation&quot;:&quot;bounceIn&quot;,&quot;_animation_delay&quot;:600,&quot;_position&quot;:&quot;absolute&quot;}\" data-widget_type=\"image.default\">\n\t\t\t\t<div class=\"elementor-widget-container\">\n\t\t\t\t\t\t\t\t\t\t\t\t\t\t\t<img decoding=\"async\" src=\"https:\/\/amesgroup.com.au\/wp-content\/uploads\/elementor\/thumbs\/life-after-covid-freedom-concept-scaled-r2ckbuc2pyvlso8zzjicmyt761ddtoc1goxh3c44dc.jpg\" title=\"concept de libert\u00e9 de vie apr\u00e8s le Covid\" alt=\"life-after-covid-freedom-concept\" loading=\"lazy\" \/>\t\t\t\t\t\t\t\t\t\t\t\t\t\t\t<\/div>\n\t\t\t\t<\/div>\n\t\t\t\t<div class=\"elementor-element elementor-element-3c5b21c9 elementor-view-stacked elementor-shape-square elementor-widget__width-auto elementor-absolute elementor-hidden-mobile elementor-invisible elementor-widget elementor-widget-icon\" data-id=\"3c5b21c9\" data-element_type=\"widget\" data-settings=\"{&quot;_animation&quot;:&quot;rotateIn&quot;,&quot;_position&quot;:&quot;absolute&quot;}\" data-widget_type=\"icon.default\">\n\t\t\t\t<div class=\"elementor-widget-container\">\n\t\t\t\t\t\t\t<div class=\"elementor-icon-wrapper\">\n\t\t\t<div class=\"elementor-icon\">\n\t\t\t<svg aria-hidden=\"true\" class=\"e-font-icon-svg e-far-heart\" viewbox=\"0 0 512 512\" xmlns=\"http:\/\/www.w3.org\/2000\/svg\"><path d=\"M458.4 64.3C400.6 15.7 311.3 23 256 79.3 200.7 23 111.4 15.6 53.6 64.3-21.6 127.6-10.6 230.8 43 285.5l175.4 178.7c10 10.2 23.4 15.9 37.6 15.9 14.3 0 27.6-5.6 37.6-15.8L469 285.6c53.5-54.7 64.7-157.9-10.6-221.3zm-23.6 187.5L259.4 430.5c-2.4 2.4-4.4 2.4-6.8 0L77.2 251.8c-36.5-37.2-43.9-107.6 7.3-150.7 38.9-32.7 98.9-27.8 136.5 10.5l35 35.7 35-35.7c37.8-38.5 97.8-43.2 136.5-10.6 51.1 43.1 43.5 113.9 7.3 150.8z\"><\/path><\/svg>\t\t\t<\/div>\n\t\t<\/div>\n\t\t\t\t\t\t<\/div>\n\t\t\t\t<\/div>\n\t\t\t\t\t<\/div>\n\t\t<\/div>\n\t\t\t\t<div class=\"elementor-column elementor-col-50 elementor-top-column elementor-element elementor-element-7aeb2c9d elementor-invisible\" data-id=\"7aeb2c9d\" data-element_type=\"column\" data-settings=\"{&quot;animation&quot;:&quot;fadeIn&quot;,&quot;animation_delay&quot;:300}\">\n\t\t\t<div class=\"elementor-widget-wrap elementor-element-populated\">\n\t\t\t\t\t\t<div class=\"elementor-element elementor-element-78c820f elementor-hidden-mobile elementor-widget elementor-widget-heading\" data-id=\"78c820f\" data-element_type=\"widget\" data-widget_type=\"heading.default\">\n\t\t\t\t<div class=\"elementor-widget-container\">\n\t\t\t\t\t<h3 class=\"elementor-heading-title elementor-size-medium\">Nouvelle exp\u00e9rience <\/h3>\t\t\t\t<\/div>\n\t\t\t\t<\/div>\n\t\t\t\t<div class=\"elementor-element elementor-element-57b12212 elementor-widget elementor-widget-heading\" data-id=\"57b12212\" data-element_type=\"widget\" data-widget_type=\"heading.default\">\n\t\t\t\t<div class=\"elementor-widget-container\">\n\t\t\t\t\t<h2 class=\"elementor-heading-title elementor-size-default\">Principaux avantages pour les \u00e9tudiants internationaux :<\/h2>\t\t\t\t<\/div>\n\t\t\t\t<\/div>\n\t\t\t\t<div class=\"elementor-element elementor-element-619b4815 elementor-widget elementor-widget-text-editor\" data-id=\"619b4815\" data-element_type=\"widget\" data-widget_type=\"text-editor.default\">\n\t\t\t\t<div class=\"elementor-widget-container\">\n\t\t\t\t\t\t\t\t\t<ul><li data-sourcepos=\"22:1-22:199\"><strong>Co\u00fbt de la vie abordable :<\/strong> Compar\u00e9 \u00e0 de nombreux pays d\u2019Europe occidentale, Chypre offre un co\u00fbt de la vie relativement abordable, ce qui permet aux \u00e9tudiants internationaux de g\u00e9rer plus facilement leurs finances.<\/li><li data-sourcepos=\"23:1-23:180\"><strong>Environnement s\u00fbr et accueillant :<\/strong> Chypre est connue pour son atmosph\u00e8re amicale et accueillante, ce qui en fait un endroit id\u00e9al pour que les \u00e9tudiants internationaux se sentent \u00e0 l&#039;aise et en s\u00e9curit\u00e9.<\/li><li data-sourcepos=\"24:1-25:0\"><strong>Une beaut\u00e9 naturelle \u00e9poustouflante :<\/strong> Explorez les paysages \u00e0 couper le souffle de l&#039;\u00eele, notamment des plages immacul\u00e9es, des montagnes escarp\u00e9es et des for\u00eats luxuriantes, offrant de nombreuses possibilit\u00e9s d&#039;activit\u00e9s de plein air et de d\u00e9tente.<\/li><\/ul>\t\t\t\t\t\t\t\t<\/div>\n\t\t\t\t<\/div>\n\t\t\t\t\t<\/div>\n\t\t<\/div>\n\t\t\t\t\t<\/div>\n\t\t<\/section>\n\t\t\t\t<header class=\"elementor-section elementor-top-section elementor-element elementor-element-47d1d26a elementor-section-height-min-height elementor-section-boxed elementor-section-height-default elementor-section-items-middle\" data-id=\"47d1d26a\" data-element_type=\"section\" data-settings=\"{&quot;background_background&quot;:&quot;classic&quot;,&quot;_ha_eqh_enable&quot;:false}\">\n\t\t\t\t\t\t\t<div class=\"elementor-background-overlay\"><\/div>\n\t\t\t\t\t\t\t<div class=\"elementor-container elementor-column-gap-default\">\n\t\t\t\t\t<div class=\"elementor-column elementor-col-100 elementor-top-column elementor-element elementor-element-6606d12e\" data-id=\"6606d12e\" data-element_type=\"column\">\n\t\t\t<div class=\"elementor-widget-wrap elementor-element-populated\">\n\t\t\t\t\t\t<div class=\"elementor-element elementor-element-4669ee34 elementor-invisible elementor-widget elementor-widget-heading\" data-id=\"4669ee34\" data-element_type=\"widget\" data-settings=\"{&quot;_animation&quot;:&quot;fadeInDown&quot;}\" data-widget_type=\"heading.default\">\n\t\t\t\t<div class=\"elementor-widget-container\">\n\t\t\t\t\t<h1 class=\"elementor-heading-title elementor-size-default\">Nos partenaires<\/h1>\t\t\t\t<\/div>\n\t\t\t\t<\/div>\n\t\t\t\t\t<\/div>\n\t\t<\/div>\n\t\t\t\t\t<\/div>\n\t\t<\/header>\n\t\t\t\t<section class=\"elementor-section elementor-top-section elementor-element elementor-element-665da245 elementor-section-full_width elementor-section-height-default elementor-section-height-default\" data-id=\"665da245\" data-element_type=\"section\" data-settings=\"{&quot;background_background&quot;:&quot;classic&quot;,&quot;_ha_eqh_enable&quot;:false}\">\n\t\t\t\t\t\t<div class=\"elementor-container elementor-column-gap-default\">\n\t\t\t\t\t<div class=\"elementor-column elementor-col-100 elementor-top-column elementor-element elementor-element-67d0253d\" data-id=\"67d0253d\" data-element_type=\"column\">\n\t\t\t<div class=\"elementor-widget-wrap elementor-element-populated\">\n\t\t\t\t\t\t<section class=\"elementor-section elementor-inner-section elementor-element elementor-element-2338feb9 elementor-reverse-mobile elementor-section-boxed elementor-section-height-default elementor-section-height-default\" data-id=\"2338feb9\" data-element_type=\"section\" data-settings=\"{&quot;_ha_eqh_enable&quot;:false}\">\n\t\t\t\t\t\t<div class=\"elementor-container elementor-column-gap-default\">\n\t\t\t\t\t<div class=\"elementor-column elementor-col-100 elementor-inner-column elementor-element elementor-element-25af0c46\" data-id=\"25af0c46\" data-element_type=\"column\">\n\t\t\t<div class=\"elementor-widget-wrap elementor-element-populated\">\n\t\t\t\t\t\t<div class=\"elementor-element elementor-element-2ffcd0ab elementor-widget elementor-widget-heading\" data-id=\"2ffcd0ab\" data-element_type=\"widget\" data-widget_type=\"heading.default\">\n\t\t\t\t<div class=\"elementor-widget-container\">\n\t\t\t\t\t<h2 class=\"elementor-heading-title elementor-size-default\">Nos partenaires et clients<\/h2>\t\t\t\t<\/div>\n\t\t\t\t<\/div>\n\t\t\t\t<div class=\"elementor-element elementor-element-6906a685 elementor-widget-divider--view-line elementor-widget elementor-widget-divider\" data-id=\"6906a685\" data-element_type=\"widget\" data-widget_type=\"divider.default\">\n\t\t\t\t<div class=\"elementor-widget-container\">\n\t\t\t\t\t\t\t<div class=\"elementor-divider\">\n\t\t\t<span class=\"elementor-divider-separator\">\n\t\t\t\t\t\t<\/span>\n\t\t<\/div>\n\t\t\t\t\t\t<\/div>\n\t\t\t\t<\/div>\n\t\t\t\t<div class=\"elementor-element elementor-element-2a4d73f8 elementor-widget elementor-widget-text-editor\" data-id=\"2a4d73f8\" data-element_type=\"widget\" data-widget_type=\"text-editor.default\">\n\t\t\t\t<div class=\"elementor-widget-container\">\n\t\t\t\t\t\t\t\t\t<p>D\u00e9couvrez vos options d&#039;\u00e9tudes internationales\u00a0! \ud83c\udf0d Cliquez ici pour d\u00e9couvrir nos universit\u00e9s partenaires proposant un large \u00e9ventail de cours, de l&#039;anglais et du fran\u00e7ais aux doctorats et masters. Le programme de vos r\u00eaves vous attend\u00a0!<\/p>\t\t\t\t\t\t\t\t<\/div>\n\t\t\t\t<\/div>\n\t\t\t\t<div class=\"elementor-element elementor-element-1686380e elementor-position-left elementor-vertical-align-middle elementor-widget elementor-widget-image-box\" data-id=\"1686380e\" data-element_type=\"widget\" data-widget_type=\"image-box.default\">\n\t\t\t\t<div class=\"elementor-widget-container\">\n\t\t\t\t\t<div class=\"elementor-image-box-wrapper\"><figure class=\"elementor-image-box-img\"><a href=\"https:\/\/ac.ac.cy\/\" tabindex=\"-1\" target=\"_blank\" rel=\"noopener\"><img decoding=\"async\" width=\"408\" height=\"114\" src=\"https:\/\/amesgroup.com.au\/wp-content\/uploads\/2025\/02\/American-College-Cyprus-Cyprus-Logo.png\" class=\"attachment-full size-full wp-image-561\" alt=\"\" srcset=\"https:\/\/amesgroup.com.au\/wp-content\/uploads\/2025\/02\/American-College-Cyprus-Cyprus-Logo.png 408w, https:\/\/amesgroup.com.au\/wp-content\/uploads\/2025\/02\/American-College-Cyprus-Cyprus-Logo-300x84.png 300w\" sizes=\"(max-width: 408px) 100vw, 408px\" title=\"\"><\/a><\/figure><div class=\"elementor-image-box-content\"><h3 class=\"elementor-image-box-title\"><a href=\"https:\/\/ac.ac.cy\/\" target=\"_blank\" rel=\"noopener\">Coll\u00e8ge am\u00e9ricain de Chypre<\/a><\/h3><p class=\"elementor-image-box-description\">Fond\u00e9 en 1975, l&#039;American College est un \u00e9tablissement d&#039;enseignement sup\u00e9rieur de premier plan situ\u00e9 \u00e0 Nicosie, capitale de Chypre, une \u00eele au carrefour de l&#039;Europe, de l&#039;Asie et de l&#039;Afrique. Figurant parmi les plus anciens \u00e9tablissements d&#039;enseignement sup\u00e9rieur de Chypre, l&#039;American College est agr\u00e9\u00e9 par le minist\u00e8re de l&#039;\u00c9ducation et propose une gamme diversifi\u00e9e de programmes accr\u00e9dit\u00e9s. Ces programmes, calqu\u00e9s sur les normes am\u00e9ricaines et europ\u00e9ennes, sont reconnus internationalement et principalement dispens\u00e9s en anglais, attirant un public \u00e9tudiant diversifi\u00e9 venant du monde entier.<\/p><\/div><\/div>\t\t\t\t<\/div>\n\t\t\t\t<\/div>\n\t\t\t\t\t<\/div>\n\t\t<\/div>\n\t\t\t\t\t<\/div>\n\t\t<\/section>\n\t\t\t\t\t<\/div>\n\t\t<\/div>\n\t\t\t\t\t<\/div>\n\t\t<\/section>\n\t\t\t\t<section class=\"elementor-section elementor-top-section elementor-element elementor-element-aa74d98 elementor-section-height-min-height elementor-section-items-stretch elementor-section-boxed elementor-section-height-default\" data-id=\"aa74d98\" data-element_type=\"section\" data-settings=\"{&quot;background_background&quot;:&quot;classic&quot;,&quot;_ha_eqh_enable&quot;:false}\">\n\t\t\t\t\t\t\t<div class=\"elementor-background-overlay\"><\/div>\n\t\t\t\t\t\t\t<div class=\"elementor-container elementor-column-gap-default\">\n\t\t\t\t\t<div class=\"elementor-column elementor-col-100 elementor-top-column elementor-element elementor-element-9e6af55\" data-id=\"9e6af55\" data-element_type=\"column\">\n\t\t\t<div class=\"elementor-widget-wrap elementor-element-populated\">\n\t\t\t\t\t\t<div class=\"elementor-element elementor-element-a9015d1 elementor-widget elementor-widget-heading\" data-id=\"a9015d1\" data-element_type=\"widget\" data-widget_type=\"heading.default\">\n\t\t\t\t<div class=\"elementor-widget-container\">\n\t\t\t\t\t<h2 class=\"elementor-heading-title elementor-size-default\">Cross The Bridge To Your Dreams<\/h2>\t\t\t\t<\/div>\n\t\t\t\t<\/div>\n\t\t\t\t<div class=\"elementor-element elementor-element-efb2c33 elementor-widget elementor-widget-heading\" data-id=\"efb2c33\" data-element_type=\"widget\" data-widget_type=\"heading.default\">\n\t\t\t\t<div class=\"elementor-widget-container\">\n\t\t\t\t\t<h2 class=\"elementor-heading-title elementor-size-default\">Contact Us Today For A Free Consultation<\/h2>\t\t\t\t<\/div>\n\t\t\t\t<\/div>\n\t\t\t\t<div class=\"elementor-element elementor-element-ce93ede elementor-align-center elementor-tablet-align-center elementor-invisible elementor-widget elementor-widget-button\" data-id=\"ce93ede\" data-element_type=\"widget\" data-settings=\"{&quot;_animation&quot;:&quot;fadeInUp&quot;}\" data-widget_type=\"button.default\">\n\t\t\t\t<div class=\"elementor-widget-container\">\n\t\t\t\t\t\t\t\t\t<div class=\"elementor-button-wrapper\">\n\t\t\t\t\t<a class=\"elementor-button elementor-button-link elementor-size-sm elementor-animation-grow\" href=\"https:\/\/amesgroup.com.au\/fr\/book-appointment\/\" target=\"_blank\">\n\t\t\t\t\t\t<span class=\"elementor-button-content-wrapper\">\n\t\t\t\t\t\t<span class=\"elementor-button-icon\">\n\t\t\t\t<svg aria-hidden=\"true\" class=\"e-font-icon-svg e-far-bookmark\" viewbox=\"0 0 384 512\" xmlns=\"http:\/\/www.w3.org\/2000\/svg\"><path d=\"M336 0H48C21.49 0 0 21.49 0 48v464l192-112 192 112V48c0-26.51-21.49-48-48-48zm0 428.43l-144-84-144 84V54a6 6 0 0 1 6-6h276c3.314 0 6 2.683 6 5.996V428.43z\"><\/path><\/svg>\t\t\t<\/span>\n\t\t\t\t\t\t\t\t\t<span class=\"elementor-button-text\">Prenez rendez-vous<\/span>\n\t\t\t\t\t<\/span>\n\t\t\t\t\t<\/a>\n\t\t\t\t<\/div>\n\t\t\t\t\t\t\t\t<\/div>\n\t\t\t\t<\/div>\n\t\t\t\t\t<\/div>\n\t\t<\/div>\n\t\t\t\t\t<\/div>\n\t\t<\/section>\n\t\t\t\t<\/div>","protected":false},"excerpt":{"rendered":"<p>\u00c9tudier \u00e0 Chypre sous le soleil m\u00e9diterran\u00e9en\u00a0: votre aventure \u00e9ducative chypriote. Pourquoi choisir Chypre pour vos \u00e9tudes \u00e0 l&#039;\u00e9tranger\u00a0? Un enseignement de qualit\u00e9\u00a0: Chypre dispose d&#039;un r\u00e9seau croissant d&#039;universit\u00e9s et de coll\u00e8ges de renomm\u00e9e internationale, proposant un large \u00e9ventail de programmes de premier et deuxi\u00e8me cycles dans diverses disciplines. Des frais de scolarit\u00e9 abordables\u00a0: Compar\u00e9s \u00e0 de nombreux pays d&#039;Europe occidentale, Chypre offre des frais de scolarit\u00e9 comp\u00e9titifs [\u2026]<\/p>","protected":false},"author":1,"featured_media":0,"parent":0,"menu_order":0,"comment_status":"closed","ping_status":"closed","template":"","meta":{"_eb_attr":"","content-type":"","footnotes":""},"class_list":["post-554","page","type-page","status-publish","hentry"],"_links":{"self":[{"href":"https:\/\/amesgroup.com.au\/fr\/wp-json\/wp\/v2\/pages\/554","targetHints":{"allow":["GET"]}}],"collection":[{"href":"https:\/\/amesgroup.com.au\/fr\/wp-json\/wp\/v2\/pages"}],"about":[{"href":"https:\/\/amesgroup.com.au\/fr\/wp-json\/wp\/v2\/types\/page"}],"author":[{"embeddable":true,"href":"https:\/\/amesgroup.com.au\/fr\/wp-json\/wp\/v2\/users\/1"}],"replies":[{"embeddable":true,"href":"https:\/\/amesgroup.com.au\/fr\/wp-json\/wp\/v2\/comments?post=554"}],"version-history":[{"count":60,"href":"https:\/\/amesgroup.com.au\/fr\/wp-json\/wp\/v2\/pages\/554\/revisions"}],"predecessor-version":[{"id":28126,"href":"https:\/\/amesgroup.com.au\/fr\/wp-json\/wp\/v2\/pages\/554\/revisions\/28126"}],"wp:attachment":[{"href":"https:\/\/amesgroup.com.au\/fr\/wp-json\/wp\/v2\/media?parent=554"}],"curies":[{"name":"wp","href":"https:\/\/api.w.org\/{rel}","templated":true}]}}