{"id":719,"date":"2025-02-12T11:23:51","date_gmt":"2025-02-12T11:23:51","guid":{"rendered":"https:\/\/amesgroup.com.au\/?page_id=719"},"modified":"2025-12-17T16:29:26","modified_gmt":"2025-12-17T05:29:26","slug":"ireland","status":"publish","type":"page","link":"https:\/\/amesgroup.com.au\/et\/ireland\/","title":{"rendered":"Iirimaa"},"content":{"rendered":"<div data-elementor-type=\"wp-page\" data-elementor-id=\"719\" class=\"elementor elementor-719\" data-elementor-settings=\"{&quot;ha_cmc_init_switcher&quot;:&quot;no&quot;}\" data-elementor-post-type=\"page\">\n\t\t\t\t\t\t<section class=\"elementor-section elementor-top-section elementor-element elementor-element-65adbf04 elementor-section-height-min-height elementor-section-boxed elementor-section-height-default elementor-section-items-middle elementor-invisible\" data-id=\"65adbf04\" data-element_type=\"section\" data-settings=\"{&quot;background_background&quot;:&quot;classic&quot;,&quot;animation&quot;:&quot;fadeIn&quot;,&quot;animation_delay&quot;:300,&quot;_ha_eqh_enable&quot;:false}\">\n\t\t\t\t\t\t<div class=\"elementor-container elementor-column-gap-default\">\n\t\t\t\t\t<div class=\"elementor-column elementor-col-100 elementor-top-column elementor-element elementor-element-3ee0780d\" data-id=\"3ee0780d\" data-element_type=\"column\" data-settings=\"{&quot;background_background&quot;:&quot;classic&quot;}\">\n\t\t\t<div class=\"elementor-widget-wrap elementor-element-populated\">\n\t\t\t\t\t\t<div class=\"elementor-element elementor-element-5bfb01a elementor-widget__width-initial elementor-invisible elementor-widget elementor-widget-heading\" data-id=\"5bfb01a\" data-element_type=\"widget\" data-settings=\"{&quot;_animation&quot;:&quot;fadeInUp&quot;,&quot;_animation_delay&quot;:400}\" data-widget_type=\"heading.default\">\n\t\t\t\t<div class=\"elementor-widget-container\">\n\t\t\t\t\t<h1 class=\"elementor-heading-title elementor-size-default\">Iirimaa<\/h1>\t\t\t\t<\/div>\n\t\t\t\t<\/div>\n\t\t\t\t<div class=\"elementor-element elementor-element-2f0e33f7 ha-has-bg-overlay elementor-invisible elementor-widget elementor-widget-heading\" data-id=\"2f0e33f7\" data-element_type=\"widget\" data-settings=\"{&quot;_animation&quot;:&quot;fadeInUp&quot;,&quot;_animation_delay&quot;:400}\" data-widget_type=\"heading.default\">\n\t\t\t\t<div class=\"elementor-widget-container\">\n\t\t\t\t\t<h1 class=\"elementor-heading-title elementor-size-default\">Kogege Emerald Isle&#039;i<\/h1>\t\t\t\t<\/div>\n\t\t\t\t<\/div>\n\t\t\t\t\t<\/div>\n\t\t<\/div>\n\t\t\t\t\t<\/div>\n\t\t<\/section>\n\t\t\t\t<section class=\"elementor-section elementor-top-section elementor-element elementor-element-1068d0e1 elementor-section-height-min-height elementor-section-boxed elementor-section-height-default elementor-section-items-middle\" data-id=\"1068d0e1\" data-element_type=\"section\" data-settings=\"{&quot;_ha_eqh_enable&quot;:false}\">\n\t\t\t\t\t\t<div class=\"elementor-container elementor-column-gap-default\">\n\t\t\t\t\t<div class=\"elementor-column elementor-col-100 elementor-top-column elementor-element elementor-element-d01a61a elementor-invisible\" data-id=\"d01a61a\" data-element_type=\"column\" data-settings=\"{&quot;animation&quot;:&quot;fadeIn&quot;}\">\n\t\t\t<div class=\"elementor-widget-wrap elementor-element-populated\">\n\t\t\t\t\t\t<div class=\"elementor-element elementor-element-54bfcdff elementor-widget elementor-widget-heading\" data-id=\"54bfcdff\" data-element_type=\"widget\" data-widget_type=\"heading.default\">\n\t\t\t\t<div class=\"elementor-widget-container\">\n\t\t\t\t\t<h2 class=\"elementor-heading-title elementor-size-xl\">\u00d5ppige ja t\u00f6\u00f6tage Iirimaal<\/h2>\t\t\t\t<\/div>\n\t\t\t\t<\/div>\n\t\t\t\t<div class=\"elementor-element elementor-element-9ba2a7c elementor-view-stacked elementor-shape-square elementor-widget__width-auto elementor-absolute elementor-invisible elementor-widget elementor-widget-icon\" data-id=\"9ba2a7c\" data-element_type=\"widget\" data-settings=\"{&quot;_animation&quot;:&quot;rotateIn&quot;,&quot;_position&quot;:&quot;absolute&quot;}\" data-widget_type=\"icon.default\">\n\t\t\t\t<div class=\"elementor-widget-container\">\n\t\t\t\t\t\t\t<div class=\"elementor-icon-wrapper\">\n\t\t\t<div class=\"elementor-icon\">\n\t\t\t<svg aria-hidden=\"true\" class=\"e-font-icon-svg e-far-grin-beam\" viewbox=\"0 0 496 512\" xmlns=\"http:\/\/www.w3.org\/2000\/svg\"><path d=\"M248 8C111 8 0 119 0 256s111 248 248 248 248-111 248-248S385 8 248 8zm0 448c-110.3 0-200-89.7-200-200S137.7 56 248 56s200 89.7 200 200-89.7 200-200 200zm105.6-151.4c-25.9 8.3-64.4 13.1-105.6 13.1s-79.6-4.8-105.6-13.1c-9.8-3.1-19.4 5.3-17.7 15.3 7.9 47.1 71.3 80 123.3 80s115.3-32.9 123.3-80c1.6-9.8-7.7-18.4-17.7-15.3zm-235.9-72.9c3.5 1.1 7.4-.5 9.3-3.7l9.5-17c7.7-13.7 19.2-21.6 31.5-21.6s23.8 7.9 31.5 21.6l9.5 17c2.1 3.7 6.2 4.7 9.3 3.7 3.6-1.1 6-4.5 5.7-8.3-3.3-42.1-32.2-71.4-56-71.4s-52.7 29.3-56 71.4c-.3 3.7 2.1 7.2 5.7 8.3zm160 0c3.5 1.1 7.4-.5 9.3-3.7l9.5-17c7.7-13.7 19.2-21.6 31.5-21.6s23.8 7.9 31.5 21.6l9.5 17c2.1 3.7 6.2 4.7 9.3 3.7 3.6-1.1 6-4.5 5.7-8.3-3.3-42.1-32.2-71.4-56-71.4s-52.7 29.3-56 71.4c-.3 3.7 2.1 7.2 5.7 8.3z\"><\/path><\/svg>\t\t\t<\/div>\n\t\t<\/div>\n\t\t\t\t\t\t<\/div>\n\t\t\t\t<\/div>\n\t\t\t\t<div class=\"elementor-element elementor-element-6ce5584c elementor-widget__width-auto elementor-absolute elementor-hidden-mobile elementor-invisible elementor-widget elementor-widget-image\" data-id=\"6ce5584c\" data-element_type=\"widget\" data-settings=\"{&quot;_animation&quot;:&quot;bounceIn&quot;,&quot;_animation_delay&quot;:600,&quot;_position&quot;:&quot;absolute&quot;}\" data-widget_type=\"image.default\">\n\t\t\t\t<div class=\"elementor-widget-container\">\n\t\t\t\t\t\t\t\t\t\t\t\t\t\t\t<img decoding=\"async\" src=\"https:\/\/amesgroup.com.au\/wp-content\/uploads\/elementor\/thumbs\/young-man-classroom-scaled-r2dwwhf9p5sei1yn8n2ioyihpfhmh2khzx3jtmpyzg.jpg\" title=\"noormees-klassiruum\" alt=\"young-man-classroom\" loading=\"lazy\" \/>\t\t\t\t\t\t\t\t\t\t\t\t\t\t\t<\/div>\n\t\t\t\t<\/div>\n\t\t\t\t<div class=\"elementor-element elementor-element-58d83840 elementor-widget__width-auto elementor-absolute elementor-hidden-mobile elementor-invisible elementor-widget elementor-widget-image\" data-id=\"58d83840\" data-element_type=\"widget\" data-settings=\"{&quot;_animation&quot;:&quot;bounceIn&quot;,&quot;_animation_delay&quot;:600,&quot;_position&quot;:&quot;absolute&quot;}\" data-widget_type=\"image.default\">\n\t\t\t\t<div class=\"elementor-widget-container\">\n\t\t\t\t\t\t\t\t\t\t\t\t\t\t\t<img decoding=\"async\" src=\"https:\/\/amesgroup.com.au\/wp-content\/uploads\/elementor\/thumbs\/group-people-walking-front-building-scaled-r2dw4eyqisgdd1e15ziiu2jg6m1ktv8widnxdwworc.jpg\" title=\"oneplus_0\" alt=\"oneplus_0\" loading=\"lazy\" \/>\t\t\t\t\t\t\t\t\t\t\t\t\t\t\t<\/div>\n\t\t\t\t<\/div>\n\t\t\t\t<div class=\"elementor-element elementor-element-4fe31cd0 elementor-widget__width-auto elementor-absolute elementor-hidden-mobile elementor-invisible elementor-widget elementor-widget-image\" data-id=\"4fe31cd0\" data-element_type=\"widget\" data-settings=\"{&quot;_animation&quot;:&quot;bounceIn&quot;,&quot;_animation_delay&quot;:600,&quot;_position&quot;:&quot;absolute&quot;}\" data-widget_type=\"image.default\">\n\t\t\t\t<div class=\"elementor-widget-container\">\n\t\t\t\t\t\t\t\t\t\t\t\t\t\t\t<img decoding=\"async\" src=\"https:\/\/amesgroup.com.au\/wp-content\/uploads\/elementor\/thumbs\/angelina-litvin-39774-unsplash-r0r8e5b5k9gih7lvp845fqo96cywrpr6lg2h1fz868.jpg\" title=\"angelina-litvin-39774-unsplash.jpg\" alt=\"angelina-litvin-39774-unsplash.jpg\" loading=\"lazy\" \/>\t\t\t\t\t\t\t\t\t\t\t\t\t\t\t<\/div>\n\t\t\t\t<\/div>\n\t\t\t\t\t<\/div>\n\t\t<\/div>\n\t\t\t\t\t<\/div>\n\t\t<\/section>\n\t\t\t\t<section class=\"elementor-section elementor-top-section elementor-element elementor-element-5f764c8e elementor-section-height-min-height elementor-section-boxed elementor-section-height-default elementor-section-items-middle\" data-id=\"5f764c8e\" data-element_type=\"section\" data-settings=\"{&quot;_ha_eqh_enable&quot;:false}\">\n\t\t\t\t\t\t\t<div class=\"elementor-background-overlay\"><\/div>\n\t\t\t\t\t\t\t<div class=\"elementor-container elementor-column-gap-no\">\n\t\t\t\t\t<div class=\"elementor-column elementor-col-100 elementor-top-column elementor-element elementor-element-7fcfa3f1 elementor-invisible\" data-id=\"7fcfa3f1\" data-element_type=\"column\" data-settings=\"{&quot;animation&quot;:&quot;fadeIn&quot;}\">\n\t\t\t<div class=\"elementor-widget-wrap elementor-element-populated\">\n\t\t\t\t\t\t<div class=\"elementor-element elementor-element-3821707b elementor-widget elementor-widget-heading\" data-id=\"3821707b\" data-element_type=\"widget\" data-widget_type=\"heading.default\">\n\t\t\t\t<div class=\"elementor-widget-container\">\n\t\t\t\t\t<h2 class=\"elementor-heading-title elementor-size-default\">Miks \u00f5ppida Iirimaal?<\/h2>\t\t\t\t<\/div>\n\t\t\t\t<\/div>\n\t\t\t\t<div class=\"elementor-element elementor-element-4db0ca94 elementor-widget elementor-widget-text-editor\" data-id=\"4db0ca94\" data-element_type=\"widget\" data-widget_type=\"text-editor.default\">\n\t\t\t\t<div class=\"elementor-widget-container\">\n\t\t\t\t\t\t\t\t\t<p>Avastage Iirimaa elavat akadeemilist maastikku, maad, mis on tuntud oma rikkaliku ajaloo, vapustava maastiku ja sooja k\u00fclalislahkuse poolest.<\/p>\t\t\t\t\t\t\t\t<\/div>\n\t\t\t\t<\/div>\n\t\t\t\t<div class=\"elementor-element elementor-element-097b7a9 elementor-widget elementor-widget-text-editor\" data-id=\"097b7a9\" data-element_type=\"widget\" data-widget_type=\"text-editor.default\">\n\t\t\t\t<div class=\"elementor-widget-container\">\n\t\t\t\t\t\t\t\t\t<ul><li data-sourcepos=\"11:1-11:150\"><strong>Maailmatasemel haridus:<\/strong> Iirimaal on maailmatasemel hariduss\u00fcsteem koos rahvusvaheliselt tunnustatud \u00fclikoolide ja tehnoloogiainstituutidega.<\/li><li data-sourcepos=\"12:1-12:135\"><strong>Ingliskeelne keskkond:<\/strong> Inglise keelt k\u00f5neleva riigina pakub Iirimaa rahvusvahelistele \u00fcli\u00f5pilastele sujuvat \u00fcleminekut.<\/li><li data-sourcepos=\"13:1-13:102\"><strong>Elav tudengielu:<\/strong> Kogege elavat \u00fcli\u00f5pilaselu mitmekesise ja k\u00fclalislahke kogukonnaga.<\/li><li data-sourcepos=\"14:1-14:143\"><strong>\u00d5ppimisj\u00e4rgse t\u00f6\u00f6viisa v\u00f5imalused:<\/strong> P\u00e4rast kooli l\u00f5petamist saate Iirimaal v\u00e4\u00e4rtuslikku t\u00f6\u00f6kogemust atraktiivsete \u00f5pij\u00e4rgsete t\u00f6\u00f6viisa v\u00f5imaluste kaudu.<\/li><li data-sourcepos=\"15:1-15:121\"><strong>Kultuurik\u00fcmblus:<\/strong> Sukelduge Iiri kultuuri, uurige ajaloolisi paiku ja nautige elavat kunstimaastikku.<\/li><li data-sourcepos=\"16:1-16:112\"><strong>Vapustav loomulik ilu:<\/strong> Avastage hingematvaid maastikke karmidest rannajoontest kuni lainetavate roheliste k\u00fcngasteni.<\/li><li data-sourcepos=\"17:1-18:0\"><strong>\u00dclemaailmsed karj\u00e4\u00e4riv\u00f5imalused:<\/strong> Iiri haridus annab tugeva aluse edukaks \u00fclemaailmseks karj\u00e4\u00e4riks.<\/li><\/ul>\t\t\t\t\t\t\t\t<\/div>\n\t\t\t\t<\/div>\n\t\t\t\t\t<\/div>\n\t\t<\/div>\n\t\t\t\t\t<\/div>\n\t\t<\/section>\n\t\t\t\t<header class=\"elementor-section elementor-top-section elementor-element elementor-element-5f6a06d3 elementor-section-height-min-height elementor-section-boxed elementor-section-height-default elementor-section-items-middle\" data-id=\"5f6a06d3\" data-element_type=\"section\" data-settings=\"{&quot;background_background&quot;:&quot;classic&quot;,&quot;_ha_eqh_enable&quot;:false}\">\n\t\t\t\t\t\t\t<div class=\"elementor-background-overlay\"><\/div>\n\t\t\t\t\t\t\t<div class=\"elementor-container elementor-column-gap-default\">\n\t\t\t\t\t<div class=\"elementor-column elementor-col-100 elementor-top-column elementor-element elementor-element-415d1645\" data-id=\"415d1645\" data-element_type=\"column\">\n\t\t\t<div class=\"elementor-widget-wrap elementor-element-populated\">\n\t\t\t\t\t\t<div class=\"elementor-element elementor-element-58b5ff4f elementor-invisible elementor-widget elementor-widget-heading\" data-id=\"58b5ff4f\" data-element_type=\"widget\" data-settings=\"{&quot;_animation&quot;:&quot;fadeInDown&quot;}\" data-widget_type=\"heading.default\">\n\t\t\t\t<div class=\"elementor-widget-container\">\n\t\t\t\t\t<h1 class=\"elementor-heading-title elementor-size-default\">Meie partnerid<\/h1>\t\t\t\t<\/div>\n\t\t\t\t<\/div>\n\t\t\t\t\t<\/div>\n\t\t<\/div>\n\t\t\t\t\t<\/div>\n\t\t<\/header>\n\t\t\t\t<section class=\"elementor-section elementor-top-section elementor-element elementor-element-5267feab elementor-section-full_width elementor-section-height-default elementor-section-height-default\" data-id=\"5267feab\" data-element_type=\"section\" data-settings=\"{&quot;background_background&quot;:&quot;classic&quot;,&quot;_ha_eqh_enable&quot;:false}\">\n\t\t\t\t\t\t<div class=\"elementor-container elementor-column-gap-default\">\n\t\t\t\t\t<div class=\"elementor-column elementor-col-100 elementor-top-column elementor-element elementor-element-3c2a201a\" data-id=\"3c2a201a\" data-element_type=\"column\">\n\t\t\t<div class=\"elementor-widget-wrap elementor-element-populated\">\n\t\t\t\t\t\t<section class=\"elementor-section elementor-inner-section elementor-element elementor-element-28e44b61 elementor-reverse-mobile elementor-section-boxed elementor-section-height-default elementor-section-height-default\" data-id=\"28e44b61\" data-element_type=\"section\" data-settings=\"{&quot;_ha_eqh_enable&quot;:false}\">\n\t\t\t\t\t\t<div class=\"elementor-container elementor-column-gap-default\">\n\t\t\t\t\t<div class=\"elementor-column elementor-col-100 elementor-inner-column elementor-element elementor-element-173b5c4a\" data-id=\"173b5c4a\" data-element_type=\"column\">\n\t\t\t<div class=\"elementor-widget-wrap elementor-element-populated\">\n\t\t\t\t\t\t<div class=\"elementor-element elementor-element-17b9c898 elementor-widget elementor-widget-heading\" data-id=\"17b9c898\" data-element_type=\"widget\" data-widget_type=\"heading.default\">\n\t\t\t\t<div class=\"elementor-widget-container\">\n\t\t\t\t\t<h2 class=\"elementor-heading-title elementor-size-default\">Meie partnerid ja kliendid<\/h2>\t\t\t\t<\/div>\n\t\t\t\t<\/div>\n\t\t\t\t<div class=\"elementor-element elementor-element-19d316b3 elementor-widget-divider--view-line elementor-widget elementor-widget-divider\" data-id=\"19d316b3\" data-element_type=\"widget\" data-widget_type=\"divider.default\">\n\t\t\t\t<div class=\"elementor-widget-container\">\n\t\t\t\t\t\t\t<div class=\"elementor-divider\">\n\t\t\t<span class=\"elementor-divider-separator\">\n\t\t\t\t\t\t<\/span>\n\t\t<\/div>\n\t\t\t\t\t\t<\/div>\n\t\t\t\t<\/div>\n\t\t\t\t<div class=\"elementor-element elementor-element-70f5f05d elementor-widget elementor-widget-text-editor\" data-id=\"70f5f05d\" data-element_type=\"widget\" data-widget_type=\"text-editor.default\">\n\t\t\t\t<div class=\"elementor-widget-container\">\n\t\t\t\t\t\t\t\t\t<p>Akadeemiliste pakkumiste uurimiseks ja konkreetsete programmide kohta s\u00fcgavama \u00fclevaate saamiseks soovitame teil v\u00f5tta \u00fchendust meie hinnatud partneritega. Leiad p\u00f5hjaliku nimekirja meie partneritest. Nende institutsioonidega suheldes on teil otsene juurdep\u00e4\u00e4s teabele nende erinevate kursuste, akadeemiliste programmide ja erialaste \u00f5ppevaldkondade kohta. See v\u00e4\u00e4rtuslik suhtlus aitab teil teha oma akadeemilise teekonna kohta teadlikke otsuseid ja leida oma hariduslike eesm\u00e4rkide jaoks k\u00f5ige sobivama.<\/p>\t\t\t\t\t\t\t\t<\/div>\n\t\t\t\t<\/div>\n\t\t\t\t<div class=\"elementor-element elementor-element-3689f761 elementor-position-left elementor-vertical-align-middle elementor-widget elementor-widget-image-box\" data-id=\"3689f761\" data-element_type=\"widget\" data-widget_type=\"image-box.default\">\n\t\t\t\t<div class=\"elementor-widget-container\">\n\t\t\t\t\t<div class=\"elementor-image-box-wrapper\"><figure class=\"elementor-image-box-img\"><a href=\"https:\/\/www.dbs.ie\/\" tabindex=\"-1\" target=\"_blank\" rel=\"noopener\"><img fetchpriority=\"high\" decoding=\"async\" width=\"400\" height=\"400\" src=\"https:\/\/amesgroup.com.au\/wp-content\/uploads\/2025\/02\/Dublin-Business-School.png\" class=\"attachment-full size-full wp-image-726\" alt=\"\" srcset=\"https:\/\/amesgroup.com.au\/wp-content\/uploads\/2025\/02\/Dublin-Business-School.png 400w, https:\/\/amesgroup.com.au\/wp-content\/uploads\/2025\/02\/Dublin-Business-School-300x300.png 300w, https:\/\/amesgroup.com.au\/wp-content\/uploads\/2025\/02\/Dublin-Business-School-150x150.png 150w\" sizes=\"(max-width: 400px) 100vw, 400px\" title=\"\"><\/a><\/figure><div class=\"elementor-image-box-content\"><h3 class=\"elementor-image-box-title\"><a href=\"https:\/\/www.dbs.ie\/\" target=\"_blank\" rel=\"noopener\">Dublini \u00e4rikool<\/a><\/h3><p class=\"elementor-image-box-description\">T\u00e4iendus DBS-i kutsediplomiga. Valige meie laiaulatusliku programmikomplekti hulgast, mida pakutakse mitmesugustes valdkondades alates juhtimisest kuni personalijuhtimise, ettev\u00f5tluse ja paljude teisteni.<\/p><\/div><\/div>\t\t\t\t<\/div>\n\t\t\t\t<\/div>\n\t\t\t\t<div class=\"elementor-element elementor-element-1fad6b32 elementor-position-left elementor-vertical-align-middle elementor-widget elementor-widget-image-box\" data-id=\"1fad6b32\" data-element_type=\"widget\" data-widget_type=\"image-box.default\">\n\t\t\t\t<div class=\"elementor-widget-container\">\n\t\t\t\t\t<div class=\"elementor-image-box-wrapper\"><figure class=\"elementor-image-box-img\"><a href=\"https:\/\/erinschoolofenglish.com\" tabindex=\"-1\" target=\"_blank\" rel=\"noopener\"><img decoding=\"async\" width=\"400\" height=\"400\" src=\"https:\/\/amesgroup.com.au\/wp-content\/uploads\/2025\/02\/Erin-School-Of-English.png\" class=\"attachment-full size-full wp-image-728\" alt=\"\" srcset=\"https:\/\/amesgroup.com.au\/wp-content\/uploads\/2025\/02\/Erin-School-Of-English.png 400w, https:\/\/amesgroup.com.au\/wp-content\/uploads\/2025\/02\/Erin-School-Of-English-300x300.png 300w, https:\/\/amesgroup.com.au\/wp-content\/uploads\/2025\/02\/Erin-School-Of-English-150x150.png 150w\" sizes=\"(max-width: 400px) 100vw, 400px\" title=\"\"><\/a><\/figure><div class=\"elementor-image-box-content\"><h3 class=\"elementor-image-box-title\"><a href=\"https:\/\/erinschoolofenglish.com\" target=\"_blank\" rel=\"noopener\">Erini inglise keele kool<\/a><\/h3><p class=\"elementor-image-box-description\">Erin on Dublinis asuv juhtiv ESL-kool, mis on p\u00fchendunud \u00f5pilastele ladusa inglise keele oskuse andmisele. Eelistame reaalset keelekasutust, keskendudes k\u00f5ikidele aspektidele \u2013 r\u00e4\u00e4kimisele, kuulamisele, lugemisele ja kirjutamisele. Meie \u00f5ppekava, mis on koosk\u00f5lla Euroopa \u00fchise raamistikuga, r\u00f5hutab loomulikku v\u00e4ljendust, v\u00f5imaldades \u00f5pilastel suhelda t\u00f5husalt ja enesekindlalt inglise keeles, just nagu nad teevad seda oma emakeeles.<\/p><\/div><\/div>\t\t\t\t<\/div>\n\t\t\t\t<\/div>\n\t\t\t\t<div class=\"elementor-element elementor-element-ac2fd6f elementor-position-left elementor-vertical-align-middle elementor-widget elementor-widget-image-box\" data-id=\"ac2fd6f\" data-element_type=\"widget\" data-widget_type=\"image-box.default\">\n\t\t\t\t<div class=\"elementor-widget-container\">\n\t\t\t\t\t<div class=\"elementor-image-box-wrapper\"><figure class=\"elementor-image-box-img\"><a href=\"https:\/\/apollolanguagecentre.com\/\" tabindex=\"-1\" target=\"_blank\" rel=\"noopener\"><img decoding=\"async\" width=\"400\" height=\"400\" src=\"https:\/\/amesgroup.com.au\/wp-content\/uploads\/2025\/02\/Apollo-Language-Centre.png\" class=\"attachment-full size-full wp-image-727\" alt=\"\" srcset=\"https:\/\/amesgroup.com.au\/wp-content\/uploads\/2025\/02\/Apollo-Language-Centre.png 400w, https:\/\/amesgroup.com.au\/wp-content\/uploads\/2025\/02\/Apollo-Language-Centre-300x300.png 300w, https:\/\/amesgroup.com.au\/wp-content\/uploads\/2025\/02\/Apollo-Language-Centre-150x150.png 150w\" sizes=\"(max-width: 400px) 100vw, 400px\" title=\"\"><\/a><\/figure><div class=\"elementor-image-box-content\"><h3 class=\"elementor-image-box-title\"><a href=\"https:\/\/apollolanguagecentre.com\/\" target=\"_blank\" rel=\"noopener\">Apollo keelekeskus<\/a><\/h3><p class=\"elementor-image-box-description\">Apollo Language Centre, auhinnatud Iiri kool, pakub d\u00fcnaamilisi inglise keele programme juunioridele ja t\u00e4iskasvanutele Dublinis, Corkis ja Limerickis. Steven O&#039;Dwyeri ja Aoife Governi asutatud Apollo r\u00f5hutab ainulaadseid v\u00e4ljakuomadusi ja unustamatuid elamusi. Kesksel kohal Grafton Streeti ja St. Stephen&#039;s Greeni l\u00e4hedal asuvas Dublini koolis on hiljuti renoveeritud rajatised, kus on 15 kaasaegset klassiruumi, avar kohvik, \u00f5ppealad ja m\u00e4nguala. See elav keskkond soodustab t\u00f5husat \u00f5ppimist ja nauditavaid sotsiaalseid kogemusi.<\/p><\/div><\/div>\t\t\t\t<\/div>\n\t\t\t\t<\/div>\n\t\t\t\t<div class=\"elementor-element elementor-element-5e9833ed elementor-position-left elementor-vertical-align-middle elementor-widget elementor-widget-image-box\" data-id=\"5e9833ed\" data-element_type=\"widget\" data-widget_type=\"image-box.default\">\n\t\t\t\t<div class=\"elementor-widget-container\">\n\t\t\t\t\t<div class=\"elementor-image-box-wrapper\"><figure class=\"elementor-image-box-img\"><a href=\"https:\/\/ulearnschool.com\/\" tabindex=\"-1\" target=\"_blank\" rel=\"noopener\"><img loading=\"lazy\" decoding=\"async\" width=\"400\" height=\"400\" src=\"https:\/\/amesgroup.com.au\/wp-content\/uploads\/2025\/02\/Ulearn-English-School.png\" class=\"attachment-full size-full wp-image-733\" alt=\"\" srcset=\"https:\/\/amesgroup.com.au\/wp-content\/uploads\/2025\/02\/Ulearn-English-School.png 400w, https:\/\/amesgroup.com.au\/wp-content\/uploads\/2025\/02\/Ulearn-English-School-300x300.png 300w, https:\/\/amesgroup.com.au\/wp-content\/uploads\/2025\/02\/Ulearn-English-School-150x150.png 150w\" sizes=\"(max-width: 400px) 100vw, 400px\" title=\"\"><\/a><\/figure><div class=\"elementor-image-box-content\"><h3 class=\"elementor-image-box-title\"><a href=\"https:\/\/ulearnschool.com\/\" target=\"_blank\" rel=\"noopener\">Ulearni inglise kool<\/a><\/h3><p class=\"elementor-image-box-description\">1988. aastal asutatud ULearn on juhendanud rahvusvahelisi \u00fcli\u00f5pilasi nende iiri keele teekonnal juba \u00fcle kolme aastak\u00fcmne. Oleme n\u00e4inud, kuidas lugematu arv \u00fcli\u00f5pilasi on nii akadeemiliselt kui ka isiklikult arenenud, kogedes samal ajal elavat Dublini elustiili. Iirimaa \u00fche juhtiva inglise keele koolina on meie missioon endiselt vankumatu: anda \u00f5pilastele v\u00f5imalus avada oma t\u00e4ielik keelepotentsiaal, nautides samal ajal Dublini ainulaadset kultuurik\u00fcmblust. ULearnis peame esmat\u00e4htsaks erakordset \u00f5petamist, kvaliteetset majutust ja d\u00fcnaamilist sotsiaalprogrammi, mis tagab t\u00f5eliselt rikastava ja unustamatu kogemuse.<\/p><\/div><\/div>\t\t\t\t<\/div>\n\t\t\t\t<\/div>\n\t\t\t\t\t<\/div>\n\t\t<\/div>\n\t\t\t\t\t<\/div>\n\t\t<\/section>\n\t\t\t\t\t<\/div>\n\t\t<\/div>\n\t\t\t\t\t<\/div>\n\t\t<\/section>\n\t\t\t\t<section class=\"elementor-section elementor-top-section elementor-element elementor-element-54820389 elementor-section-height-min-height elementor-section-items-stretch elementor-section-boxed elementor-section-height-default\" data-id=\"54820389\" data-element_type=\"section\" data-settings=\"{&quot;background_background&quot;:&quot;classic&quot;,&quot;_ha_eqh_enable&quot;:false}\">\n\t\t\t\t\t\t\t<div class=\"elementor-background-overlay\"><\/div>\n\t\t\t\t\t\t\t<div class=\"elementor-container elementor-column-gap-default\">\n\t\t\t\t\t<div class=\"elementor-column elementor-col-100 elementor-top-column elementor-element elementor-element-18650da\" data-id=\"18650da\" data-element_type=\"column\">\n\t\t\t<div class=\"elementor-widget-wrap elementor-element-populated\">\n\t\t\t\t\t\t<div class=\"elementor-element elementor-element-8dcbedf elementor-widget elementor-widget-heading\" data-id=\"8dcbedf\" data-element_type=\"widget\" data-widget_type=\"heading.default\">\n\t\t\t\t<div class=\"elementor-widget-container\">\n\t\t\t\t\t<h2 class=\"elementor-heading-title elementor-size-default\">Cross The Bridge To Your Dreams<\/h2>\t\t\t\t<\/div>\n\t\t\t\t<\/div>\n\t\t\t\t<div class=\"elementor-element elementor-element-b7c9e2f elementor-widget elementor-widget-heading\" data-id=\"b7c9e2f\" data-element_type=\"widget\" data-widget_type=\"heading.default\">\n\t\t\t\t<div class=\"elementor-widget-container\">\n\t\t\t\t\t<h2 class=\"elementor-heading-title elementor-size-default\">Contact Us Today For A Free Consultation<\/h2>\t\t\t\t<\/div>\n\t\t\t\t<\/div>\n\t\t\t\t<div class=\"elementor-element elementor-element-93eb82d elementor-align-center elementor-tablet-align-center elementor-invisible elementor-widget elementor-widget-button\" data-id=\"93eb82d\" data-element_type=\"widget\" data-settings=\"{&quot;_animation&quot;:&quot;fadeInUp&quot;}\" data-widget_type=\"button.default\">\n\t\t\t\t<div class=\"elementor-widget-container\">\n\t\t\t\t\t\t\t\t\t<div class=\"elementor-button-wrapper\">\n\t\t\t\t\t<a class=\"elementor-button elementor-button-link elementor-size-sm elementor-animation-grow\" href=\"https:\/\/amesgroup.com.au\/et\/book-appointment\/\" target=\"_blank\">\n\t\t\t\t\t\t<span class=\"elementor-button-content-wrapper\">\n\t\t\t\t\t\t<span class=\"elementor-button-icon\">\n\t\t\t\t<svg aria-hidden=\"true\" class=\"e-font-icon-svg e-far-bookmark\" viewbox=\"0 0 384 512\" xmlns=\"http:\/\/www.w3.org\/2000\/svg\"><path d=\"M336 0H48C21.49 0 0 21.49 0 48v464l192-112 192 112V48c0-26.51-21.49-48-48-48zm0 428.43l-144-84-144 84V54a6 6 0 0 1 6-6h276c3.314 0 6 2.683 6 5.996V428.43z\"><\/path><\/svg>\t\t\t<\/span>\n\t\t\t\t\t\t\t\t\t<span class=\"elementor-button-text\">Broneerige aeg<\/span>\n\t\t\t\t\t<\/span>\n\t\t\t\t\t<\/a>\n\t\t\t\t<\/div>\n\t\t\t\t\t\t\t\t<\/div>\n\t\t\t\t<\/div>\n\t\t\t\t\t<\/div>\n\t\t<\/div>\n\t\t\t\t\t<\/div>\n\t\t<\/section>\n\t\t\t\t<\/div>","protected":false},"excerpt":{"rendered":"<p>Ireland Experience the Emerald Isle Study &amp; Work in Ireland Why Study in Ireland? Discover the vibrant academic landscape of Ireland, a land renowned for its rich history, stunning scenery, and warm hospitality. World-Class Education: Ireland boasts a world-class education system with internationally recognized universities and institutes of technology. English-Speaking Environment: As an English-speaking country, [&hellip;]<\/p>","protected":false},"author":1,"featured_media":0,"parent":0,"menu_order":0,"comment_status":"closed","ping_status":"closed","template":"","meta":{"_eb_attr":"","content-type":"","footnotes":""},"class_list":["post-719","page","type-page","status-publish","hentry"],"_links":{"self":[{"href":"https:\/\/amesgroup.com.au\/et\/wp-json\/wp\/v2\/pages\/719","targetHints":{"allow":["GET"]}}],"collection":[{"href":"https:\/\/amesgroup.com.au\/et\/wp-json\/wp\/v2\/pages"}],"about":[{"href":"https:\/\/amesgroup.com.au\/et\/wp-json\/wp\/v2\/types\/page"}],"author":[{"embeddable":true,"href":"https:\/\/amesgroup.com.au\/et\/wp-json\/wp\/v2\/users\/1"}],"replies":[{"embeddable":true,"href":"https:\/\/amesgroup.com.au\/et\/wp-json\/wp\/v2\/comments?post=719"}],"version-history":[{"count":41,"href":"https:\/\/amesgroup.com.au\/et\/wp-json\/wp\/v2\/pages\/719\/revisions"}],"predecessor-version":[{"id":28159,"href":"https:\/\/amesgroup.com.au\/et\/wp-json\/wp\/v2\/pages\/719\/revisions\/28159"}],"wp:attachment":[{"href":"https:\/\/amesgroup.com.au\/et\/wp-json\/wp\/v2\/media?parent=719"}],"curies":[{"name":"t\u00f6\u00f6leht","href":"https:\/\/api.w.org\/{rel}","templated":true}]}}