{"id":689,"date":"2025-02-12T10:49:59","date_gmt":"2025-02-12T10:49:59","guid":{"rendered":"https:\/\/amesgroup.com.au\/?page_id=689"},"modified":"2025-12-17T16:09:04","modified_gmt":"2025-12-17T05:09:04","slug":"germany","status":"publish","type":"page","link":"https:\/\/amesgroup.com.au\/de\/germany\/","title":{"rendered":"Deutschland"},"content":{"rendered":"<div data-elementor-type=\"wp-page\" data-elementor-id=\"689\" class=\"elementor elementor-689\" data-elementor-settings=\"{&quot;ha_cmc_init_switcher&quot;:&quot;no&quot;}\" data-elementor-post-type=\"page\">\n\t\t\t\t\t\t<section class=\"elementor-section elementor-top-section elementor-element elementor-element-6fb22889 elementor-section-height-min-height elementor-section-boxed elementor-section-height-default elementor-section-items-middle elementor-invisible\" data-id=\"6fb22889\" data-element_type=\"section\" data-settings=\"{&quot;background_background&quot;:&quot;classic&quot;,&quot;animation&quot;:&quot;fadeIn&quot;,&quot;animation_delay&quot;:300,&quot;_ha_eqh_enable&quot;:false}\">\n\t\t\t\t\t\t<div class=\"elementor-container elementor-column-gap-default\">\n\t\t\t\t\t<div class=\"elementor-column elementor-col-100 elementor-top-column elementor-element elementor-element-1c4f477b\" data-id=\"1c4f477b\" data-element_type=\"column\" data-settings=\"{&quot;background_background&quot;:&quot;classic&quot;}\">\n\t\t\t<div class=\"elementor-widget-wrap elementor-element-populated\">\n\t\t\t\t\t\t<div class=\"elementor-element elementor-element-7de0a11f elementor-widget__width-initial elementor-invisible elementor-widget elementor-widget-heading\" data-id=\"7de0a11f\" data-element_type=\"widget\" data-settings=\"{&quot;_animation&quot;:&quot;fadeInUp&quot;,&quot;_animation_delay&quot;:400}\" data-widget_type=\"heading.default\">\n\t\t\t\t<div class=\"elementor-widget-container\">\n\t\t\t\t\t<h1 class=\"elementor-heading-title elementor-size-default\">Deutschland<\/h1>\t\t\t\t<\/div>\n\t\t\t\t<\/div>\n\t\t\t\t<div class=\"elementor-element elementor-element-72c9ac3c ha-has-bg-overlay elementor-invisible elementor-widget elementor-widget-heading\" data-id=\"72c9ac3c\" data-element_type=\"widget\" data-settings=\"{&quot;_animation&quot;:&quot;fadeInUp&quot;,&quot;_animation_delay&quot;:400}\" data-widget_type=\"heading.default\">\n\t\t\t\t<div class=\"elementor-widget-container\">\n\t\t\t\t\t<h1 class=\"elementor-heading-title elementor-size-default\">Investieren Sie in Ihre Zukunft: Hochwertige Ausbildung und Karrierechancen<\/h1>\t\t\t\t<\/div>\n\t\t\t\t<\/div>\n\t\t\t\t\t<\/div>\n\t\t<\/div>\n\t\t\t\t\t<\/div>\n\t\t<\/section>\n\t\t\t\t<section class=\"elementor-section elementor-top-section elementor-element elementor-element-49531c00 elementor-section-boxed elementor-section-height-default elementor-section-height-default\" data-id=\"49531c00\" data-element_type=\"section\" data-settings=\"{&quot;_ha_eqh_enable&quot;:false}\">\n\t\t\t\t\t\t<div class=\"elementor-container elementor-column-gap-default\">\n\t\t\t\t\t<div class=\"elementor-column elementor-col-100 elementor-top-column elementor-element elementor-element-429bb5d1 elementor-invisible\" data-id=\"429bb5d1\" data-element_type=\"column\" data-settings=\"{&quot;animation&quot;:&quot;fadeIn&quot;}\">\n\t\t\t<div class=\"elementor-widget-wrap elementor-element-populated\">\n\t\t\t\t\t\t<div class=\"elementor-element elementor-element-5aa09655 elementor-widget elementor-widget-heading\" data-id=\"5aa09655\" data-element_type=\"widget\" data-widget_type=\"heading.default\">\n\t\t\t\t<div class=\"elementor-widget-container\">\n\t\t\t\t\t<h2 class=\"elementor-heading-title elementor-size-xl\">Warum sollten Sie Deutschland f\u00fcr Ihr Auslandsstudium w\u00e4hlen?<\/h2>\t\t\t\t<\/div>\n\t\t\t\t<\/div>\n\t\t\t\t<div class=\"elementor-element elementor-element-51b0b836 elementor-widget__width-auto elementor-absolute elementor-hidden-mobile elementor-invisible elementor-widget elementor-widget-image\" data-id=\"51b0b836\" data-element_type=\"widget\" data-settings=\"{&quot;_animation&quot;:&quot;bounceIn&quot;,&quot;_animation_delay&quot;:600,&quot;_position&quot;:&quot;absolute&quot;}\" data-widget_type=\"image.default\">\n\t\t\t\t<div class=\"elementor-widget-container\">\n\t\t\t\t\t\t\t\t\t\t\t\t\t\t\t<img decoding=\"async\" src=\"https:\/\/amesgroup.com.au\/wp-content\/uploads\/elementor\/thumbs\/group-happy-young-women-standing-row-scaled-r2dui25hbjhb0rhxwa7efrmrg1goqxgys5qdbqv330.jpg\" title=\"Gruppe gl\u00fccklicher junger Frauen, die in einer Reihe stehen.\" alt=\"Group of happy multi-ethnic young women standing in a row. Selected focus.\" loading=\"lazy\" \/>\t\t\t\t\t\t\t\t\t\t\t\t\t\t\t<\/div>\n\t\t\t\t<\/div>\n\t\t\t\t<div class=\"elementor-element elementor-element-1cdbab6c elementor-widget__width-auto elementor-absolute elementor-hidden-mobile elementor-invisible elementor-widget elementor-widget-image\" data-id=\"1cdbab6c\" data-element_type=\"widget\" data-settings=\"{&quot;_animation&quot;:&quot;bounceIn&quot;,&quot;_animation_delay&quot;:600,&quot;_position&quot;:&quot;absolute&quot;}\" data-widget_type=\"image.default\">\n\t\t\t\t<div class=\"elementor-widget-container\">\n\t\t\t\t\t\t\t\t\t\t\t\t\t\t\t<img decoding=\"async\" src=\"https:\/\/amesgroup.com.au\/wp-content\/uploads\/elementor\/thumbs\/group-four-indian-teen-male-students-classmates-spend-time-together-scaled-r2dv5wc4na43gqvdp35s692lstysyl3we5cohdina4.jpg\" title=\"Gruppe von vier indischen Teenagern m\u00e4nnliche Studenten. Klassenkameraden verbringen Zeit t\" alt=\"Group of four indian teen male students. Classmates spend time together.\" loading=\"lazy\" \/>\t\t\t\t\t\t\t\t\t\t\t\t\t\t\t<\/div>\n\t\t\t\t<\/div>\n\t\t\t\t<div class=\"elementor-element elementor-element-72eb9578 elementor-widget__width-auto elementor-absolute elementor-hidden-mobile elementor-invisible elementor-widget elementor-widget-image\" data-id=\"72eb9578\" data-element_type=\"widget\" data-settings=\"{&quot;_animation&quot;:&quot;bounceIn&quot;,&quot;_animation_delay&quot;:600,&quot;_position&quot;:&quot;absolute&quot;}\" data-widget_type=\"image.default\">\n\t\t\t\t<div class=\"elementor-widget-container\">\n\t\t\t\t\t\t\t\t\t\t\t\t\t\t\t<img decoding=\"async\" src=\"https:\/\/amesgroup.com.au\/wp-content\/uploads\/elementor\/thumbs\/young-woman-man-with-fun-hair-colors-scaled-r2dv6cbcrzt6hwvt4rady62wyrzksuz6tqba3tfgbc.jpg\" title=\"junge Frau-Mann-mit-lustigen-Haarfarben\" alt=\"young-woman-man-with-fun-hair-colors\" loading=\"lazy\" \/>\t\t\t\t\t\t\t\t\t\t\t\t\t\t\t<\/div>\n\t\t\t\t<\/div>\n\t\t\t\t<div class=\"elementor-element elementor-element-4a84ef8c elementor-widget__width-auto elementor-absolute elementor-hidden-mobile elementor-invisible elementor-widget elementor-widget-image\" data-id=\"4a84ef8c\" data-element_type=\"widget\" data-settings=\"{&quot;_animation&quot;:&quot;bounceIn&quot;,&quot;_animation_delay&quot;:600,&quot;_position&quot;:&quot;absolute&quot;}\" data-widget_type=\"image.default\">\n\t\t\t\t<div class=\"elementor-widget-container\">\n\t\t\t\t\t\t\t\t\t\t\t\t\t\t\t<img decoding=\"async\" src=\"https:\/\/amesgroup.com.au\/wp-content\/uploads\/elementor\/thumbs\/angelina-litvin-39774-unsplash-r0r8e5b5k9gih7lvp845fqo96cywrpr6lg2h1fz868.jpg\" title=\"angelina-litvin-39774-unsplash.jpg\" alt=\"angelina-litvin-39774-unsplash.jpg\" loading=\"lazy\" \/>\t\t\t\t\t\t\t\t\t\t\t\t\t\t\t<\/div>\n\t\t\t\t<\/div>\n\t\t\t\t<div class=\"elementor-element elementor-element-1a9bfcc2 elementor-widget elementor-widget-text-editor\" data-id=\"1a9bfcc2\" data-element_type=\"widget\" data-widget_type=\"text-editor.default\">\n\t\t\t\t<div class=\"elementor-widget-container\">\n\t\t\t\t\t\t\t\t\t<ul><li data-sourcepos=\"9:1-9:228\"><strong>Weltklasse-Bildung:<\/strong> Deutsche Universit\u00e4ten sind weltweit f\u00fcr ihre akademische Exzellenz, ihre intensive Forschung und ihre hochmoderne Ausstattung bekannt. Viele Hochschulen belegen Spitzenpl\u00e4tze in internationalen Hochschulvergleichen.<\/li><li data-sourcepos=\"10:1-10:222\"><strong>Erschwingliche Studiengeb\u00fchren:<\/strong> Deutschland bietet einen gro\u00dfen Vorteil: Viele staatliche Universit\u00e4ten erheben keine Studiengeb\u00fchren, auch nicht f\u00fcr internationale Studierende. Dadurch wird ein Hochschulstudium deutlich leichter zug\u00e4nglich.<\/li><li data-sourcepos=\"11:1-11:174\"><strong>Hohe Lebensqualit\u00e4t:<\/strong> Deutschland ist f\u00fcr seinen hohen Lebensstandard mit hervorragender Infrastruktur, effizienten \u00f6ffentlichen Verkehrsmitteln und einem starken sozialen Sicherheitsnetz bekannt.<\/li><li data-sourcepos=\"12:1-12:206\"><strong>Forschungsm\u00f6glichkeiten:<\/strong> Deutschland ist ein Zentrum f\u00fcr Forschung und Entwicklung und bietet Studierenden zahlreiche M\u00f6glichkeiten, sich an hochmodernen Forschungsprojekten zu beteiligen und mit f\u00fchrenden Wissenschaftlern zusammenzuarbeiten.<\/li><li data-sourcepos=\"13:1-13:217\"><strong>Starke Wirtschaft:<\/strong> Deutschland verf\u00fcgt \u00fcber eine starke Wirtschaft mit einem hohen Bedarf an Fachkr\u00e4ften. Dies bietet internationalen Absolventen, die nach ihrem Studium in Deutschland arbeiten m\u00f6chten, hervorragende Karrierechancen.<\/li><li data-sourcepos=\"14:1-14:255\"><strong>Kulturelles Eintauchen:<\/strong> Deutschland bietet ein reichhaltiges kulturelles Erlebnis mit pulsierenden St\u00e4dten, historischen Sehensw\u00fcrdigkeiten und einer vielf\u00e4ltigen Gesellschaft. Studierende k\u00f6nnen in die deutsche Kultur eintauchen, neue Perspektiven entdecken und wertvolle internationale Netzwerke aufbauen.<\/li><li data-sourcepos=\"15:1-16:0\"><strong>Visa-M\u00f6glichkeiten:<\/strong> Deutschland bietet internationalen Studierenden verschiedene Visaoptionen, darunter Studentenvisa, Arbeitsvisa und Arbeitserlaubnisse nach dem Studium, die es ihnen erleichtern, sowohl akademische als auch berufliche Ziele im Land zu verfolgen.<\/li><\/ul>\t\t\t\t\t\t\t\t<\/div>\n\t\t\t\t<\/div>\n\t\t\t\t\t<\/div>\n\t\t<\/div>\n\t\t\t\t\t<\/div>\n\t\t<\/section>\n\t\t\t\t<header class=\"elementor-section elementor-top-section elementor-element elementor-element-47d1d26a elementor-section-height-min-height elementor-section-full_width elementor-section-height-default elementor-section-items-middle\" data-id=\"47d1d26a\" data-element_type=\"section\" data-settings=\"{&quot;background_background&quot;:&quot;classic&quot;,&quot;_ha_eqh_enable&quot;:false}\">\n\t\t\t\t\t\t\t<div class=\"elementor-background-overlay\"><\/div>\n\t\t\t\t\t\t\t<div class=\"elementor-container elementor-column-gap-default\">\n\t\t\t\t\t<div class=\"elementor-column elementor-col-100 elementor-top-column elementor-element elementor-element-6606d12e\" data-id=\"6606d12e\" data-element_type=\"column\">\n\t\t\t<div class=\"elementor-widget-wrap elementor-element-populated\">\n\t\t\t\t\t\t<div class=\"elementor-element elementor-element-4669ee34 elementor-invisible elementor-widget elementor-widget-heading\" data-id=\"4669ee34\" data-element_type=\"widget\" data-settings=\"{&quot;_animation&quot;:&quot;fadeInDown&quot;}\" data-widget_type=\"heading.default\">\n\t\t\t\t<div class=\"elementor-widget-container\">\n\t\t\t\t\t<h1 class=\"elementor-heading-title elementor-size-default\">Unsere Partner<\/h1>\t\t\t\t<\/div>\n\t\t\t\t<\/div>\n\t\t\t\t\t<\/div>\n\t\t<\/div>\n\t\t\t\t\t<\/div>\n\t\t<\/header>\n\t\t\t\t<section class=\"elementor-section elementor-top-section elementor-element elementor-element-665da245 elementor-section-full_width elementor-section-height-default elementor-section-height-default\" data-id=\"665da245\" data-element_type=\"section\" data-settings=\"{&quot;background_background&quot;:&quot;classic&quot;,&quot;_ha_eqh_enable&quot;:false}\">\n\t\t\t\t\t\t<div class=\"elementor-container elementor-column-gap-default\">\n\t\t\t\t\t<div class=\"elementor-column elementor-col-100 elementor-top-column elementor-element elementor-element-67d0253d\" data-id=\"67d0253d\" data-element_type=\"column\">\n\t\t\t<div class=\"elementor-widget-wrap elementor-element-populated\">\n\t\t\t\t\t\t<section class=\"elementor-section elementor-inner-section elementor-element elementor-element-2338feb9 elementor-reverse-mobile elementor-section-boxed elementor-section-height-default elementor-section-height-default\" data-id=\"2338feb9\" data-element_type=\"section\" data-settings=\"{&quot;_ha_eqh_enable&quot;:false}\">\n\t\t\t\t\t\t<div class=\"elementor-container elementor-column-gap-default\">\n\t\t\t\t\t<div class=\"elementor-column elementor-col-100 elementor-inner-column elementor-element elementor-element-25af0c46\" data-id=\"25af0c46\" data-element_type=\"column\">\n\t\t\t<div class=\"elementor-widget-wrap elementor-element-populated\">\n\t\t\t\t\t\t<div class=\"elementor-element elementor-element-2ffcd0ab elementor-widget elementor-widget-heading\" data-id=\"2ffcd0ab\" data-element_type=\"widget\" data-widget_type=\"heading.default\">\n\t\t\t\t<div class=\"elementor-widget-container\">\n\t\t\t\t\t<h2 class=\"elementor-heading-title elementor-size-default\">Unsere Partner &amp; Kunden<\/h2>\t\t\t\t<\/div>\n\t\t\t\t<\/div>\n\t\t\t\t<div class=\"elementor-element elementor-element-6906a685 elementor-widget-divider--view-line elementor-widget elementor-widget-divider\" data-id=\"6906a685\" data-element_type=\"widget\" data-widget_type=\"divider.default\">\n\t\t\t\t<div class=\"elementor-widget-container\">\n\t\t\t\t\t\t\t<div class=\"elementor-divider\">\n\t\t\t<span class=\"elementor-divider-separator\">\n\t\t\t\t\t\t<\/span>\n\t\t<\/div>\n\t\t\t\t\t\t<\/div>\n\t\t\t\t<\/div>\n\t\t\t\t<div class=\"elementor-element elementor-element-2a4d73f8 elementor-widget elementor-widget-text-editor\" data-id=\"2a4d73f8\" data-element_type=\"widget\" data-widget_type=\"text-editor.default\">\n\t\t\t\t<div class=\"elementor-widget-container\">\n\t\t\t\t\t\t\t\t\t<p>Wir empfehlen Studieninteressierten, die ein Studium in Deutschland anstreben, dringend, unsere Partnerhochschulen zu besuchen. Diese wertvolle Erfahrung erm\u00f6glicht Ihnen den direkten Austausch mit Dozierenden, das pulsierende Campusleben und die einzigartige Lernumgebung, die jede deutsche Hochschule bietet. Bei einem Besuch k\u00f6nnen Sie gezielte Fragen stellen, Ihre akademischen Ziele besprechen und die beste Ausbildung f\u00fcr Ihre individuellen Bed\u00fcrfnisse und W\u00fcnsche im deutschen Hochschulsystem finden.<\/p>\t\t\t\t\t\t\t\t<\/div>\n\t\t\t\t<\/div>\n\t\t\t\t<div class=\"elementor-element elementor-element-1686380e elementor-position-left elementor-vertical-align-middle elementor-widget elementor-widget-image-box\" data-id=\"1686380e\" data-element_type=\"widget\" data-widget_type=\"image-box.default\">\n\t\t\t\t<div class=\"elementor-widget-container\">\n\t\t\t\t\t<div class=\"elementor-image-box-wrapper\"><figure class=\"elementor-image-box-img\"><a href=\"https:\/\/www.schiller.edu\/campuses\/heidelberg\/\" tabindex=\"-1\" target=\"_blank\" rel=\"noopener\"><img fetchpriority=\"high\" decoding=\"async\" width=\"394\" height=\"156\" src=\"https:\/\/amesgroup.com.au\/wp-content\/uploads\/2025\/02\/Schiller-International-University-France-Logo.png\" class=\"attachment-full size-full wp-image-622\" alt=\"\" srcset=\"https:\/\/amesgroup.com.au\/wp-content\/uploads\/2025\/02\/Schiller-International-University-France-Logo.png 394w, https:\/\/amesgroup.com.au\/wp-content\/uploads\/2025\/02\/Schiller-International-University-France-Logo-300x119.png 300w\" sizes=\"(max-width: 394px) 100vw, 394px\" title=\"\"><\/a><\/figure><div class=\"elementor-image-box-content\"><h3 class=\"elementor-image-box-title\"><a href=\"https:\/\/www.schiller.edu\/campuses\/heidelberg\/\" target=\"_blank\" rel=\"noopener\">Schiller International University<\/a><\/h3><p class=\"elementor-image-box-description\">Seit \u00fcber sechzig Jahren ist die Schiller International University f\u00fchrend in der globalen Bildung. 1964 von Dr. Walter Leibrecht als Auslandsstudienprogramm in Westdeutschland gegr\u00fcndet, leistete Schiller Pionierarbeit bei der Integration des amerikanischen Lernmodells mit internationaler Erfahrung.<\/p><\/div><\/div>\t\t\t\t<\/div>\n\t\t\t\t<\/div>\n\t\t\t\t<div class=\"elementor-element elementor-element-cd5ade0 elementor-position-left elementor-vertical-align-middle elementor-widget elementor-widget-image-box\" data-id=\"cd5ade0\" data-element_type=\"widget\" data-widget_type=\"image-box.default\">\n\t\t\t\t<div class=\"elementor-widget-container\">\n\t\t\t\t\t<div class=\"elementor-image-box-wrapper\"><figure class=\"elementor-image-box-img\"><a href=\"https:\/\/www.mediadesign.de\/\" tabindex=\"-1\" target=\"_blank\" rel=\"noopener\"><img decoding=\"async\" width=\"400\" height=\"400\" src=\"https:\/\/amesgroup.com.au\/wp-content\/uploads\/2025\/02\/MDH-MEDIA-DESIGN-UNIVERSITY-OF-APPLIED-SCIENCES.png\" class=\"attachment-full size-full wp-image-698\" alt=\"\" srcset=\"https:\/\/amesgroup.com.au\/wp-content\/uploads\/2025\/02\/MDH-MEDIA-DESIGN-UNIVERSITY-OF-APPLIED-SCIENCES.png 400w, https:\/\/amesgroup.com.au\/wp-content\/uploads\/2025\/02\/MDH-MEDIA-DESIGN-UNIVERSITY-OF-APPLIED-SCIENCES-300x300.png 300w, https:\/\/amesgroup.com.au\/wp-content\/uploads\/2025\/02\/MDH-MEDIA-DESIGN-UNIVERSITY-OF-APPLIED-SCIENCES-150x150.png 150w\" sizes=\"(max-width: 400px) 100vw, 400px\" title=\"\"><\/a><\/figure><div class=\"elementor-image-box-content\"><h3 class=\"elementor-image-box-title\"><a href=\"https:\/\/www.mediadesign.de\/\" target=\"_blank\" rel=\"noopener\">MDH Fachhochschule Mediendesign<\/a><\/h3><p class=\"elementor-image-box-description\">Angehende Designer und Medienschaffende: Ihre Zukunft beginnt hier. Mit \u00fcber 35 Jahren Erfahrung begleiten wir talentierte Menschen in die dynamische Welt des Designs und der Medien. Wir sind im Herzen dieser spannenden Branche angesiedelt, in den Kreativzentren Berlin, D\u00fcsseldorf und M\u00fcnchen, wo Wirtschaft, Medien und Design zusammentreffen.<\/p><\/div><\/div>\t\t\t\t<\/div>\n\t\t\t\t<\/div>\n\t\t\t\t\t<\/div>\n\t\t<\/div>\n\t\t\t\t\t<\/div>\n\t\t<\/section>\n\t\t\t\t\t<\/div>\n\t\t<\/div>\n\t\t\t\t\t<\/div>\n\t\t<\/section>\n\t\t\t\t<section class=\"elementor-section elementor-top-section elementor-element elementor-element-a4f63c9 elementor-section-height-min-height elementor-section-items-stretch elementor-section-boxed elementor-section-height-default\" data-id=\"a4f63c9\" data-element_type=\"section\" data-settings=\"{&quot;background_background&quot;:&quot;classic&quot;,&quot;_ha_eqh_enable&quot;:false}\">\n\t\t\t\t\t\t\t<div class=\"elementor-background-overlay\"><\/div>\n\t\t\t\t\t\t\t<div class=\"elementor-container elementor-column-gap-default\">\n\t\t\t\t\t<div class=\"elementor-column elementor-col-100 elementor-top-column elementor-element elementor-element-9f661c1\" data-id=\"9f661c1\" data-element_type=\"column\">\n\t\t\t<div class=\"elementor-widget-wrap elementor-element-populated\">\n\t\t\t\t\t\t<div class=\"elementor-element elementor-element-2b3a0f3 elementor-widget elementor-widget-heading\" data-id=\"2b3a0f3\" data-element_type=\"widget\" data-widget_type=\"heading.default\">\n\t\t\t\t<div class=\"elementor-widget-container\">\n\t\t\t\t\t<h2 class=\"elementor-heading-title elementor-size-default\">Cross The Bridge To Your Dreams<\/h2>\t\t\t\t<\/div>\n\t\t\t\t<\/div>\n\t\t\t\t<div class=\"elementor-element elementor-element-6c86c10 elementor-widget elementor-widget-heading\" data-id=\"6c86c10\" data-element_type=\"widget\" data-widget_type=\"heading.default\">\n\t\t\t\t<div class=\"elementor-widget-container\">\n\t\t\t\t\t<h2 class=\"elementor-heading-title elementor-size-default\">Contact Us Today For A Free Consultation<\/h2>\t\t\t\t<\/div>\n\t\t\t\t<\/div>\n\t\t\t\t<div class=\"elementor-element elementor-element-259c1e6 elementor-align-center elementor-tablet-align-center elementor-invisible elementor-widget elementor-widget-button\" data-id=\"259c1e6\" data-element_type=\"widget\" data-settings=\"{&quot;_animation&quot;:&quot;fadeInUp&quot;}\" data-widget_type=\"button.default\">\n\t\t\t\t<div class=\"elementor-widget-container\">\n\t\t\t\t\t\t\t\t\t<div class=\"elementor-button-wrapper\">\n\t\t\t\t\t<a class=\"elementor-button elementor-button-link elementor-size-sm elementor-animation-grow\" href=\"https:\/\/amesgroup.com.au\/de\/book-appointment\/\" target=\"_blank\">\n\t\t\t\t\t\t<span class=\"elementor-button-content-wrapper\">\n\t\t\t\t\t\t<span class=\"elementor-button-icon\">\n\t\t\t\t<svg aria-hidden=\"true\" class=\"e-font-icon-svg e-far-bookmark\" viewbox=\"0 0 384 512\" xmlns=\"http:\/\/www.w3.org\/2000\/svg\"><path d=\"M336 0H48C21.49 0 0 21.49 0 48v464l192-112 192 112V48c0-26.51-21.49-48-48-48zm0 428.43l-144-84-144 84V54a6 6 0 0 1 6-6h276c3.314 0 6 2.683 6 5.996V428.43z\"><\/path><\/svg>\t\t\t<\/span>\n\t\t\t\t\t\t\t\t\t<span class=\"elementor-button-text\">Buchen Sie Ihren Termin<\/span>\n\t\t\t\t\t<\/span>\n\t\t\t\t\t<\/a>\n\t\t\t\t<\/div>\n\t\t\t\t\t\t\t\t<\/div>\n\t\t\t\t<\/div>\n\t\t\t\t\t<\/div>\n\t\t<\/div>\n\t\t\t\t\t<\/div>\n\t\t<\/section>\n\t\t\t\t<\/div>","protected":false},"excerpt":{"rendered":"<p>Germany Invest in Your Future: Quality Education and Career Opportunities Why Choose Germany for Your Overseas Studies? World-Class Education: German universities are renowned globally for their academic excellence, rigorous research, and cutting-edge facilities. Many institutions boast top rankings in international university comparisons. Affordable Tuition: Germany offers a significant advantage with many public universities charging no [&hellip;]<\/p>","protected":false},"author":1,"featured_media":0,"parent":0,"menu_order":0,"comment_status":"closed","ping_status":"closed","template":"","meta":{"_eb_attr":"","content-type":"","footnotes":""},"class_list":["post-689","page","type-page","status-publish","hentry"],"_links":{"self":[{"href":"https:\/\/amesgroup.com.au\/de\/wp-json\/wp\/v2\/pages\/689","targetHints":{"allow":["GET"]}}],"collection":[{"href":"https:\/\/amesgroup.com.au\/de\/wp-json\/wp\/v2\/pages"}],"about":[{"href":"https:\/\/amesgroup.com.au\/de\/wp-json\/wp\/v2\/types\/page"}],"author":[{"embeddable":true,"href":"https:\/\/amesgroup.com.au\/de\/wp-json\/wp\/v2\/users\/1"}],"replies":[{"embeddable":true,"href":"https:\/\/amesgroup.com.au\/de\/wp-json\/wp\/v2\/comments?post=689"}],"version-history":[{"count":45,"href":"https:\/\/amesgroup.com.au\/de\/wp-json\/wp\/v2\/pages\/689\/revisions"}],"predecessor-version":[{"id":28152,"href":"https:\/\/amesgroup.com.au\/de\/wp-json\/wp\/v2\/pages\/689\/revisions\/28152"}],"wp:attachment":[{"href":"https:\/\/amesgroup.com.au\/de\/wp-json\/wp\/v2\/media?parent=689"}],"curies":[{"name":"wp","href":"https:\/\/api.w.org\/{rel}","templated":true}]}}